{"id":26683,"date":"2024-03-29T13:09:26","date_gmt":"2024-03-29T11:09:26","guid":{"rendered":"https:\/\/www.vempele.fi\/?post_type=product&#038;p=26683"},"modified":"2026-03-25T15:04:44","modified_gmt":"2026-03-25T13:04:44","slug":"monaco-gp6-18-sommerdaeksaet-tesla-model-3","status":"publish","type":"product","link":"https:\/\/www.vempele.fi\/da\/tuote\/monaco-gp6-18-kesarengaspaketti-tesla-model-3\/","title":{"rendered":"Monaco GP6 18\u2033 sommerd\u00e6kpakke - Tesla Model 3"},"content":{"rendered":"<p>Monaco GP6 er en cool f\u00e6lg, der passer direkte til din Tesla!<\/p>\n<p>D\u00e6kpakken leveres direkte til dit hjem i en pakke, der er klar til montering.<br \/>\nLagersaldoen for dette produkt opdateres ikke automatisk, s\u00e5 hvis d\u00e6kket af en eller anden grund ikke er tilg\u00e6ngeligt, kontakter vi dig med det samme, eller du kan tjekke tilg\u00e6ngeligheden p\u00e5 forh\u00e5nd.<\/p>\n<p>Leveringstiden for en d\u00e6kpakke er ca. 1-2 uger fra bestilling.<\/p>\n<ul>\n<li>F\u00e6lge: Monaco GP6\n<ul>\n<li>St\u00f8rrelse: 18\u2033<\/li>\n<li>Bredde: 8\u2033<\/li>\n<li>ET: 38<\/li>\n<li>Jako: 5\u00d7114,3<\/li>\n<li>Midterste hul: 64,1 mm<\/li>\n<li>V\u00e6gt: 12,9 kg<\/li>\n<li>Belastningskapacitet: 720 kg<\/li>\n<\/ul>\n<\/li>\n<\/ul>\n<p>For mere information om d\u00e6kmuligheder, klik her:<\/p>\n<details>\n<summary><b> Goodyear - Eagle F1 Asymmetric 3 <\/b><\/summary>\n<ul>\n<li>Belastningsindeks: 94<\/li>\n<li>Symbol for hastighedskategori: W (270 km\/t)<\/li>\n<li>D\u00e6kklasse: C1<\/li>\n<\/ul>\n<p><img decoding=\"async\" src=\"https:\/\/www.vempele.fi\/wp-content\/uploads\/2024\/03\/Goodyear_eagle_asymmetric_3_235_45_18.webp\" alt=\"\" \/><\/p>\n<\/details>\n<p>&nbsp;<\/p>\n<details>\n<summary><b> Landsail - Rapid Dragon XL <\/b><\/summary>\n<ul>\n<li>Belastningsindeks: 98<\/li>\n<li>Symbol for hastighedskategori: W (270 km\/t)<\/li>\n<li>D\u00e6kklasse: C1<\/li>\n<\/ul>\n<p><img decoding=\"async\" src=\"https:\/\/www.vempele.fi\/wp-content\/uploads\/2024\/03\/rapiddragon_235_45zr18.jpg\" alt=\"\" \/><\/p>\n<\/details>\n<p>&nbsp;<\/p>\n<details>\n<summary><b> Bridgestone - Turanza T005 <\/b><\/summary>\n<ul>\n<li>Belastningsindeks: 94<\/li>\n<li>Symbol for hastighedskategori: W (270 km\/t)<\/li>\n<li>D\u00e6kklasse: C1<\/li>\n<\/ul>\n<p><img decoding=\"async\" src=\"https:\/\/www.vempele.fi\/wp-content\/uploads\/2024\/03\/Bridgestone_turanza_t005_235_45_18.webp\" alt=\"\" \/><\/p>\n<\/details>\n<p>&nbsp;<\/p>\n<details>\n<summary><b> Hankook - Ventus Prime 4 XL<\/b><\/summary>\n<ul>\n<li>Belastningsindeks: 98<\/li>\n<li>Symbol for hastighedskategori: W (270 km\/t)<\/li>\n<li>D\u00e6kklasse: C1<\/li>\n<\/ul>\n<p><img loading=\"lazy\" decoding=\"async\" class=\"alignnone size-medium wp-image-46517\" src=\"https:\/\/www.vempele.fi\/wp-content\/uploads\/2024\/03\/Label_1046509-205x300.png\" alt=\"\" width=\"205\" height=\"300\" srcset=\"https:\/\/www.vempele.fi\/wp-content\/uploads\/2024\/03\/Label_1046509-205x300.png 205w, https:\/\/www.vempele.fi\/wp-content\/uploads\/2024\/03\/Label_1046509-698x1024.png 698w, https:\/\/www.vempele.fi\/wp-content\/uploads\/2024\/03\/Label_1046509-768x1126.png 768w, https:\/\/www.vempele.fi\/wp-content\/uploads\/2024\/03\/Label_1046509-8x12.png 8w, https:\/\/www.vempele.fi\/wp-content\/uploads\/2024\/03\/Label_1046509-416x610.png 416w, https:\/\/www.vempele.fi\/wp-content\/uploads\/2024\/03\/Label_1046509.png 886w\" sizes=\"auto, (max-width: 205px) 100vw, 205px\" \/><\/p>\n<\/details>\n<p>&nbsp;<\/p>\n<details>\n<summary><b> Pirelli - P-Zero (PZ4) <\/b><\/summary>\n<ul>\n<li>Belastningsindeks: 98<\/li>\n<li>Skilt for hastighedskategori: Y (&gt;300 km\/t)<\/li>\n<li>D\u00e6kklasse: C1<\/li>\n<\/ul>\n<p><img decoding=\"async\" src=\"https:\/\/www.vempele.fi\/wp-content\/uploads\/2024\/03\/Pirelli_pzero_4_235_45_18.webp\" alt=\"\" \/><\/p>\n<\/details>\n<p>&nbsp;<\/p>\n<details>\n<summary><b> Michelin - Primacy 4+ <\/b><\/summary>\n<ul>\n<li>Belastningsindeks: 98<\/li>\n<li>Skilt for hastighedskategori: Y (&gt;300 km\/t)<\/li>\n<li>D\u00e6kklasse: C1<\/li>\n<\/ul>\n<p><img decoding=\"async\" src=\"https:\/\/www.vempele.fi\/wp-content\/uploads\/2024\/03\/Michelin_primacy_4_235_45_18.webp\" alt=\"\" \/><\/p>\n<\/details>\n<p>&nbsp;<\/p>\n<p>&nbsp;<\/p>","protected":false},"excerpt":{"rendered":"<p>En f\u00e6rdig pakke, der er nem at v\u00e6lge, og som passer til dine behov!<\/p>\n<p>Du kan nemt v\u00e6lge mellem en r\u00e6kke forskellige d\u00e6k og f\u00e6lgfarver for at finde den, der passer dig bedst.<\/p>\n<p>Monaco GP6 passer direkte til Tesla, s\u00e5 der er ikke brug for adapterringe. For mere information om d\u00e6k og f\u00e6lge, se venligst nederst p\u00e5 denne side.<\/p>\n<p><strong>Hvilke sensorer skal jeg v\u00e6lge?<\/strong><br \/>\nFor sensorer g\u00e6lder det som regel, at 10\/2020 og frem er Bluetooth-sensorer og \u00e6ldre 433Mhz-sensorer. Men hvis bilen er produceret t\u00e6t p\u00e5 denne dato, er det v\u00e6rd at tjekke, hvilke sensorer der er monteret.<br \/>\nFor 433Mhz-sensorer beder vi dig ogs\u00e5 om at tilf\u00f8je bilens produktionsdato, f.eks. 05\/2019, til ordreoplysningerne.<\/p>","protected":false},"featured_media":26727,"comment_status":"open","ping_status":"closed","template":"","meta":[],"product_brand":[],"product_cat":[593],"product_tag":[156,591,300,121,592,321],"class_list":{"0":"post-26683","1":"product","2":"type-product","3":"status-publish","4":"has-post-thumbnail","6":"product_cat-rengaspaketit","7":"product_tag-model-3","8":"product_tag-rengaspaketti","9":"product_tag-renkaat","10":"product_tag-tesla","11":"product_tag-vannepaketti","12":"product_tag-vanteet","14":"first","15":"instock","16":"taxable","17":"shipping-taxable","18":"purchasable","19":"product-type-variable"},"jetpack_sharing_enabled":true,"_links":{"self":[{"href":"https:\/\/www.vempele.fi\/da\/wp-json\/wp\/v2\/product\/26683","targetHints":{"allow":["GET"]}}],"collection":[{"href":"https:\/\/www.vempele.fi\/da\/wp-json\/wp\/v2\/product"}],"about":[{"href":"https:\/\/www.vempele.fi\/da\/wp-json\/wp\/v2\/types\/product"}],"replies":[{"embeddable":true,"href":"https:\/\/www.vempele.fi\/da\/wp-json\/wp\/v2\/comments?post=26683"}],"wp:featuredmedia":[{"embeddable":true,"href":"https:\/\/www.vempele.fi\/da\/wp-json\/wp\/v2\/media\/26727"}],"wp:attachment":[{"href":"https:\/\/www.vempele.fi\/da\/wp-json\/wp\/v2\/media?parent=26683"}],"wp:term":[{"taxonomy":"product_brand","embeddable":true,"href":"https:\/\/www.vempele.fi\/da\/wp-json\/wp\/v2\/product_brand?post=26683"},{"taxonomy":"product_cat","embeddable":true,"href":"https:\/\/www.vempele.fi\/da\/wp-json\/wp\/v2\/product_cat?post=26683"},{"taxonomy":"product_tag","embeddable":true,"href":"https:\/\/www.vempele.fi\/da\/wp-json\/wp\/v2\/product_tag?post=26683"}],"curies":[{"name":"wp","href":"https:\/\/api.w.org\/{rel}","templated":true}]}}