{"id":27271,"date":"2024-04-05T12:48:09","date_gmt":"2024-04-05T09:48:09","guid":{"rendered":"https:\/\/www.vempele.fi\/?post_type=product&#038;p=27271"},"modified":"2026-03-23T15:55:07","modified_gmt":"2026-03-23T13:55:07","slug":"monaco-gp6-19-sommerdaeksaet-tesla-model-y","status":"publish","type":"product","link":"https:\/\/www.vempele.fi\/da\/tuote\/monaco-gp6-19-kesarengaspaketti-tesla-model-y\/","title":{"rendered":"Monaco GP6 19\u2033 sommerd\u00e6kpakke - Tesla Model Y"},"content":{"rendered":"<p>Monaco GP6 er en cool f\u00e6lg, der passer direkte til din Tesla!<\/p>\n<p>D\u00e6kpakken leveres direkte til dit hjem i en pakke, der er klar til montering.<br \/>\nLagersaldoen for dette produkt opdateres ikke automatisk, s\u00e5 hvis d\u00e6kket af en eller anden grund ikke er tilg\u00e6ngeligt, kontakter vi dig med det samme, eller du kan tjekke tilg\u00e6ngeligheden p\u00e5 forh\u00e5nd.<\/p>\n<p>Leveringstiden for en d\u00e6kpakke er ca. 1-2 uger fra bestilling.<\/p>\n<ul>\n<li>F\u00e6lge: Monaco GP6\n<ul>\n<li>St\u00f8rrelse: 19\u2033<\/li>\n<li>Bredde: 8,5\u2033<\/li>\n<li>ET: 40<\/li>\n<li>Jako: 5\u00d7114,3<\/li>\n<li>Midterste hul: 64,1 mm<\/li>\n<li>V\u00e6gt: 14,9 kg<\/li>\n<li>Belastningskapacitet: 900 kg<\/li>\n<li>Tryksensorer: Huf BT<\/li>\n<\/ul>\n<\/li>\n<\/ul>\n<p>For mere information om d\u00e6kmuligheder, klik her:<\/p>\n<details>\n<summary><b> Goodyear - Eagle F1 Asymmetric 3 XL 255\/45R19 <\/b><\/summary>\n<ul>\n<li>Belastningskapacitet: 104<\/li>\n<li>Skilt for hastighedskategori: Y (300 km\/t)<\/li>\n<li>D\u00e6kklasse: C1<\/li>\n<\/ul>\n<p><img decoding=\"async\" src=\"https:\/\/www.vempele.fi\/wp-content\/uploads\/2024\/04\/goodyear_eagle_asymmetric_f1_255_45R19_104_Y_XL.png\" alt=\"\" \/><\/p>\n<\/details>\n<p>&nbsp;<\/p>\n<details>\n<summary><b> Kumho - Ecsta 255\/45Zr19 XL <\/b><\/summary>\n<ul>\n<li>Belastningskapacitet: 104<\/li>\n<li>Skilt for hastighedskategori: Y (&gt;300 km\/t)<\/li>\n<li>D\u00e6kklasse: C1<\/li>\n<\/ul>\n<p><img decoding=\"async\" src=\"https:\/\/www.vempele.fi\/wp-content\/uploads\/2024\/04\/kumho_ecsta_PS91_255_45ZR19_104Y_XL.png\" alt=\"\" \/><\/p>\n<\/details>\n<p>&nbsp;<\/p>\n<details>\n<summary><b> Bridgestone - Turanza T005 255\/45R19 XL <\/b><\/summary>\n<ul>\n<li>Belastningskapacitet: 104<\/li>\n<li>Skilt for hastighedskategori: Y (&gt;300 km\/t)<\/li>\n<li>D\u00e6kklasse: C1<\/li>\n<\/ul>\n<p><img decoding=\"async\" src=\"https:\/\/www.vempele.fi\/wp-content\/uploads\/2024\/04\/bridgestore_turanza_T005_255_45R19_104_Y_XL.png\" alt=\"\" \/><\/p>\n<\/details>\n<p>&nbsp;<\/p>\n<details>\n<summary><b> Hankook - Ventus S1 EVO 3 EV XL 255\/45R19 <\/b><\/summary>\n<ul>\n<li>Belastningskapacitet: 104<\/li>\n<li>Symbol for hastighedskategori: W (270 km\/t)<\/li>\n<li>D\u00e6kklasse: C1<\/li>\n<\/ul>\n<p><img decoding=\"async\" src=\"https:\/\/www.vempele.fi\/wp-content\/uploads\/2024\/04\/hankook_s1_evo3_ev_255_45R19_104_W_XL.png\" alt=\"\" \/><\/p>\n<\/details>\n<p>&nbsp;<\/p>\n<details>\n<summary><b> Pirelli - P-Zero (PZ4) 255\/45ZR19 XL <\/b><\/summary>\n<ul>\n<li>Belastningskapacitet: 104<\/li>\n<li>Skilt for hastighedskategori: Y (&gt;300 km\/t)<\/li>\n<li>D\u00e6kklasse: C1<\/li>\n<\/ul>\n<p><img decoding=\"async\" src=\"https:\/\/www.vempele.fi\/wp-content\/uploads\/2024\/04\/pirelli_pzero_255_45ZR19_104Y_XL.png\" alt=\"\" \/><\/p>\n<\/details>\n<p>&nbsp;<\/p>\n<details>\n<summary><b> Linglong Grip Master 255\/45 WR19 TL 104W C\/S XL <\/b><\/summary>\n<ul>\n<li>Belastningskapacitet: 104<\/li>\n<li>Skilt for hastighedskategori: Y (&gt;300 km\/t)<\/li>\n<li>D\u00e6kklasse: C1<\/li>\n<\/ul>\n<p><img decoding=\"async\" src=\"https:\/\/www.vempele.fi\/wp-content\/uploads\/2025\/03\/linglong_grip_master_255_45r19_104W.png.jpg\" alt=\"\" \/><\/p>\n<\/details>\n<p>&nbsp;<\/p>\n<p>&nbsp;<\/p>","protected":false},"excerpt":{"rendered":"<p>En f\u00e6rdig pakke, der er nem at v\u00e6lge, og som passer til dine behov!<\/p>\n<p>Du kan nemt v\u00e6lge mellem en r\u00e6kke forskellige d\u00e6k og f\u00e6lgfarver for at finde den, der passer dig bedst.<\/p>\n<p>Monaco GP6 passer direkte til Tesla, s\u00e5 der er ikke brug for adapterringe. For mere information om d\u00e6k og f\u00e6lge, se venligst nederst p\u00e5 denne side.<\/p>\n<p>Med Model Y kommer d\u00e6k-til-f\u00e6lg-pakkerne med Huf BT TPMS-sensorer installeret.<\/p>","protected":false},"featured_media":26727,"comment_status":"open","ping_status":"closed","template":"","meta":[],"product_brand":[],"product_cat":[154,593],"product_tag":[156,591,300,121,592,321],"class_list":{"0":"post-27271","1":"product","2":"type-product","3":"status-publish","4":"has-post-thumbnail","6":"product_cat-model-y","7":"product_cat-rengaspaketit","8":"product_tag-model-3","9":"product_tag-rengaspaketti","10":"product_tag-renkaat","11":"product_tag-tesla","12":"product_tag-vannepaketti","13":"product_tag-vanteet","15":"first","16":"instock","17":"taxable","18":"shipping-taxable","19":"purchasable","20":"product-type-variable"},"jetpack_sharing_enabled":true,"_links":{"self":[{"href":"https:\/\/www.vempele.fi\/da\/wp-json\/wp\/v2\/product\/27271","targetHints":{"allow":["GET"]}}],"collection":[{"href":"https:\/\/www.vempele.fi\/da\/wp-json\/wp\/v2\/product"}],"about":[{"href":"https:\/\/www.vempele.fi\/da\/wp-json\/wp\/v2\/types\/product"}],"replies":[{"embeddable":true,"href":"https:\/\/www.vempele.fi\/da\/wp-json\/wp\/v2\/comments?post=27271"}],"wp:featuredmedia":[{"embeddable":true,"href":"https:\/\/www.vempele.fi\/da\/wp-json\/wp\/v2\/media\/26727"}],"wp:attachment":[{"href":"https:\/\/www.vempele.fi\/da\/wp-json\/wp\/v2\/media?parent=27271"}],"wp:term":[{"taxonomy":"product_brand","embeddable":true,"href":"https:\/\/www.vempele.fi\/da\/wp-json\/wp\/v2\/product_brand?post=27271"},{"taxonomy":"product_cat","embeddable":true,"href":"https:\/\/www.vempele.fi\/da\/wp-json\/wp\/v2\/product_cat?post=27271"},{"taxonomy":"product_tag","embeddable":true,"href":"https:\/\/www.vempele.fi\/da\/wp-json\/wp\/v2\/product_tag?post=27271"}],"curies":[{"name":"wp","href":"https:\/\/api.w.org\/{rel}","templated":true}]}}