{"id":27797,"date":"2024-04-18T17:43:36","date_gmt":"2024-04-18T14:43:36","guid":{"rendered":"https:\/\/www.vempele.fi\/?post_type=product&#038;p=27797"},"modified":"2025-08-07T05:58:38","modified_gmt":"2025-08-07T02:58:38","slug":"model-s-foraksel-ovre-stottearm-hojre-side-husdel","status":"publish","type":"product","link":"https:\/\/www.vempele.fi\/da\/tuote\/model-s-etuakselin-ylatukivarsi-oikea-puoli-talosa\/","title":{"rendered":"Model S - Forakslens \u00f8vre st\u00f8ttearm, h\u00f8jre side TILBAGE"},"content":{"rendered":"<p>Producent: TALOSA<\/p>\n<p>Producentens produktnummer: 40-12681<\/p>\n<p>OE-numre leveret af producenten:<br \/>\n1043966-00-A<br \/>\n1043966-00-B<br \/>\n6008930-00-A<br \/>\n6008930-00-B<\/p>\n<p>Egnethed:<br \/>\nModel S - 2012 - 2020<\/p>\n<p>Materiale: presset st\u00e5l<br \/>\nV\u00e6gt: ca. 2,6 kg<\/p>","protected":false},"excerpt":{"rendered":"<p>Producentens TALOSA foraksel \u00f8vre st\u00f8ttearm, h\u00f8jre side. Passer til Model S.<\/p>","protected":false},"featured_media":27799,"comment_status":"open","ping_status":"closed","template":"","meta":[],"product_brand":[],"product_cat":[152,473],"product_tag":[172,121,476,319],"class_list":{"0":"post-27797","1":"product","2":"type-product","3":"status-publish","4":"has-post-thumbnail","6":"product_cat-model-s","7":"product_cat-varaosat-model-s","8":"product_tag-model-s","9":"product_tag-tesla","10":"product_tag-tukivarsi","11":"product_tag-varaosat","13":"first","14":"instock","15":"taxable","16":"shipping-taxable","17":"purchasable","18":"product-type-simple"},"jetpack_sharing_enabled":true,"_links":{"self":[{"href":"https:\/\/www.vempele.fi\/da\/wp-json\/wp\/v2\/product\/27797","targetHints":{"allow":["GET"]}}],"collection":[{"href":"https:\/\/www.vempele.fi\/da\/wp-json\/wp\/v2\/product"}],"about":[{"href":"https:\/\/www.vempele.fi\/da\/wp-json\/wp\/v2\/types\/product"}],"replies":[{"embeddable":true,"href":"https:\/\/www.vempele.fi\/da\/wp-json\/wp\/v2\/comments?post=27797"}],"wp:featuredmedia":[{"embeddable":true,"href":"https:\/\/www.vempele.fi\/da\/wp-json\/wp\/v2\/media\/27799"}],"wp:attachment":[{"href":"https:\/\/www.vempele.fi\/da\/wp-json\/wp\/v2\/media?parent=27797"}],"wp:term":[{"taxonomy":"product_brand","embeddable":true,"href":"https:\/\/www.vempele.fi\/da\/wp-json\/wp\/v2\/product_brand?post=27797"},{"taxonomy":"product_cat","embeddable":true,"href":"https:\/\/www.vempele.fi\/da\/wp-json\/wp\/v2\/product_cat?post=27797"},{"taxonomy":"product_tag","embeddable":true,"href":"https:\/\/www.vempele.fi\/da\/wp-json\/wp\/v2\/product_tag?post=27797"}],"curies":[{"name":"wp","href":"https:\/\/api.w.org\/{rel}","templated":true}]}}