{"id":28103,"date":"2024-05-02T13:23:14","date_gmt":"2024-05-02T10:23:14","guid":{"rendered":"https:\/\/www.vempele.fi\/?post_type=product&#038;p=28103"},"modified":"2026-04-21T15:18:08","modified_gmt":"2026-04-21T12:18:08","slug":"faelgens-centerdaeksler-til-model-3-highland-photon-faelge","status":"publish","type":"product","link":"https:\/\/www.vempele.fi\/da\/tuote\/vanteen-keskikupit-model-3-highland-photon-vanteille\/","title":{"rendered":"Midtersk\u00e5le til Model 3 Highland Photon-f\u00e6lge"},"content":{"rendered":"<p>F\u00e6lgcenterkopper til Model 3 Highland Photon-f\u00e6lge, 4 stk.<\/p>\n<ul>\n<li>Kompatibilitet: Tesla Model 3 Highland Photon-hjul<\/li>\n<li>Farve: M\u00f8rkegr\u00e5<\/li>\n<li>Diameter: ca. 150 mm<\/li>\n<li>V\u00e6gt: ca. 350 g (pakke)<\/li>\n<\/ul>","protected":false},"excerpt":{"rendered":"<p>Disse centercups til Tesla Model 3 Highland Photon-f\u00e6lge er en smart m\u00e5de at beskytte nav og m\u00f8trikker p\u00e5 med \u00e9t smart produkt!<\/p>\n<p>Indeholder 4 stk. midtersk\u00e5le.<\/p>","protected":false},"featured_media":28106,"comment_status":"open","ping_status":"closed","template":"","meta":[],"product_brand":[],"product_cat":[151,452,481,128,456],"product_tag":[83,587,383,543,156,642,121],"class_list":{"0":"post-28103","1":"product","2":"type-product","3":"status-publish","4":"has-post-thumbnail","6":"product_cat-model-3","7":"product_cat-m3-tarvikkeet","8":"product_cat-tarvikkeet-ulkopuolelle-model-3","9":"product_cat-tesla-tuotteet","10":"product_cat-vannetarvikkeet","11":"product_tag-autotarvikkeet","12":"product_tag-highland","13":"product_tag-keskikupit","14":"product_tag-keskikuppi","15":"product_tag-model-3","16":"product_tag-photon","17":"product_tag-tesla","19":"first","20":"instock","21":"taxable","22":"shipping-taxable","23":"purchasable","24":"product-type-simple"},"jetpack_sharing_enabled":true,"_links":{"self":[{"href":"https:\/\/www.vempele.fi\/da\/wp-json\/wp\/v2\/product\/28103","targetHints":{"allow":["GET"]}}],"collection":[{"href":"https:\/\/www.vempele.fi\/da\/wp-json\/wp\/v2\/product"}],"about":[{"href":"https:\/\/www.vempele.fi\/da\/wp-json\/wp\/v2\/types\/product"}],"replies":[{"embeddable":true,"href":"https:\/\/www.vempele.fi\/da\/wp-json\/wp\/v2\/comments?post=28103"}],"wp:featuredmedia":[{"embeddable":true,"href":"https:\/\/www.vempele.fi\/da\/wp-json\/wp\/v2\/media\/28106"}],"wp:attachment":[{"href":"https:\/\/www.vempele.fi\/da\/wp-json\/wp\/v2\/media?parent=28103"}],"wp:term":[{"taxonomy":"product_brand","embeddable":true,"href":"https:\/\/www.vempele.fi\/da\/wp-json\/wp\/v2\/product_brand?post=28103"},{"taxonomy":"product_cat","embeddable":true,"href":"https:\/\/www.vempele.fi\/da\/wp-json\/wp\/v2\/product_cat?post=28103"},{"taxonomy":"product_tag","embeddable":true,"href":"https:\/\/www.vempele.fi\/da\/wp-json\/wp\/v2\/product_tag?post=28103"}],"curies":[{"name":"wp","href":"https:\/\/api.w.org\/{rel}","templated":true}]}}