{"id":28290,"date":"2024-05-08T10:53:25","date_gmt":"2024-05-08T07:53:25","guid":{"rendered":"https:\/\/www.vempele.fi\/?post_type=product&#038;p=28290"},"modified":"2026-04-08T14:21:06","modified_gmt":"2026-04-08T11:21:06","slug":"couralapat-tesla-model-3-highland","status":"publish","type":"product","link":"https:\/\/www.vempele.fi\/da\/tuote\/kuralapat-tesla-model-3-highland\/","title":{"rendered":"Blinklys - Tesla Model 3 Highland"},"content":{"rendered":"<p>Tesla Model 3 Highland med fint udformede sk\u00e6rme. Pakken indeholder 4 stykker (for og bag p\u00e5 begge sider) og det n\u00f8dvendige monteringsudstyr.<\/p>\n<p><strong>Mere information<\/strong><\/p>\n<ul>\n<li>Egnethed:\n<ul>\n<li>Model 3 Highland vm. 2024 -&gt;.<\/li>\n<\/ul>\n<\/li>\n<li>Materiale: ABS<\/li>\n<li>Farve: Sort<\/li>\n<\/ul>","protected":false},"excerpt":{"rendered":"<p>Pakken indeholder 4 stk. h\u00e5ndsving, for og bag.<\/p>\n<p>Krumtappene er formet, s\u00e5 de passer til Model 3 Highland og fastg\u00f8res med plastikb\u00e5nd til de originale huller, s\u00e5 der er ikke brug for specialv\u00e6rkt\u00f8j til monteringen. De er hurtige og nemme at installere, selv hvis du g\u00f8r det selv.<\/p>","protected":false},"featured_media":28291,"comment_status":"open","ping_status":"closed","template":"","meta":[],"product_brand":[],"product_cat":[151,452,481,128],"product_tag":[83,587,270,121,120],"class_list":{"0":"post-28290","1":"product","2":"type-product","3":"status-publish","4":"has-post-thumbnail","6":"product_cat-model-3","7":"product_cat-m3-tarvikkeet","8":"product_cat-tarvikkeet-ulkopuolelle-model-3","9":"product_cat-tesla-tuotteet","10":"product_tag-autotarvikkeet","11":"product_tag-highland","12":"product_tag-kuralapat","13":"product_tag-tesla","14":"product_tag-tesla-model-3","16":"first","17":"instock","18":"taxable","19":"shipping-taxable","20":"purchasable","21":"product-type-simple"},"jetpack_sharing_enabled":true,"_links":{"self":[{"href":"https:\/\/www.vempele.fi\/da\/wp-json\/wp\/v2\/product\/28290","targetHints":{"allow":["GET"]}}],"collection":[{"href":"https:\/\/www.vempele.fi\/da\/wp-json\/wp\/v2\/product"}],"about":[{"href":"https:\/\/www.vempele.fi\/da\/wp-json\/wp\/v2\/types\/product"}],"replies":[{"embeddable":true,"href":"https:\/\/www.vempele.fi\/da\/wp-json\/wp\/v2\/comments?post=28290"}],"wp:featuredmedia":[{"embeddable":true,"href":"https:\/\/www.vempele.fi\/da\/wp-json\/wp\/v2\/media\/28291"}],"wp:attachment":[{"href":"https:\/\/www.vempele.fi\/da\/wp-json\/wp\/v2\/media?parent=28290"}],"wp:term":[{"taxonomy":"product_brand","embeddable":true,"href":"https:\/\/www.vempele.fi\/da\/wp-json\/wp\/v2\/product_brand?post=28290"},{"taxonomy":"product_cat","embeddable":true,"href":"https:\/\/www.vempele.fi\/da\/wp-json\/wp\/v2\/product_cat?post=28290"},{"taxonomy":"product_tag","embeddable":true,"href":"https:\/\/www.vempele.fi\/da\/wp-json\/wp\/v2\/product_tag?post=28290"}],"curies":[{"name":"wp","href":"https:\/\/api.w.org\/{rel}","templated":true}]}}