{"id":28359,"date":"2024-06-03T15:58:44","date_gmt":"2024-06-03T12:58:44","guid":{"rendered":"https:\/\/www.vempele.fi\/?post_type=product&#038;p=28359"},"modified":"2025-04-24T10:52:32","modified_gmt":"2025-04-24T07:52:32","slug":"eco-bagklapsmatte-tesla-model-x","status":"publish","type":"product","link":"https:\/\/www.vempele.fi\/da\/tuote\/eco-takaluukun-matto-tesla-model-x\/","title":{"rendered":"ECO-st\u00f8vlem\u00e5tte - Tesla Model X"},"content":{"rendered":"<p>Slidst\u00e6rkt, popul\u00e6rt og frem for alt hjemligt ECO-bagagerumst\u00e6ppe til Tesla Model X<\/p>\n<p><b>Yderligere information:<\/b><\/p>\n<ul>\n<li>Materiale: EVA<\/li>\n<li>Egnethed:\n<ul>\n<li>Model X<\/li>\n<\/ul>\n<\/li>\n<li>Farve: Sort<\/li>\n<li>V\u00e6gt: ca. 0,6 kg<\/li>\n<li>Fremstillingsland: Finland<\/li>\n<\/ul>","protected":false},"excerpt":{"rendered":"<p>Indenlandsk p\u00e6nt t\u00e6ppe til Tesla nu direkte fra lager!<\/p>\n<p>T\u00e6ppematerialet er \u00f8kologisk og genanvendeligt EVA. Sikkert, ugiftigt og lugtfrit. Den unikke cellestruktur g\u00f8r det muligt for snavs og vand at samle sig j\u00e6vnt i cellerne. M\u00e5tterne kan nemt reng\u00f8res ved at ryste dem eller skylle dem med vand. Indend\u00f8rs luftkvalitet forbedres, og vinduesglasur reduceres. Materialet kan modst\u00e5 temperaturer helt ned til -50 \u00b0C og helt op til +70 \u00b0C. Slagfast, lyd- og varmeisolerende. Behagelig at r\u00f8re ved og virkelig stilfulde ECO-m\u00e5tter.<\/p>","protected":false},"featured_media":28360,"comment_status":"open","ping_status":"closed","template":"","meta":[],"product_brand":[],"product_cat":[514,153,128],"product_tag":[83,590,206,513,553,173,200,121],"class_list":{"0":"post-28359","1":"product","2":"type-product","3":"status-publish","4":"has-post-thumbnail","6":"product_cat-model-x-matot","7":"product_cat-model-x","8":"product_cat-tesla-tuotteet","9":"product_tag-autotarvikkeet","10":"product_tag-eco","11":"product_tag-eva","12":"product_tag-kaukalomatot","13":"product_tag-kuramatot","14":"product_tag-model-x","15":"product_tag-takaluukku","16":"product_tag-tesla","18":"first","19":"instock","20":"taxable","21":"shipping-taxable","22":"purchasable","23":"product-type-simple"},"jetpack_sharing_enabled":true,"_links":{"self":[{"href":"https:\/\/www.vempele.fi\/da\/wp-json\/wp\/v2\/product\/28359","targetHints":{"allow":["GET"]}}],"collection":[{"href":"https:\/\/www.vempele.fi\/da\/wp-json\/wp\/v2\/product"}],"about":[{"href":"https:\/\/www.vempele.fi\/da\/wp-json\/wp\/v2\/types\/product"}],"replies":[{"embeddable":true,"href":"https:\/\/www.vempele.fi\/da\/wp-json\/wp\/v2\/comments?post=28359"}],"wp:featuredmedia":[{"embeddable":true,"href":"https:\/\/www.vempele.fi\/da\/wp-json\/wp\/v2\/media\/28360"}],"wp:attachment":[{"href":"https:\/\/www.vempele.fi\/da\/wp-json\/wp\/v2\/media?parent=28359"}],"wp:term":[{"taxonomy":"product_brand","embeddable":true,"href":"https:\/\/www.vempele.fi\/da\/wp-json\/wp\/v2\/product_brand?post=28359"},{"taxonomy":"product_cat","embeddable":true,"href":"https:\/\/www.vempele.fi\/da\/wp-json\/wp\/v2\/product_cat?post=28359"},{"taxonomy":"product_tag","embeddable":true,"href":"https:\/\/www.vempele.fi\/da\/wp-json\/wp\/v2\/product_tag?post=28359"}],"curies":[{"name":"wp","href":"https:\/\/api.w.org\/{rel}","templated":true}]}}