{"id":28614,"date":"2024-05-22T10:09:17","date_gmt":"2024-05-22T07:09:17","guid":{"rendered":"https:\/\/www.vempele.fi\/?post_type=product&#038;p=28614"},"modified":"2026-03-04T17:45:00","modified_gmt":"2026-03-04T15:45:00","slug":"optraekkeligt-tag-solskaerm-tesla-model-y","status":"publish","type":"product","link":"https:\/\/www.vempele.fi\/da\/tuote\/avattava-katon-aurinkosuoja-tesla-model-y\/","title":{"rendered":"Solsk\u00e6rm til \u00e5bning af taget - Tesla Model Y"},"content":{"rendered":"<p>Stilfuld tagsolsk\u00e6rm til Tesla Model Y med en tag\u00e5bning i to dele. Blokerer for solen om sommeren og isolerer mod kulden om vinteren. Let at \u00e5bne forfra og bagfra fra bags\u00e6det.<\/p>\n<p>Solsk\u00e6rmen leveres i \u00e9t stort stykke. Det anbefales at bruge to par h\u00e6nder til monteringen. Klap rygl\u00e6nene p\u00e5 fors\u00e6derne ned. Fjern hattehylden fra bagklappen, og klap bags\u00e6derne ned. Skub hele solsk\u00e6rmen gennem bagklappen. Skub de bageste faste clips ind under tagvinduets trim. L\u00f8ft derefter fronten op, og brug den medf\u00f8lgende n\u00f8gle til at skrue de forreste clips ind under tagvinduesbekl\u00e6dningen. Det kan v\u00e6re n\u00f8dvendigt at bruge det medf\u00f8lgende plastikv\u00e6rkt\u00f8j for at f\u00e5 clipsene til at glide let ind under tagvindueslisten. Afslut monteringen ved at placere beskyttelsesstifterne over hullerne.<\/p>\n<p>Fastg\u00f8relsesclipsene s\u00e6ttes ind i bagrudebekl\u00e6dningen, og de tilsvarende clips p\u00e5 forsiden drejes ind i bekl\u00e6dningen med en n\u00f8gle.<\/p>\n<ul>\n<li>Farve: Lysebl\u00e5<\/li>\n<li>Pakkens m\u00e5l: 140 x 115 x 10 cm<\/li>\n<li>Pakkev\u00e6gt: 7,00 kg<\/li>\n<li>Egnethed:\n<ul>\n<li>Model Y 2020 - 2024<\/li>\n<\/ul>\n<\/li>\n<\/ul>","protected":false},"excerpt":{"rendered":"<p>Solsk\u00e6rm til tag, der kan \u00e5bnes, til Tesla Model Y.  Beskyt mod varmen, og \u00f8g din k\u00f8rekomfort!<\/p>","protected":false},"featured_media":28617,"comment_status":"open","ping_status":"closed","template":"","meta":[],"product_brand":[],"product_cat":[154,455,482,128],"product_tag":[198,759,121,203],"class_list":{"0":"post-28614","1":"product","2":"type-product","3":"status-publish","4":"has-post-thumbnail","6":"product_cat-model-y","7":"product_cat-my-tarvikkeet","8":"product_cat-tarvikkeet-sisapuolelle-model-y","9":"product_cat-tesla-tuotteet","10":"product_tag-aurinkosuoja","11":"product_tag-avattava","12":"product_tag-tesla","13":"product_tag-tesla-model-y","15":"first","16":"instock","17":"sale","18":"taxable","19":"shipping-taxable","20":"purchasable","21":"product-type-simple"},"jetpack_sharing_enabled":true,"_links":{"self":[{"href":"https:\/\/www.vempele.fi\/da\/wp-json\/wp\/v2\/product\/28614","targetHints":{"allow":["GET"]}}],"collection":[{"href":"https:\/\/www.vempele.fi\/da\/wp-json\/wp\/v2\/product"}],"about":[{"href":"https:\/\/www.vempele.fi\/da\/wp-json\/wp\/v2\/types\/product"}],"replies":[{"embeddable":true,"href":"https:\/\/www.vempele.fi\/da\/wp-json\/wp\/v2\/comments?post=28614"}],"wp:featuredmedia":[{"embeddable":true,"href":"https:\/\/www.vempele.fi\/da\/wp-json\/wp\/v2\/media\/28617"}],"wp:attachment":[{"href":"https:\/\/www.vempele.fi\/da\/wp-json\/wp\/v2\/media?parent=28614"}],"wp:term":[{"taxonomy":"product_brand","embeddable":true,"href":"https:\/\/www.vempele.fi\/da\/wp-json\/wp\/v2\/product_brand?post=28614"},{"taxonomy":"product_cat","embeddable":true,"href":"https:\/\/www.vempele.fi\/da\/wp-json\/wp\/v2\/product_cat?post=28614"},{"taxonomy":"product_tag","embeddable":true,"href":"https:\/\/www.vempele.fi\/da\/wp-json\/wp\/v2\/product_tag?post=28614"}],"curies":[{"name":"wp","href":"https:\/\/api.w.org\/{rel}","templated":true}]}}