{"id":28895,"date":"2024-06-04T13:31:03","date_gmt":"2024-06-04T10:31:03","guid":{"rendered":"https:\/\/www.vempele.fi\/?post_type=product&#038;p=28895"},"modified":"2026-04-14T11:54:34","modified_gmt":"2026-04-14T08:54:34","slug":"frunk-bagagerum-eva-fjernbetjening-tesla-model-3-highland","status":"publish","type":"product","link":"https:\/\/www.vempele.fi\/da\/tuote\/frunk-trunk-eva-kaukalomatot-tesla-model-3-highland\/","title":{"rendered":"Frunk \/ Trunk EVA-styr - Tesla Model 3 Highland"},"content":{"rendered":"<p>Tesla Model 3 Highland fjernbetjente m\u00e5tter til for- og bagagerummet.<\/p>\n<p>T\u00e6ppemuligheder at v\u00e6lge imellem:<\/p>\n<ul>\n<li>T\u00e6ppe i det forreste rum (bagagerumsm\u00e5tte)<\/li>\n<li>Lille opbevaringsm\u00e5tte til bagagerummet (Trunk Storage Mat)<\/li>\n<li>Stor, held\u00e6kkende bagagerumsm\u00e5tte (Trunk Mat)<\/li>\n<\/ul>\n<p><b>Mere information<\/b><\/p>\n<ul>\n<li>Materiale: EVA-plast<\/li>\n<li>Farve: sort<\/li>\n<\/ul>","protected":false},"excerpt":{"rendered":"<p>Slidst\u00e6rke fjernbetjente m\u00e5tter, der beskytter din bil og er nemme at reng\u00f8re. V\u00e6lg mellem m\u00e5tter til forreste bagagerum, bagagerum og bagagerum med lille opbevaringsomr\u00e5de. St\u00f8bt efter m\u00e5lene p\u00e5 Tesla Model 3 Highland.<\/p>\n<p>Pakken inkluderer den m\u00e5tte, du v\u00e6lger fra menuen nedenfor.<\/p>\n<p>Du kan finde de matchende fjernbetjente m\u00e5tter til din Model 3 Highland <a href=\"https:\/\/www.vempele.fi\/da\/product-2\/tesla-model-3-eva-fjernbetjeninger\/\">Her<\/a>.<\/p>","protected":false},"featured_media":28901,"comment_status":"open","ping_status":"closed","template":"","meta":[],"product_brand":[],"product_cat":[409,151,128],"product_tag":[83,503,587,304,156,555,121,554],"class_list":{"0":"post-28895","1":"product","2":"type-product","3":"status-publish","4":"has-post-thumbnail","6":"product_cat-matot-model-3","7":"product_cat-model-3","8":"product_cat-tesla-tuotteet","9":"product_tag-autotarvikkeet","10":"product_tag-frunk","11":"product_tag-highland","12":"product_tag-kaukalomatto","13":"product_tag-model-3","14":"product_tag-storage","15":"product_tag-tesla","16":"product_tag-trunk","17":"product_shipping_class-nouto","19":"first","20":"instock","21":"taxable","22":"shipping-taxable","23":"purchasable","24":"product-type-variable"},"jetpack_sharing_enabled":true,"_links":{"self":[{"href":"https:\/\/www.vempele.fi\/da\/wp-json\/wp\/v2\/product\/28895","targetHints":{"allow":["GET"]}}],"collection":[{"href":"https:\/\/www.vempele.fi\/da\/wp-json\/wp\/v2\/product"}],"about":[{"href":"https:\/\/www.vempele.fi\/da\/wp-json\/wp\/v2\/types\/product"}],"replies":[{"embeddable":true,"href":"https:\/\/www.vempele.fi\/da\/wp-json\/wp\/v2\/comments?post=28895"}],"wp:featuredmedia":[{"embeddable":true,"href":"https:\/\/www.vempele.fi\/da\/wp-json\/wp\/v2\/media\/28901"}],"wp:attachment":[{"href":"https:\/\/www.vempele.fi\/da\/wp-json\/wp\/v2\/media?parent=28895"}],"wp:term":[{"taxonomy":"product_brand","embeddable":true,"href":"https:\/\/www.vempele.fi\/da\/wp-json\/wp\/v2\/product_brand?post=28895"},{"taxonomy":"product_cat","embeddable":true,"href":"https:\/\/www.vempele.fi\/da\/wp-json\/wp\/v2\/product_cat?post=28895"},{"taxonomy":"product_tag","embeddable":true,"href":"https:\/\/www.vempele.fi\/da\/wp-json\/wp\/v2\/product_tag?post=28895"}],"curies":[{"name":"wp","href":"https:\/\/api.w.org\/{rel}","templated":true}]}}