{"id":28904,"date":"2024-06-04T13:56:45","date_gmt":"2024-06-04T10:56:45","guid":{"rendered":"https:\/\/www.vempele.fi\/?post_type=product&#038;p=28904"},"modified":"2026-04-09T20:05:57","modified_gmt":"2026-04-09T17:05:57","slug":"opbevaringsrum-i-midterkonsollen-tesla-model-3-highland","status":"publish","type":"product","link":"https:\/\/www.vempele.fi\/da\/tuote\/keskikonsolin-varastosailio-tesla-model-3-highland\/","title":{"rendered":"Opbevaringstank til midterkonsollen - Tesla Model 3 \/ Y - Highland \/ Juniper"},"content":{"rendered":"<p>Opbevaringstank til midterkonsollen - Tesla Model 3 \/ Y - Highland \/ Juniper<\/p>\n<p>En p\u00e6nt polstret opbevaringsbeholder, som g\u00f8r det nemt at organisere dybe opbevaringsrum. Hver kasse har et hul, hvor man f.eks. kan f\u00f8re et opladningskabel igennem.<\/p>\n<p><strong>Tekniske specifikationer:<\/strong><\/p>\n<ul>\n<li>Egnethed:\n<ul>\n<li>Model 3 Highland vm. 2024 -&gt;.<\/li>\n<li>Model Y Juniper vm. 2025 -&gt;.<\/li>\n<\/ul>\n<\/li>\n<li>Farve: Sort<\/li>\n<li>Materiale: ABS<\/li>\n<\/ul>","protected":false},"excerpt":{"rendered":"<p>Opbevaringstank til midterkonsollen - Tesla Model 3 \/ Y - Highland \/ Juniper<\/p>\n<p>De giver dig mulighed for at organisere din tilsyneladende bundl\u00f8se lagerplads i to etager p\u00e5 en fornuftig m\u00e5de.<\/p>\n<p>Opbevaringsrummet i frontklappen glider bekvemt frem og tilbage, s\u00e5 det er nemt at finde det, der er nedenunder.<\/p>","protected":false},"featured_media":28905,"comment_status":"open","ping_status":"closed","template":"","meta":[],"product_brand":[],"product_cat":[151,154,452,455,480,482,128],"product_tag":[587,644,237,643,557,156,121,238],"class_list":{"0":"post-28904","1":"product","2":"type-product","3":"status-publish","4":"has-post-thumbnail","6":"product_cat-model-3","7":"product_cat-model-y","8":"product_cat-m3-tarvikkeet","9":"product_cat-my-tarvikkeet","10":"product_cat-tarvikkeet-sisapuolelle-model-3","11":"product_cat-tarvikkeet-sisapuolelle-model-y","12":"product_cat-tesla-tuotteet","13":"product_tag-highland","14":"product_tag-kasinoja","15":"product_tag-keskikonsoli","16":"product_tag-kyynarnoja","17":"product_tag-lokero","18":"product_tag-model-3","19":"product_tag-tesla","20":"product_tag-varastosailio","22":"first","23":"outofstock","24":"taxable","25":"shipping-taxable","26":"purchasable","27":"product-type-variable"},"jetpack_sharing_enabled":true,"_links":{"self":[{"href":"https:\/\/www.vempele.fi\/da\/wp-json\/wp\/v2\/product\/28904","targetHints":{"allow":["GET"]}}],"collection":[{"href":"https:\/\/www.vempele.fi\/da\/wp-json\/wp\/v2\/product"}],"about":[{"href":"https:\/\/www.vempele.fi\/da\/wp-json\/wp\/v2\/types\/product"}],"replies":[{"embeddable":true,"href":"https:\/\/www.vempele.fi\/da\/wp-json\/wp\/v2\/comments?post=28904"}],"wp:featuredmedia":[{"embeddable":true,"href":"https:\/\/www.vempele.fi\/da\/wp-json\/wp\/v2\/media\/28905"}],"wp:attachment":[{"href":"https:\/\/www.vempele.fi\/da\/wp-json\/wp\/v2\/media?parent=28904"}],"wp:term":[{"taxonomy":"product_brand","embeddable":true,"href":"https:\/\/www.vempele.fi\/da\/wp-json\/wp\/v2\/product_brand?post=28904"},{"taxonomy":"product_cat","embeddable":true,"href":"https:\/\/www.vempele.fi\/da\/wp-json\/wp\/v2\/product_cat?post=28904"},{"taxonomy":"product_tag","embeddable":true,"href":"https:\/\/www.vempele.fi\/da\/wp-json\/wp\/v2\/product_tag?post=28904"}],"curies":[{"name":"wp","href":"https:\/\/api.w.org\/{rel}","templated":true}]}}