{"id":29430,"date":"2025-09-03T15:56:09","date_gmt":"2025-09-03T12:56:09","guid":{"rendered":"https:\/\/www.vempele.fi\/?post_type=product&#038;p=29430"},"modified":"2025-11-25T14:01:21","modified_gmt":"2025-11-25T12:01:21","slug":"motorwerk-ev-type2-37kw-oplader","status":"publish","type":"product","link":"https:\/\/www.vempele.fi\/da\/tuote\/motorwerk-ev-type2-37kw-latauslaite\/","title":{"rendered":"Motorwerk EV Type2 3,7kW oplader"},"content":{"rendered":"<p>Kompakt, b\u00e6rbar 3,7 kW ladestation til elbiler med Schuko-stik. Meget nem at s\u00e6tte op, da den ikke kr\u00e6ver en fast installation. Tilsluttes direkte til stikkontakten (16 A \/ 230 V). Lille og let, s\u00e5 den er nem at tage med p\u00e5 forretningsrejser, i sommerhuset osv. Bem\u00e6rk, at den kr\u00e6ver en 16 A (sikring) stikkontakt for at fungere.<\/p>\n<p><a href=\"https:\/\/www.vempele.fi\/wp-content\/uploads\/2025\/09\/Kayttoohje_Motorwerk_3_7kw_type2_5m_8m_FI_SV_EN.pdf\">Instruktioner til brug og installation.<\/a><\/p>\n<p><strong>Funktioner:<\/strong><\/p>\n<ul>\n<li>Opladningsstr\u00f8m: 8 A, 10 A, 13 A og 16 A, justerbar<\/li>\n<li>Opladningseffekt: 1,8-3,7 kW<\/li>\n<li>Opladningsstik: type 2<\/li>\n<li>V\u00e6gstik: Schuko<\/li>\n<li>Kabell\u00e6ngde: 5 m eller 8 m<\/li>\n<li>Kabell\u00e6ngde mellem opladningsenhed og stikkontakt: 90 cm<\/li>\n<li>Informativ udstilling<\/li>\n<li>Timerfunktion til opladning<\/li>\n<li>Forsinkelsesfunktion for opladning 1-10 timer<\/li>\n<li>Type A AC-oversp\u00e6ndingsbeskyttelse + 6 mA DC-oversp\u00e6ndingsbeskyttelse<\/li>\n<li>Beskyttelse mod l\u00e6kage, oversp\u00e6nding, undersp\u00e6nding, overophedning og lynnedslag<\/li>\n<li>Holdbar konstruktion i opladningsenheden<\/li>\n<li>Opladningsenhed IP65<\/li>\n<li>Opladningsstik IP54<\/li>\n<li>Driftstemperatur: -30 - 50 \u00b0C<\/li>\n<li>CE-godkendt<\/li>\n<li>V\u00e6gt: 2,1 kg<\/li>\n<li>Garanti: 24 m\u00e5neder<\/li>\n<\/ul>\n<p>Bem\u00e6rk! Husholdningsstikd\u00e5ser f\u00e5s med sikringer p\u00e5 10 A og 16 A. Ved opladning fra en stikkontakt i flere timer skal man s\u00f8rge for, at ladestr\u00f8mmen begr\u00e6nses til 8 ampere. En almindelig husholdningsstikd\u00e5se kan ikke klare en l\u00e6ngerevarende opladning p\u00e5 16 A. Der findes ogs\u00e5 husholdningsstikd\u00e5ser (Super-suko) p\u00e5 markedet, som er designet af producenten til at kunne klare en kontinuerlig belastning p\u00e5 16 A. Disse stikkontakter kan oplades med en kontinuerlig str\u00f8m p\u00e5 16 A.<\/p>","protected":false},"excerpt":{"rendered":"<p>Motorwerk EV Type2 3,7 kW rejseoplader er nem at have med og f\u00e5r str\u00f8m fra en almindelig stikkontakt.<\/p>\n<ul>\n<li>Opladningsstr\u00f8m: 8 A, 10 A, 13 A og 16 A, justerbar<\/li>\n<li>Opladningseffekt: 1,8-3,7 kW<\/li>\n<li>Timerfunktion til opladning<\/li>\n<li>Forsinkelsesfunktion for opladning 1-10 timer<\/li>\n<\/ul>","protected":false},"featured_media":41975,"comment_status":"open","ping_status":"closed","template":"","meta":[],"product_brand":[821],"product_cat":[664],"product_tag":[671,675,676,822,677,678],"class_list":{"0":"post-29430","1":"product","2":"type-product","3":"status-publish","4":"has-post-thumbnail","6":"product_brand-motorwerk","7":"product_cat-laturit","8":"product_tag-16a","9":"product_tag-matkalaturi","10":"product_tag-mobiililaturi","11":"product_tag-motorwerk","12":"product_tag-schuko","13":"product_tag-type2","15":"first","16":"instock","17":"taxable","18":"shipping-taxable","19":"purchasable","20":"product-type-variable"},"jetpack_sharing_enabled":true,"_links":{"self":[{"href":"https:\/\/www.vempele.fi\/da\/wp-json\/wp\/v2\/product\/29430","targetHints":{"allow":["GET"]}}],"collection":[{"href":"https:\/\/www.vempele.fi\/da\/wp-json\/wp\/v2\/product"}],"about":[{"href":"https:\/\/www.vempele.fi\/da\/wp-json\/wp\/v2\/types\/product"}],"replies":[{"embeddable":true,"href":"https:\/\/www.vempele.fi\/da\/wp-json\/wp\/v2\/comments?post=29430"}],"wp:featuredmedia":[{"embeddable":true,"href":"https:\/\/www.vempele.fi\/da\/wp-json\/wp\/v2\/media\/41975"}],"wp:attachment":[{"href":"https:\/\/www.vempele.fi\/da\/wp-json\/wp\/v2\/media?parent=29430"}],"wp:term":[{"taxonomy":"product_brand","embeddable":true,"href":"https:\/\/www.vempele.fi\/da\/wp-json\/wp\/v2\/product_brand?post=29430"},{"taxonomy":"product_cat","embeddable":true,"href":"https:\/\/www.vempele.fi\/da\/wp-json\/wp\/v2\/product_cat?post=29430"},{"taxonomy":"product_tag","embeddable":true,"href":"https:\/\/www.vempele.fi\/da\/wp-json\/wp\/v2\/product_tag?post=29430"}],"curies":[{"name":"wp","href":"https:\/\/api.w.org\/{rel}","templated":true}]}}