{"id":29435,"date":"2025-09-03T15:52:08","date_gmt":"2025-09-03T12:52:08","guid":{"rendered":"https:\/\/www.vempele.fi\/?post_type=product&#038;p=29435"},"modified":"2026-01-22T11:07:59","modified_gmt":"2026-01-22T09:07:59","slug":"motorwerk-ev-type2-11kw-oplader","status":"publish","type":"product","link":"https:\/\/www.vempele.fi\/da\/tuote\/motorwerk-ev-type2-11kw-latauslaite\/","title":{"rendered":"Motorwerk EV Type2 11kW oplader"},"content":{"rendered":"<p>Motorwerk EV Type2 11kW oplader<\/p>\n<p>En kompakt, b\u00e6rbar ladestation til elbiler med 11 kW str\u00f8m til at oplade din bil natten over. Meget nem at s\u00e6tte op, da den ikke kr\u00e6ver nogen fast installation. Tilsluttes direkte til en stikkontakt (CEE 3x16A \/ 400V). Lille og let, s\u00e5 den er nem at tage med p\u00e5 forretningsrejser, i sommerhuset osv.<\/p>\n<p><a href=\"https:\/\/www.vempele.fi\/wp-content\/uploads\/2025\/09\/Kayttoohje_Motorwerk_11kw_type2_5m_8m_10m_FI_SV_EN.pdf\">Instruktioner til brug og installation<\/a><\/p>\n<p><strong>Funktioner:<\/strong><\/p>\n<ul>\n<li>Opladningsstr\u00f8m: 8 A, 10 A, 13 A og 16 A, justerbar<\/li>\n<li>Opladningseffekt: 5,5 kW-11 kW<\/li>\n<li>Opladningsstik: type 2<\/li>\n<li>V\u00e6gstik: CEE<\/li>\n<li>Kabell\u00e6ngde: 5 m, 8 m eller 10 m<\/li>\n<li>Informativ udstilling<\/li>\n<li>Timerfunktion til opladning<\/li>\n<li>Forsinkelsesfunktion for opladning 1-10 timer<\/li>\n<li>Type A AC-oversp\u00e6ndingsbeskyttelse + DC-oversp\u00e6ndingsbeskyttelse<\/li>\n<li>Beskyttelse mod l\u00e6kage, oversp\u00e6nding, undersp\u00e6nding, overophedning og lynnedslag<\/li>\n<li>Holdbar konstruktion i opladningsenheden<\/li>\n<li>Opladningsenhed IP65<\/li>\n<li>Opladningsstik IP54<\/li>\n<li>Driftstemperatur: -30 - 50 \u00b0C<\/li>\n<li>CE-godkendt<\/li>\n<li>Garanti: 24 m\u00e5neder<\/li>\n<\/ul>","protected":false},"excerpt":{"rendered":"<p>Motorwerk EV Type2 11kW oplader<\/p>\n<ul>\n<li>Opladningsstr\u00f8m: 8 A, 10 A, 13 A og 16 A, justerbar<\/li>\n<li>Opladningseffekt: 5,5 kW-11 kW<\/li>\n<li>Kabell\u00e6ngde: 5 m, 8 m eller 10 m<\/li>\n<li>Timerfunktion til opladning<\/li>\n<li>Forsinkelsesfunktion for opladning 1-10 timer<\/li>\n<\/ul>","protected":false},"featured_media":41982,"comment_status":"open","ping_status":"closed","template":"","meta":[],"product_brand":[821],"product_cat":[664],"product_tag":[671,673,675,676,678,679],"class_list":{"0":"post-29435","1":"product","2":"type-product","3":"status-publish","4":"has-post-thumbnail","6":"product_brand-motorwerk","7":"product_cat-laturit","8":"product_tag-16a","9":"product_tag-3-vaihe","10":"product_tag-matkalaturi","11":"product_tag-mobiililaturi","12":"product_tag-type2","13":"product_tag-voimavirta","15":"first","16":"instock","17":"taxable","18":"shipping-taxable","19":"purchasable","20":"product-type-variable"},"jetpack_sharing_enabled":true,"_links":{"self":[{"href":"https:\/\/www.vempele.fi\/da\/wp-json\/wp\/v2\/product\/29435","targetHints":{"allow":["GET"]}}],"collection":[{"href":"https:\/\/www.vempele.fi\/da\/wp-json\/wp\/v2\/product"}],"about":[{"href":"https:\/\/www.vempele.fi\/da\/wp-json\/wp\/v2\/types\/product"}],"replies":[{"embeddable":true,"href":"https:\/\/www.vempele.fi\/da\/wp-json\/wp\/v2\/comments?post=29435"}],"wp:featuredmedia":[{"embeddable":true,"href":"https:\/\/www.vempele.fi\/da\/wp-json\/wp\/v2\/media\/41982"}],"wp:attachment":[{"href":"https:\/\/www.vempele.fi\/da\/wp-json\/wp\/v2\/media?parent=29435"}],"wp:term":[{"taxonomy":"product_brand","embeddable":true,"href":"https:\/\/www.vempele.fi\/da\/wp-json\/wp\/v2\/product_brand?post=29435"},{"taxonomy":"product_cat","embeddable":true,"href":"https:\/\/www.vempele.fi\/da\/wp-json\/wp\/v2\/product_cat?post=29435"},{"taxonomy":"product_tag","embeddable":true,"href":"https:\/\/www.vempele.fi\/da\/wp-json\/wp\/v2\/product_tag?post=29435"}],"curies":[{"name":"wp","href":"https:\/\/api.w.org\/{rel}","templated":true}]}}