{"id":29602,"date":"2024-08-07T10:00:59","date_gmt":"2024-08-07T07:00:59","guid":{"rendered":"https:\/\/www.vempele.fi\/?post_type=product&#038;p=29602"},"modified":"2025-09-11T19:25:32","modified_gmt":"2025-09-11T16:25:32","slug":"dorsparkplader-tesla-model-y","status":"publish","type":"product","link":"https:\/\/www.vempele.fi\/da\/tuote\/ovien-potkusuojatarrat-tesla-model-y\/","title":{"rendered":"D\u00f8rsparkplader - Tesla Model Y"},"content":{"rendered":"<p>Tesla Model Y d\u00f8rsparkplader.<\/p>\n<ul>\n<li>Materiale: tykt vinylklisterm\u00e6rke<\/li>\n<li>Egnethed:\n<ul>\n<li>Model Y 2020 - 2024<\/li>\n<\/ul>\n<\/li>\n<li>Figur 1: Udsagn om kulfiber<\/li>\n<li>Antal: 4 stk \/ serie<\/li>\n<\/ul>","protected":false},"excerpt":{"rendered":"<p>D\u00f8rsparkplader til Tesla Model Y. De sorte, tykke og bl\u00f8de m\u00e6rkater har et kulfiberm\u00f8nster. De passer perfekt p\u00e5 den nederste del af indersiden af Tesla Model Y-d\u00f8rene. M\u00e6rkaterne beskytter indersiden af d\u00f8rene mod ridser og tager din bils sportslighed til det n\u00e6ste niveau!<\/p>\n<p>Pakket med etiketter til hver af de fire d\u00f8re.<\/p>","protected":false},"featured_media":29604,"comment_status":"open","ping_status":"closed","template":"","meta":[],"product_brand":[],"product_cat":[154,455,482,128],"product_tag":[83,241,271,242,121],"class_list":{"0":"post-29602","1":"product","2":"type-product","3":"status-publish","4":"has-post-thumbnail","6":"product_cat-model-y","7":"product_cat-my-tarvikkeet","8":"product_cat-tarvikkeet-sisapuolelle-model-y","9":"product_cat-tesla-tuotteet","10":"product_tag-autotarvikkeet","11":"product_tag-hiilikuitu","12":"product_tag-model-y","13":"product_tag-potkusuoja","14":"product_tag-tesla","16":"first","17":"instock","18":"taxable","19":"shipping-taxable","20":"purchasable","21":"product-type-simple"},"jetpack_sharing_enabled":true,"_links":{"self":[{"href":"https:\/\/www.vempele.fi\/da\/wp-json\/wp\/v2\/product\/29602","targetHints":{"allow":["GET"]}}],"collection":[{"href":"https:\/\/www.vempele.fi\/da\/wp-json\/wp\/v2\/product"}],"about":[{"href":"https:\/\/www.vempele.fi\/da\/wp-json\/wp\/v2\/types\/product"}],"replies":[{"embeddable":true,"href":"https:\/\/www.vempele.fi\/da\/wp-json\/wp\/v2\/comments?post=29602"}],"wp:featuredmedia":[{"embeddable":true,"href":"https:\/\/www.vempele.fi\/da\/wp-json\/wp\/v2\/media\/29604"}],"wp:attachment":[{"href":"https:\/\/www.vempele.fi\/da\/wp-json\/wp\/v2\/media?parent=29602"}],"wp:term":[{"taxonomy":"product_brand","embeddable":true,"href":"https:\/\/www.vempele.fi\/da\/wp-json\/wp\/v2\/product_brand?post=29602"},{"taxonomy":"product_cat","embeddable":true,"href":"https:\/\/www.vempele.fi\/da\/wp-json\/wp\/v2\/product_cat?post=29602"},{"taxonomy":"product_tag","embeddable":true,"href":"https:\/\/www.vempele.fi\/da\/wp-json\/wp\/v2\/product_tag?post=29602"}],"curies":[{"name":"wp","href":"https:\/\/api.w.org\/{rel}","templated":true}]}}