{"id":30954,"date":"2024-09-05T13:37:07","date_gmt":"2024-09-05T10:37:07","guid":{"rendered":"https:\/\/www.vempele.fi\/?post_type=product&#038;p=30954"},"modified":"2026-03-18T00:02:54","modified_gmt":"2026-03-17T22:02:54","slug":"bagspoiler-tesla-model-3-highland","status":"publish","type":"product","link":"https:\/\/www.vempele.fi\/da\/tuote\/takaspoileri-tesla-model-3-highland\/","title":{"rendered":"Rygs\u00e6kspoiler - Tesla Model 3 Highland"},"content":{"rendered":"<ul>\n<li>Farvemuligheder: mat sort og mat kulfiberfinish<\/li>\n<li>Egnethed:\n<ul>\n<li>Model 3 Highland 2024 -&gt;.<\/li>\n<\/ul>\n<\/li>\n<li>Materiale: ABS-plast<\/li>\n<li>V\u00e6gt: ca. 300 g<\/li>\n<li>Produktm\u00e5l p\u00e5 det bredeste sted: 122 x 5,5 x 2,1 cm<\/li>\n<\/ul>","protected":false},"excerpt":{"rendered":"<p>Stilfuld h\u00e6kspoiler til Tesla Model 3 Highland. F\u00e5s i mat sort og mat kulfiber. Spoileren er lavet af ABS-plast.<\/p>\n<p>Inde i h\u00e6kspoileren er der fastg\u00f8relsesb\u00e5nd i fuld l\u00e6ngde til at fastg\u00f8re den til bilen. S\u00f8rg for at reng\u00f8re fastg\u00f8relsespunktet s\u00e5 godt som muligt, og monter b\u00e5ndene i varmt vejr eller i en garage.<\/p>","protected":false},"featured_media":30957,"comment_status":"open","ping_status":"closed","template":"","meta":[],"product_brand":[],"product_cat":[151,452,481,128],"product_tag":[83,587,550,156,551,448,121],"class_list":{"0":"post-30954","1":"product","2":"type-product","3":"status-publish","4":"has-post-thumbnail","6":"product_cat-model-3","7":"product_cat-m3-tarvikkeet","8":"product_cat-tarvikkeet-ulkopuolelle-model-3","9":"product_cat-tesla-tuotteet","10":"product_tag-autotarvikkeet","11":"product_tag-highland","12":"product_tag-lippa","13":"product_tag-model-3","14":"product_tag-spoileri","15":"product_tag-takaspoileri","16":"product_tag-tesla","18":"first","19":"instock","20":"taxable","21":"shipping-taxable","22":"purchasable","23":"product-type-variable"},"jetpack_sharing_enabled":true,"_links":{"self":[{"href":"https:\/\/www.vempele.fi\/da\/wp-json\/wp\/v2\/product\/30954","targetHints":{"allow":["GET"]}}],"collection":[{"href":"https:\/\/www.vempele.fi\/da\/wp-json\/wp\/v2\/product"}],"about":[{"href":"https:\/\/www.vempele.fi\/da\/wp-json\/wp\/v2\/types\/product"}],"replies":[{"embeddable":true,"href":"https:\/\/www.vempele.fi\/da\/wp-json\/wp\/v2\/comments?post=30954"}],"wp:featuredmedia":[{"embeddable":true,"href":"https:\/\/www.vempele.fi\/da\/wp-json\/wp\/v2\/media\/30957"}],"wp:attachment":[{"href":"https:\/\/www.vempele.fi\/da\/wp-json\/wp\/v2\/media?parent=30954"}],"wp:term":[{"taxonomy":"product_brand","embeddable":true,"href":"https:\/\/www.vempele.fi\/da\/wp-json\/wp\/v2\/product_brand?post=30954"},{"taxonomy":"product_cat","embeddable":true,"href":"https:\/\/www.vempele.fi\/da\/wp-json\/wp\/v2\/product_cat?post=30954"},{"taxonomy":"product_tag","embeddable":true,"href":"https:\/\/www.vempele.fi\/da\/wp-json\/wp\/v2\/product_tag?post=30954"}],"curies":[{"name":"wp","href":"https:\/\/api.w.org\/{rel}","templated":true}]}}