{"id":31026,"date":"2024-09-10T12:42:58","date_gmt":"2024-09-10T09:42:58","guid":{"rendered":"https:\/\/www.vempele.fi\/?post_type=product&#038;p=31026"},"modified":"2024-09-10T13:52:53","modified_gmt":"2024-09-10T10:52:53","slug":"nokian-daek-hakkapeliitta-r5-ev-245-45r19-102t-xl-tl-model-s","status":"publish","type":"product","link":"https:\/\/www.vempele.fi\/da\/tuote\/nokian-tyres-hakkapeliitta-r5-ev-245-45r19-102t-xl-tl-model-s\/","title":{"rendered":"Nokian D\u00e6k Hakkapeliitta R5 EV 245\/45R19 102T XL TL - Model S"},"content":{"rendered":"<p>1 stk. 245\/45R19 Nokian-d\u00e6k Hakkapeliitta R5 EV 102T XL TL<\/p>\n<div class=\"Pr-md product-short-info__title ng-binding\"><\/div>\n<ul>\n<li class=\"single-product__section-title\">EU-d\u00e6km\u00e6rkning<\/li>\n<li>Type: friktionsring<\/li>\n<li>Tommer: 19<\/li>\n<li>Bredde: 245<\/li>\n<li>Profil: 45<\/li>\n<li class=\"single-product__section-title\">Hastighedskategori: 190 km\/t (T)<\/li>\n<li class=\"single-product__section-title\">Belastningskapacitet: 850 kg (102)<\/li>\n<\/ul>","protected":false},"excerpt":{"rendered":"<p class=\"single-product__title\">245\/45R19 Nokian-d\u00e6k Hakkapeliitta R5 EV 102T XL TL<\/p>\n<p>Friktionsd\u00e6k.<\/p>\n<p class=\"ewa-rteLine\">Hakkapeliitta R5 EV er et friktionsd\u00e6k til personbiler, crossovers og SUV'er. D\u00e6kkene er velegnede til Tesla Model Y. Hakkapeliitta R5 EV sikrer med sin milj\u00f8venlige teknologi maksimal sikkerhed og komfort for elbiler og hybrider samt en l\u00e6ngere r\u00e6kkevidde. Unikke Arctic Grip Crystals sikrer klassens bedste pr\u00e6stationer p\u00e5 is. K\u00f8rekomforten sikres med SilentDrive\u2122-teknologi.<\/p>\n<p class=\"ewa-rteLine\">- Ren vintervedligeholdelse og afbalanceret k\u00f8rsel<br \/>\n- Milj\u00f8venlig mobilitet og l\u00e6ngere r\u00e6kkevidde<br \/>\n- Ekstremt lavt st\u00f8jniveau takket v\u00e6re SilentDrive\u2122-teknologi<\/p>\n<p><strong>Bem\u00e6rk.<\/strong><br \/>\nNokia-d\u00e6k kommer direkte fra leverand\u00f8ren til os, normalt dagen efter bestillingen er afgivet.<br \/>\nLagerbeholdningen opdateres ikke automatisk, s\u00e5 vi kontakter dig med det samme, hvis d\u00e6kket af en eller anden grund ikke er tilg\u00e6ngeligt med det samme.<\/p>","protected":false},"featured_media":12576,"comment_status":"open","ping_status":"closed","template":"","meta":[],"product_brand":[],"product_cat":[152,371,128],"product_tag":[301,172,394,299,300,121,321],"class_list":{"0":"post-31026","1":"product","2":"type-product","3":"status-publish","4":"has-post-thumbnail","6":"product_cat-model-s","7":"product_cat-renkaat","8":"product_cat-tesla-tuotteet","9":"product_tag-autonrenkaat","10":"product_tag-model-s","11":"product_tag-nokian-renkaat","12":"product_tag-rengas","13":"product_tag-renkaat","14":"product_tag-tesla","15":"product_tag-vanteet","16":"product_shipping_class-nouto","18":"first","19":"instock","20":"taxable","21":"shipping-taxable","22":"purchasable","23":"product-type-simple"},"jetpack_sharing_enabled":true,"_links":{"self":[{"href":"https:\/\/www.vempele.fi\/da\/wp-json\/wp\/v2\/product\/31026","targetHints":{"allow":["GET"]}}],"collection":[{"href":"https:\/\/www.vempele.fi\/da\/wp-json\/wp\/v2\/product"}],"about":[{"href":"https:\/\/www.vempele.fi\/da\/wp-json\/wp\/v2\/types\/product"}],"replies":[{"embeddable":true,"href":"https:\/\/www.vempele.fi\/da\/wp-json\/wp\/v2\/comments?post=31026"}],"wp:featuredmedia":[{"embeddable":true,"href":"https:\/\/www.vempele.fi\/da\/wp-json\/wp\/v2\/media\/12576"}],"wp:attachment":[{"href":"https:\/\/www.vempele.fi\/da\/wp-json\/wp\/v2\/media?parent=31026"}],"wp:term":[{"taxonomy":"product_brand","embeddable":true,"href":"https:\/\/www.vempele.fi\/da\/wp-json\/wp\/v2\/product_brand?post=31026"},{"taxonomy":"product_cat","embeddable":true,"href":"https:\/\/www.vempele.fi\/da\/wp-json\/wp\/v2\/product_cat?post=31026"},{"taxonomy":"product_tag","embeddable":true,"href":"https:\/\/www.vempele.fi\/da\/wp-json\/wp\/v2\/product_tag?post=31026"}],"curies":[{"name":"wp","href":"https:\/\/api.w.org\/{rel}","templated":true}]}}