{"id":31029,"date":"2024-09-10T13:03:56","date_gmt":"2024-09-10T10:03:56","guid":{"rendered":"https:\/\/www.vempele.fi\/?post_type=product&#038;p=31029"},"modified":"2024-09-10T13:52:41","modified_gmt":"2024-09-10T10:52:41","slug":"nokian-daek-hakkapeliitta-r5-245-45r19-102t-xl-tl-model-s","status":"publish","type":"product","link":"https:\/\/www.vempele.fi\/da\/tuote\/nokian-tyres-hakkapeliitta-r5-245-45r19-102t-xl-tl-model-s\/","title":{"rendered":"Nokian D\u00e6k Hakkapeliitta R5 245\/45R19 102T XL TL - Model S"},"content":{"rendered":"<p>1 stk. 245\/45R19 Nokian-d\u00e6k Hakkapeliitta R5 102T XL TL<\/p>\n<div class=\"Pr-md product-short-info__title ng-binding\"><\/div>\n<ul>\n<li class=\"single-product__section-title\">EU-d\u00e6km\u00e6rkning<\/li>\n<li>Type: friktionsring<\/li>\n<li>Tommer: 19<\/li>\n<li>Bredde: 245<\/li>\n<li>Profil: 45<\/li>\n<li class=\"single-product__section-title\">Hastighedskategori: 190 km\/t (T)<\/li>\n<li class=\"single-product__section-title\">Belastningskapacitet: 850 kg (102)<\/li>\n<\/ul>","protected":false},"excerpt":{"rendered":"<p class=\"single-product__title\">245\/45R19 Nokian D\u00e6k Hakkapeliitta R5 102T XL TL<\/p>\n<p>Friktionsd\u00e6k.<\/p>\n<p class=\"ewa-rteLine\">Nokian Tyres Hakkapeliitta R5 er et friktionsd\u00e6k til personbiler. Det sikrer kompromisl\u00f8st vejgreb og smarte k\u00f8reegenskaber hver eneste dag om vinteren. Hakkapeliitta R5 er sikkerhed i sin reneste form: en innovativ kombination af vintergreb, st\u00f8jsvaghed og milj\u00f8venlighed. Takket v\u00e6re det nye Double Block Grip-design er vejgrebet og k\u00f8reegenskaberne overv\u00e6ldende. D\u00e6kkets unikke Arctic Grip Crystals sikrer klassens bedste pr\u00e6station p\u00e5 is.<\/p>\n<p><strong>Bem\u00e6rk.<\/strong><br \/>\nNokia-d\u00e6k kommer direkte fra leverand\u00f8ren til os, normalt dagen efter bestillingen er afgivet.<br \/>\nLagerbeholdningen opdateres ikke automatisk, s\u00e5 vi kontakter dig med det samme, hvis d\u00e6kket af en eller anden grund ikke er tilg\u00e6ngeligt med det samme.<\/p>","protected":false},"featured_media":12576,"comment_status":"open","ping_status":"closed","template":"","meta":[],"product_brand":[],"product_cat":[152,371,128],"product_tag":[301,172,394,299,300,121,321],"class_list":{"0":"post-31029","1":"product","2":"type-product","3":"status-publish","4":"has-post-thumbnail","6":"product_cat-model-s","7":"product_cat-renkaat","8":"product_cat-tesla-tuotteet","9":"product_tag-autonrenkaat","10":"product_tag-model-s","11":"product_tag-nokian-renkaat","12":"product_tag-rengas","13":"product_tag-renkaat","14":"product_tag-tesla","15":"product_tag-vanteet","16":"product_shipping_class-nouto","18":"first","19":"instock","20":"taxable","21":"shipping-taxable","22":"purchasable","23":"product-type-simple"},"jetpack_sharing_enabled":true,"_links":{"self":[{"href":"https:\/\/www.vempele.fi\/da\/wp-json\/wp\/v2\/product\/31029","targetHints":{"allow":["GET"]}}],"collection":[{"href":"https:\/\/www.vempele.fi\/da\/wp-json\/wp\/v2\/product"}],"about":[{"href":"https:\/\/www.vempele.fi\/da\/wp-json\/wp\/v2\/types\/product"}],"replies":[{"embeddable":true,"href":"https:\/\/www.vempele.fi\/da\/wp-json\/wp\/v2\/comments?post=31029"}],"wp:featuredmedia":[{"embeddable":true,"href":"https:\/\/www.vempele.fi\/da\/wp-json\/wp\/v2\/media\/12576"}],"wp:attachment":[{"href":"https:\/\/www.vempele.fi\/da\/wp-json\/wp\/v2\/media?parent=31029"}],"wp:term":[{"taxonomy":"product_brand","embeddable":true,"href":"https:\/\/www.vempele.fi\/da\/wp-json\/wp\/v2\/product_brand?post=31029"},{"taxonomy":"product_cat","embeddable":true,"href":"https:\/\/www.vempele.fi\/da\/wp-json\/wp\/v2\/product_cat?post=31029"},{"taxonomy":"product_tag","embeddable":true,"href":"https:\/\/www.vempele.fi\/da\/wp-json\/wp\/v2\/product_tag?post=31029"}],"curies":[{"name":"wp","href":"https:\/\/api.w.org\/{rel}","templated":true}]}}