{"id":31032,"date":"2024-09-10T13:26:17","date_gmt":"2024-09-10T10:26:17","guid":{"rendered":"https:\/\/www.vempele.fi\/?post_type=product&#038;p=31032"},"modified":"2024-09-10T13:52:21","modified_gmt":"2024-09-10T10:52:21","slug":"nokian-daek-hakkapeliitta-10-245-45r19-102t-xl-tl-model-s","status":"publish","type":"product","link":"https:\/\/www.vempele.fi\/da\/tuote\/nokian-tyres-hakkapeliitta-10-245-45r19-102t-xl-tl-model-s\/","title":{"rendered":"Nokian D\u00e6k Hakkapeliitta 10 245\/45R19 102T XL TL - Model S"},"content":{"rendered":"<p>1 stk. 245\/45R19 Nokian-d\u00e6k Hakkapeliitta 10 102T XL TL med nitter<\/p>\n<ul>\n<li class=\"single-product__section-title\">EU-d\u00e6km\u00e6rkning<\/li>\n<li>Type: pigd\u00e6k<\/li>\n<li>Tommer: 19<\/li>\n<li>Bredde: 245<\/li>\n<li>Profil: 45<\/li>\n<li class=\"single-product__section-title\">Hastighedskategori: 190 km\/t (T)<\/li>\n<li class=\"single-product__section-title\">Belastningskapacitet: 850 kg (102)<\/li>\n<\/ul>","protected":false},"excerpt":{"rendered":"<p class=\"single-product__title\">245\/45R19 Nokian-d\u00e6k Hakkapeliitta 10 102T XL TL med pigge<\/p>\n<p>D\u00e6k med pigge. Anbefales is\u00e6r til Tesla Model S.<\/p>\n<p><strong>N\u00e6ste generations sikkerhed<\/strong><\/p>\n<p>Hakkapeliitta 10 pigd\u00e6kket fra Nokia Tyres giver ro i sindet i den nordlige vinter. Denne n\u00e6ste generation af sikkerhedsvinterd\u00e6k kombinerer milj\u00f8venlighed, k\u00f8rekomfort og suver\u00e6nt vejgreb p\u00e5 sne og is. Nokian Tyres Hakkapeliitta 10 bruger Nokian Tyres' dobbeltpindsteknologi med midterpinde til forbedret greb ved acceleration og bremsning og skulderpinde til maksimalt greb i sving og vognbaneskift.Nokian Tyres Hakkapeliitta 10 giver f\u00f8rsteklasses k\u00f8rekomfort med et nyt m\u00f8nster, der giver stabilitet og vejgreb i sneen, og en optimal placering af piggene, der giver et j\u00e6vnt og behageligt lydmilj\u00f8.<\/p>\n<p><strong>Bem\u00e6rk.<\/strong><br \/>\nNokia-d\u00e6k kommer direkte fra leverand\u00f8ren til os, normalt dagen efter bestillingen er afgivet.<br \/>\nLagerbeholdningen opdateres ikke automatisk, s\u00e5 vi kontakter dig med det samme, hvis d\u00e6kket af en eller anden grund ikke er tilg\u00e6ngeligt med det samme.<\/p>","protected":false},"featured_media":12575,"comment_status":"open","ping_status":"closed","template":"","meta":[],"product_brand":[],"product_cat":[152,371,128],"product_tag":[301,172,394,299,300,121,321],"class_list":{"0":"post-31032","1":"product","2":"type-product","3":"status-publish","4":"has-post-thumbnail","6":"product_cat-model-s","7":"product_cat-renkaat","8":"product_cat-tesla-tuotteet","9":"product_tag-autonrenkaat","10":"product_tag-model-s","11":"product_tag-nokian-renkaat","12":"product_tag-rengas","13":"product_tag-renkaat","14":"product_tag-tesla","15":"product_tag-vanteet","16":"product_shipping_class-nouto","18":"first","19":"instock","20":"taxable","21":"shipping-taxable","22":"purchasable","23":"product-type-simple"},"jetpack_sharing_enabled":true,"_links":{"self":[{"href":"https:\/\/www.vempele.fi\/da\/wp-json\/wp\/v2\/product\/31032","targetHints":{"allow":["GET"]}}],"collection":[{"href":"https:\/\/www.vempele.fi\/da\/wp-json\/wp\/v2\/product"}],"about":[{"href":"https:\/\/www.vempele.fi\/da\/wp-json\/wp\/v2\/types\/product"}],"replies":[{"embeddable":true,"href":"https:\/\/www.vempele.fi\/da\/wp-json\/wp\/v2\/comments?post=31032"}],"wp:featuredmedia":[{"embeddable":true,"href":"https:\/\/www.vempele.fi\/da\/wp-json\/wp\/v2\/media\/12575"}],"wp:attachment":[{"href":"https:\/\/www.vempele.fi\/da\/wp-json\/wp\/v2\/media?parent=31032"}],"wp:term":[{"taxonomy":"product_brand","embeddable":true,"href":"https:\/\/www.vempele.fi\/da\/wp-json\/wp\/v2\/product_brand?post=31032"},{"taxonomy":"product_cat","embeddable":true,"href":"https:\/\/www.vempele.fi\/da\/wp-json\/wp\/v2\/product_cat?post=31032"},{"taxonomy":"product_tag","embeddable":true,"href":"https:\/\/www.vempele.fi\/da\/wp-json\/wp\/v2\/product_tag?post=31032"}],"curies":[{"name":"wp","href":"https:\/\/api.w.org\/{rel}","templated":true}]}}