{"id":31931,"date":"2024-10-04T00:00:00","date_gmt":"2024-10-03T21:00:00","guid":{"rendered":"https:\/\/www.vempele.fi\/fi\/?post_type=product&#038;p=31931"},"modified":"2026-04-01T14:51:08","modified_gmt":"2026-04-01T11:51:08","slug":"linglong-greenmax-vintergreb-2-255-45r19-104t-tesla-model-y","status":"publish","type":"product","link":"https:\/\/www.vempele.fi\/da\/tuote\/linglong-greenmax-winter-grip-2-255-45r19-104t-tesla-model-y\/","title":{"rendered":"Linglong GreenMax Winter Grip 2 255\/45R19 104T - Tesla Model Y"},"content":{"rendered":"<p>1 Linglong GreenMax Winter Grip 2 255\/45-19 104T<\/p>\n<ul>\n<li>EU-d\u00e6km\u00e6rkning<\/li>\n<li>Type: pigd\u00e6k<\/li>\n<li>Tommer: 19<\/li>\n<li>Bredde: 255<\/li>\n<li>Profil: 45<\/li>\n<li>Hastighedskategori: T<\/li>\n<li>Belastningsklasse: 104<\/li>\n<li>D\u00e6kklassificering: C1<\/li>\n<li>Br\u00e6ndstof\u00f8konomi: <\/li>\n<li>V\u00e5d vedligeholdelse: <\/li>\n<li>Klassificering af st\u00f8j p\u00e5 rattet:\u00a0 <\/li>\n<\/ul>\n<p>D\u00e6kkene leveres direkte fra partnerens lager.<\/p>\n<p><img decoding=\"async\" src=\"\" width=\"300\" \/><\/p>\n<p>Produktinformation hentet fra en partner.<\/p>","protected":false},"excerpt":{"rendered":"<p>GreenMax Winter Grip 2 - sikkerhed og greb<br \/>\ntil den nordlige vinter<br \/>\n&#13;<br \/>\nGreenMax Winter Grip 2 er prisbillig og h\u00f8jtydende<br \/>\net pigd\u00e6k, der er specielt designet til kr\u00e6vende nordiske forhold<br \/>\ntil vinterforhold.  D\u00e6kkets moderne slidbanem\u00f8nster kombineret med effektive pigge<br \/>\nmed fremragende greb p\u00e5 is og sne og stabile k\u00f8reegenskaber<br \/>\np\u00e5 varierende veje.<br \/>\n&#13;<br \/>\nVigtige funktioner:<br \/>\n&#13;<br \/>\n&#13;<br \/>\n Effektiv<br \/>\n     Pigge giver sikkert greb p\u00e5 isglatte veje<br \/>\n Dyb<br \/>\n     Riller og optimeret lamellering forbedrer fastholdelse af sne og forhindrer overf\u00f8rsel af sjap<br \/>\n Stille<br \/>\n     og en behagelig k\u00f8reoplevelse sammenlignet med mange lignende budgetbiler.<br \/>\n     p\u00e5 d\u00e6k<br \/>\n B\u00e6redygtig<br \/>\n     gummiblandingen bevarer sin fleksibilitet i kolde temperaturer, hvilket forbedrer<br \/>\n     sikkerhed<br \/>\n&#13;<br \/>\n&#13;<br \/>\nGreenMax Winter Grip 2 er et godt valg for dig, der<br \/>\ndu er p\u00e5 udkig efter et p\u00e5lideligt pigd\u00e6k til en overkommelig pris uden at g\u00e5 p\u00e5 kompromis<br \/>\nsikkerhed om vinteren.  D\u00e6kket er ideelt til personbiler og sm\u00e5<br \/>\nSUV'er, og dens ydeevne er blevet testet under barske forhold.<br \/>\n&#13;<br \/>\nF\u00e5s i en r\u00e6kke st\u00f8rrelser - find den rigtige st\u00f8rrelse til din bil<br \/>\nNu! <\/p>\n<p> D\u00e6kkene leveres direkte fra partnerens lager.<\/p>","protected":false},"featured_media":31932,"comment_status":"open","ping_status":"open","template":"","meta":[],"product_brand":[],"product_cat":[371],"product_tag":[714,632,271,713,121],"class_list":{"0":"post-31931","1":"product","2":"type-product","3":"status-publish","4":"has-post-thumbnail","6":"product_cat-renkaat","7":"product_tag-greenmax-winter-grip-2","8":"product_tag-linglong","9":"product_tag-model-y","10":"product_tag-nastarengas","11":"product_tag-tesla","13":"first","14":"instock","15":"taxable","16":"shipping-taxable","17":"purchasable","18":"product-type-simple"},"jetpack_sharing_enabled":true,"_links":{"self":[{"href":"https:\/\/www.vempele.fi\/da\/wp-json\/wp\/v2\/product\/31931","targetHints":{"allow":["GET"]}}],"collection":[{"href":"https:\/\/www.vempele.fi\/da\/wp-json\/wp\/v2\/product"}],"about":[{"href":"https:\/\/www.vempele.fi\/da\/wp-json\/wp\/v2\/types\/product"}],"replies":[{"embeddable":true,"href":"https:\/\/www.vempele.fi\/da\/wp-json\/wp\/v2\/comments?post=31931"}],"wp:featuredmedia":[{"embeddable":true,"href":"https:\/\/www.vempele.fi\/da\/wp-json\/wp\/v2\/media\/31932"}],"wp:attachment":[{"href":"https:\/\/www.vempele.fi\/da\/wp-json\/wp\/v2\/media?parent=31931"}],"wp:term":[{"taxonomy":"product_brand","embeddable":true,"href":"https:\/\/www.vempele.fi\/da\/wp-json\/wp\/v2\/product_brand?post=31931"},{"taxonomy":"product_cat","embeddable":true,"href":"https:\/\/www.vempele.fi\/da\/wp-json\/wp\/v2\/product_cat?post=31931"},{"taxonomy":"product_tag","embeddable":true,"href":"https:\/\/www.vempele.fi\/da\/wp-json\/wp\/v2\/product_tag?post=31931"}],"curies":[{"name":"wp","href":"https:\/\/api.w.org\/{rel}","templated":true}]}}