{"id":31937,"date":"2024-10-03T00:00:00","date_gmt":"2024-10-02T21:00:00","guid":{"rendered":"https:\/\/www.vempele.fi\/fi\/?post_type=product&#038;p=31937"},"modified":"2026-04-24T07:51:09","modified_gmt":"2026-04-24T04:51:09","slug":"linglong-greenmax-vintergreb-suv-275-45r20-110t-tesla-model-x","status":"publish","type":"product","link":"https:\/\/www.vempele.fi\/da\/tuote\/linglong-greenmax-winter-grip-suv-275-45r20-110t-tesla-model-x\/","title":{"rendered":"Linglong GreenMax Winter Grip SUV 275\/45R20 110T - Tesla Model X"},"content":{"rendered":"<p>1 Linglong GreenMax Winter Grip SUV 275\/45-20 110T<\/p>\n<ul>\n<li>EU-d\u00e6km\u00e6rkning<\/li>\n<li>Type: friktionsring<\/li>\n<li>Tommer: 20<\/li>\n<li>Bredde: 275<\/li>\n<li>Profil: 45<\/li>\n<li>Hastighedskategori: T<\/li>\n<li>Belastningsklasse: 110<\/li>\n<li>Klassificering af d\u00e6k: <\/li>\n<li>Br\u00e6ndstof\u00f8konomi: <\/li>\n<li>V\u00e5d vedligeholdelse: <\/li>\n<li>Klassificering af st\u00f8j p\u00e5 rattet:\u00a0 <\/li>\n<\/ul>\n<p>&nbsp;<\/p>\n<p>D\u00e6kkene leveres direkte fra partnerens lager.<\/p>\n<p><img decoding=\"async\" src=\"\" width=\"300\" \/><\/p>\n<p>D\u00e6kinformation hentet fra en partner.<\/p>","protected":false},"excerpt":{"rendered":"<p>Finsk Linglong GreenMax Winter Grip pigd\u00e6k<br \/>\n&#13;<br \/>\nTestet og udviklet i Ivalo.  Linglongs nye GreenMax Winter Grip pigd\u00e6k er specielt udviklet til de kr\u00e6vende vinterforhold i Finland.  D\u00e6kket er blevet udviklet og testet flere gange p\u00e5 Finlands mest anerkendte testanl\u00e6g for vinterd\u00e6k, Ivalo Test World.  Ved at teste flere forskellige gummiblandinger og konstruktioner under \u00e6gte nordlige vinterforhold er der skabt et vinterd\u00e6k, der passer perfekt til den finske vinter.<br \/>\nBesat med finske Tikka-stifter.  Linglong GreenMax Winter Grip er udstyret med finske Tikka-knopper, der giver et f\u00f8rsteklasses greb p\u00e5 isen.  Tikka har v\u00e6ret kvalitetsf\u00f8rende inden for fremstilling af pigge, lige siden virksomheden udviklede verdens f\u00f8rste d\u00e6kpigge i 1950'erne.<br \/>\nFremstillet med finske A-Technology automatiske maskiner.  Piggenes stabile kvalitet er garanteret af fabrikspigge med de bedste fuldautomatiske A-Technology-maskiner p\u00e5 markedet.<br \/>\nFremragende testresultater<br \/>\nI udviklingen af Linglong GreenMax Winter Grip, den nuv\u00e6rende markedsleder og testvinder i de fleste sammenligninger, blev Nokias Hakkapeliitta 7 og Hankook Winter I*Pike valgt som referenced\u00e6k.  M\u00e5let var at skabe et d\u00e6k, der ville ligge et sted mellem disse to d\u00e6k med hensyn til ydeevne, og som ville give mest v\u00e6rdi for pengene af de tre.<br \/>\nD\u00e6ktestene blev udf\u00f8rt af verdens f\u00f8rende testcenter for vinterd\u00e6k, Test World i Ivalo, Finland.  Test World er velkendt i Finland for bl.a. sine d\u00e6ktests i Tekniikan Welt.  Testene viste, at Linglong klarede sig rigtig godt i en h\u00e5rd sammenligningsgruppe.  Testen omfattede d\u00e6kkets bremseegenskaber p\u00e5 sne, is, v\u00e5dt og t\u00f8rt underlag.  Linglong blev nummer to eller bedre under alle forhold og slog Hankook p\u00e5 tre ud af fire underlag og Nokia p\u00e5 to ud af fire.  Samlet set kan Linglong endda betragtes som det bedste d\u00e6k i referencegruppen, og n\u00e5r man tager Linglongs meget lavere pris i betragtning, er Linglongs pris\/ydelsesforhold bedre end konkurrenternes.<br \/>\nStol p\u00e5 den finske vinterd\u00e6kekspertise, og v\u00e6lg det sikre Linglong GreenMax Winter Grip!<br \/>\n&#13;<br \/>\nLinglong betragtes i vid udstr\u00e6kning som den kinesiske d\u00e6kproducent af h\u00f8jeste kvalitet.  Is\u00e6r den spektakul\u00e6re test- og salgssucces for Linglongs flagskibsprodukt, GreenMax-d\u00e6kfamilien, har skabt et st\u00e6rkt omd\u00f8mme for m\u00e6rket i hele Europa.  Linglong er str\u00f8get til tops p\u00e5 de finske d\u00e6klister takket v\u00e6re fremragende kundetilfredshed og den bedste v\u00e6rdi for pengene p\u00e5 markedet. <\/p>\n<p>D\u00e6kkene leveres direkte fra partnerens lager.<\/p>","protected":false},"featured_media":31938,"comment_status":"open","ping_status":"open","template":"","meta":[],"product_brand":[],"product_cat":[371],"product_tag":[715,704,632,173,121],"class_list":{"0":"post-31937","1":"product","2":"type-product","3":"status-publish","4":"has-post-thumbnail","6":"product_cat-renkaat","7":"product_tag-greenmax-winter-grip-suv","8":"product_tag-kitkarengas","9":"product_tag-linglong","10":"product_tag-model-x","11":"product_tag-tesla","13":"first","14":"instock","15":"taxable","16":"shipping-taxable","17":"purchasable","18":"product-type-simple"},"jetpack_sharing_enabled":true,"_links":{"self":[{"href":"https:\/\/www.vempele.fi\/da\/wp-json\/wp\/v2\/product\/31937","targetHints":{"allow":["GET"]}}],"collection":[{"href":"https:\/\/www.vempele.fi\/da\/wp-json\/wp\/v2\/product"}],"about":[{"href":"https:\/\/www.vempele.fi\/da\/wp-json\/wp\/v2\/types\/product"}],"replies":[{"embeddable":true,"href":"https:\/\/www.vempele.fi\/da\/wp-json\/wp\/v2\/comments?post=31937"}],"wp:featuredmedia":[{"embeddable":true,"href":"https:\/\/www.vempele.fi\/da\/wp-json\/wp\/v2\/media\/31938"}],"wp:attachment":[{"href":"https:\/\/www.vempele.fi\/da\/wp-json\/wp\/v2\/media?parent=31937"}],"wp:term":[{"taxonomy":"product_brand","embeddable":true,"href":"https:\/\/www.vempele.fi\/da\/wp-json\/wp\/v2\/product_brand?post=31937"},{"taxonomy":"product_cat","embeddable":true,"href":"https:\/\/www.vempele.fi\/da\/wp-json\/wp\/v2\/product_cat?post=31937"},{"taxonomy":"product_tag","embeddable":true,"href":"https:\/\/www.vempele.fi\/da\/wp-json\/wp\/v2\/product_tag?post=31937"}],"curies":[{"name":"wp","href":"https:\/\/api.w.org\/{rel}","templated":true}]}}