{"id":32642,"date":"2024-11-01T13:25:46","date_gmt":"2024-11-01T11:25:46","guid":{"rendered":"https:\/\/www.vempele.fi\/?post_type=product&#038;p=32642"},"modified":"2026-03-18T07:27:07","modified_gmt":"2026-03-18T05:27:07","slug":"telefonholder-tesla-model-3-highland","status":"publish","type":"product","link":"https:\/\/www.vempele.fi\/da\/tuote\/puhelinteline-tesla-model-3-highland\/","title":{"rendered":"Telefonholder - Tesla Model 3 \/ Y - Highland \/ Juniper"},"content":{"rendered":"<p>Telefonholder - Tesla Model 3 \/ Y - Highland \/ Juniper<\/p>\n<p>En fantastisk funktion til at holde din telefon synlig, n\u00e5r du k\u00f8rer i vandret position.<\/p>\n<p>Produktet kan placeres enten bag rattet eller hvor som helst i instrumentbr\u00e6ttets luftindtags\u00e5bning!<\/p>\n<p>Andre oplysninger<\/p>\n<ul>\n<li>Farve: sort<\/li>\n<li>Egnethed:\n<ul>\n<li>Model 3 Highland vm. 2024 -&gt;.<\/li>\n<li>Model Y Juniper 2025-&gt;.<\/li>\n<\/ul>\n<\/li>\n<li>Materiale: silikone<\/li>\n<\/ul>","protected":false},"excerpt":{"rendered":"<p>Telefonholder - Tesla Model 3 \/ Y - Highland \/ Juniper.<\/p>\n<p>Telefonstativet er specielt designet til Tesla Model 3 Highland og Model Y Juniper-modellerne. Passer til de fleste telefoner, selv med beskyttelsescover! (maks. 1,4 cm tyk). Stativet har ogs\u00e5 justerbare f\u00f8dder for at f\u00e5 telefonen i en god vinkel og godt fastgjort.<\/p>","protected":false},"featured_media":32644,"comment_status":"open","ping_status":"closed","template":"","meta":[],"product_brand":[],"product_cat":[151,452,480,128],"product_tag":[587,314,313,244,156,516,121],"class_list":{"0":"post-32642","1":"product","2":"type-product","3":"status-publish","4":"has-post-thumbnail","6":"product_cat-model-3","7":"product_cat-m3-tarvikkeet","8":"product_cat-tarvikkeet-sisapuolelle-model-3","9":"product_cat-tesla-tuotteet","10":"product_tag-highland","11":"product_tag-kannykkapidike","12":"product_tag-kannykkateline","13":"product_tag-kojelauta","14":"product_tag-model-3","15":"product_tag-puhelinteline","16":"product_tag-tesla","18":"first","19":"instock","20":"taxable","21":"shipping-taxable","22":"purchasable","23":"product-type-simple"},"jetpack_sharing_enabled":true,"_links":{"self":[{"href":"https:\/\/www.vempele.fi\/da\/wp-json\/wp\/v2\/product\/32642","targetHints":{"allow":["GET"]}}],"collection":[{"href":"https:\/\/www.vempele.fi\/da\/wp-json\/wp\/v2\/product"}],"about":[{"href":"https:\/\/www.vempele.fi\/da\/wp-json\/wp\/v2\/types\/product"}],"replies":[{"embeddable":true,"href":"https:\/\/www.vempele.fi\/da\/wp-json\/wp\/v2\/comments?post=32642"}],"wp:featuredmedia":[{"embeddable":true,"href":"https:\/\/www.vempele.fi\/da\/wp-json\/wp\/v2\/media\/32644"}],"wp:attachment":[{"href":"https:\/\/www.vempele.fi\/da\/wp-json\/wp\/v2\/media?parent=32642"}],"wp:term":[{"taxonomy":"product_brand","embeddable":true,"href":"https:\/\/www.vempele.fi\/da\/wp-json\/wp\/v2\/product_brand?post=32642"},{"taxonomy":"product_cat","embeddable":true,"href":"https:\/\/www.vempele.fi\/da\/wp-json\/wp\/v2\/product_cat?post=32642"},{"taxonomy":"product_tag","embeddable":true,"href":"https:\/\/www.vempele.fi\/da\/wp-json\/wp\/v2\/product_tag?post=32642"}],"curies":[{"name":"wp","href":"https:\/\/api.w.org\/{rel}","templated":true}]}}