{"id":3279,"date":"2019-12-10T09:26:37","date_gmt":"2019-12-10T07:26:37","guid":{"rendered":"https:\/\/www.vempele.fi\/?post_type=product&#038;p=3279"},"modified":"2026-04-10T11:55:55","modified_gmt":"2026-04-10T08:55:55","slug":"daektryksensor-autel-tpms-mx-433mhz","status":"publish","type":"product","link":"https:\/\/www.vempele.fi\/da\/tuote\/rengaspaine-anturi-autel-tpms-mx-433mhz\/","title":{"rendered":"D\u00e6ktrykssensor - Autel MX-Sensor 433MHz TPMS"},"content":{"rendered":"<p>D\u00e6ktryksensor - Autel TPMS MX-Sensor 433MHz<\/p>\n<table style=\"height: 815px;\" border=\"0\" width=\"581\">\n<tbody>\n<tr class=\"downl_h2\">\n<td class=\"spec_name downl_bg\">Batteriets levetid<\/td>\n<td width=\"2\"><\/td>\n<td class=\"spec_down downl_bg\">\u22655 \u00e5r<\/td>\n<\/tr>\n<tr class=\"downl_h2\">\n<td class=\"spec_name\">Driftstemperatur<\/td>\n<td width=\"2\"><\/td>\n<td class=\"spec_down\">-40\u00b0C - +125\u00b0C<\/td>\n<\/tr>\n<tr class=\"downl_h2\">\n<td class=\"spec_name downl_bg\">Opbevaringstemperatur<\/td>\n<td width=\"2\"><\/td>\n<td class=\"spec_down downl_bg\">-40\u00b0C - +150\u00b0C<\/td>\n<\/tr>\n<tr class=\"downl_h2\">\n<td class=\"spec_name\">Modstandsdygtighed over for fugt<\/td>\n<td width=\"2\"><\/td>\n<td class=\"spec_down\">90 %<\/td>\n<\/tr>\n<tr class=\"downl_h2\">\n<td class=\"spec_name downl_bg\">Driftsfrekvens<\/td>\n<td width=\"2\"><\/td>\n<td class=\"spec_down downl_bg\">433 MHz<\/td>\n<\/tr>\n<tr class=\"downl_h2\">\n<td class=\"spec_name\">Omr\u00e5de til overv\u00e5gning af tryk<\/td>\n<td width=\"2\"><\/td>\n<td class=\"spec_down\">0 - 800 kpa<\/td>\n<\/tr>\n<tr class=\"downl_h2\">\n<td class=\"spec_name downl_bg\">N\u00f8jagtighed ved trykafl\u00e6sning<\/td>\n<td width=\"2\"><\/td>\n<td class=\"spec_down downl_bg\">\u00b110 kpa<\/td>\n<\/tr>\n<tr class=\"downl_h2\">\n<td class=\"spec_name\">N\u00f8jagtighed ved temperaturafl\u00e6sning<\/td>\n<td width=\"2\"><\/td>\n<td class=\"spec_down\">\u00b15\u00b0C<\/td>\n<\/tr>\n<tr class=\"downl_h2\">\n<td class=\"spec_name downl_bg\">G-sensorens afl\u00e6sningsn\u00f8jagtighed<\/td>\n<td width=\"2\"><\/td>\n<td class=\"spec_down downl_bg\">\u00b115 %<\/td>\n<\/tr>\n<tr class=\"downl_h2\">\n<td class=\"spec_name\">Transmissionskraft<\/td>\n<td width=\"2\"><\/td>\n<td class=\"spec_down\">5-8 dBm<\/td>\n<\/tr>\n<tr class=\"downl_h2\">\n<td class=\"spec_name downl_bg\">Batteri<\/td>\n<td width=\"2\"><\/td>\n<td class=\"spec_down downl_bg\">3.0 V<\/td>\n<\/tr>\n<tr class=\"downl_h2\">\n<td class=\"spec_name\">M\u00e5l (bredde x h\u00f8jde x dybde)<\/td>\n<td width=\"2\"><\/td>\n<td class=\"spec_down\">55,1*29,4*21,8 mm (clamp-in-sensor)<br \/>\n54,2 * 29,4 * 19,1 mm (snap-in-sensor)<\/td>\n<\/tr>\n<tr class=\"downl_h2\">\n<td class=\"spec_name downl_bg\">V\u00e6gt (uden ventil)<\/td>\n<td width=\"2\"><\/td>\n<td class=\"spec_down downl_bg\">18,5 g (fastsp\u00e6ndt sensor)<br \/>\n15,6 g (snap-in-sensor)<\/td>\n<\/tr>\n<\/tbody>\n<\/table>\n<p>Mere information om Autelin <a href=\"https:\/\/www.maxitpms.com\/\" target=\"_blank\" rel=\"noopener noreferrer\">Hjemmeside<\/a>.<\/p>","protected":false},"excerpt":{"rendered":"<p><strong>Bem\u00e6rk! Tjek kompatibiliteten med din bil <a href=\"https:\/\/maxitpms.com\/get-coverage\/\" target=\"_blank\" rel=\"noopener\">fra producentens hjemmeside<\/a>.<\/strong><\/p>\n<p>Testet og bevist at passe til is\u00e6r Teslaer (Model S\/3\/X)! Nogle Model 3 VM2021-modeller er allerede udstyret med den <a href=\"https:\/\/www.vempele.fi\/da\/product-2\/daektryksensor-autel-mx-sensor-ble-bluetooth-tpms\/\" target=\"_blank\" rel=\"noopener\">Bluetooth-sensorer<\/a>, og med disse modeller fungerer 433Mhz-sensorer ikke. Hvis din bil er en 2021-model, skal du kontakte Tesla for at se, om din bil har Bluetooth-sensorer.<\/p>\n<ul>\n<li><strong>Generel model. Kodes pr. bilm\u00e6rke efter kundens \u00f8nske.<\/strong><\/li>\n<li>Signalstyrke, robusthed og funktionalitet p\u00e5 niveau med OE-sensorer<\/li>\n<li>T\u00e5ler barske vejrforhold<\/li>\n<li>Metal<\/li>\n<li>Hurtig og nem at s\u00e6tte p\u00e5 plads<\/li>\n<li>Sensoren kan ogs\u00e5 programmeres, mens d\u00e6kket st\u00e5r stille.<\/li>\n<\/ul>\n<p><strong>N\u00e5r du har kontrolleret, at produktet er kompatibelt med din bilmodel, bedes du skrive det i kommentarfeltet, n\u00e5r du afgiver din bestilling: <\/strong><\/p>\n<ul>\n<li><strong>Bilmodel<\/strong><\/li>\n<li><strong>Bilens produktions\u00e5r og -m\u00e5ned<\/strong><\/li>\n<\/ul>\n<p><strong>F.eks. Tesla Model 3 - 3\/2019.<\/strong><\/p>\n<p>Dette vil hj\u00e6lpe dig med at fremskynde leveringen af din pakke.<\/p>","protected":false},"featured_media":24042,"comment_status":"open","ping_status":"closed","template":"","meta":[],"product_brand":[],"product_cat":[151,152,153,128,456],"product_tag":[82,83,121,120,122,123],"class_list":{"0":"post-3279","1":"product","2":"type-product","3":"status-publish","4":"has-post-thumbnail","6":"product_cat-model-3","7":"product_cat-model-s","8":"product_cat-model-x","9":"product_cat-tesla-tuotteet","10":"product_cat-vannetarvikkeet","11":"product_tag-autel","12":"product_tag-autotarvikkeet","13":"product_tag-tesla","14":"product_tag-tesla-model-3","15":"product_tag-tesla-model-s","16":"product_tag-tesla-model-x","18":"first","19":"instock","20":"taxable","21":"shipping-taxable","22":"purchasable","23":"product-type-variable"},"jetpack_sharing_enabled":true,"_links":{"self":[{"href":"https:\/\/www.vempele.fi\/da\/wp-json\/wp\/v2\/product\/3279","targetHints":{"allow":["GET"]}}],"collection":[{"href":"https:\/\/www.vempele.fi\/da\/wp-json\/wp\/v2\/product"}],"about":[{"href":"https:\/\/www.vempele.fi\/da\/wp-json\/wp\/v2\/types\/product"}],"replies":[{"embeddable":true,"href":"https:\/\/www.vempele.fi\/da\/wp-json\/wp\/v2\/comments?post=3279"}],"wp:featuredmedia":[{"embeddable":true,"href":"https:\/\/www.vempele.fi\/da\/wp-json\/wp\/v2\/media\/24042"}],"wp:attachment":[{"href":"https:\/\/www.vempele.fi\/da\/wp-json\/wp\/v2\/media?parent=3279"}],"wp:term":[{"taxonomy":"product_brand","embeddable":true,"href":"https:\/\/www.vempele.fi\/da\/wp-json\/wp\/v2\/product_brand?post=3279"},{"taxonomy":"product_cat","embeddable":true,"href":"https:\/\/www.vempele.fi\/da\/wp-json\/wp\/v2\/product_cat?post=3279"},{"taxonomy":"product_tag","embeddable":true,"href":"https:\/\/www.vempele.fi\/da\/wp-json\/wp\/v2\/product_tag?post=3279"}],"curies":[{"name":"wp","href":"https:\/\/api.w.org\/{rel}","templated":true}]}}