{"id":32963,"date":"2024-10-04T00:00:00","date_gmt":"2024-10-03T21:00:00","guid":{"rendered":"https:\/\/www.vempele.fi\/tuote\/nankang-ice-2-nordic-235-55r18-104t-tesla-model-y\/"},"modified":"2026-04-17T00:51:11","modified_gmt":"2026-04-16T21:51:11","slug":"nankang-ice-2-nordic-235-55r18-104t-tesla-model-y","status":"publish","type":"product","link":"https:\/\/www.vempele.fi\/da\/tuote\/nankang-ice-2-nordic-235-55r18-104t-tesla-model-y\/","title":{"rendered":"Nankang ICE-2 Nordic 235\/55R18 104T - Tesla Model Y"},"content":{"rendered":"<p>1 s\u00e6t Nankang ICE-2 Nordic 235\/55-18 104T<\/p>\n<ul>\n<li>EU-d\u00e6km\u00e6rkning<\/li>\n<li>Type: friktionsring<\/li>\n<li>Tommer: 18<\/li>\n<li>Bredde: 235<\/li>\n<li>Profil: 55<\/li>\n<li>Hastighedskategori: T<\/li>\n<li>Belastningsklasse: 104<\/li>\n<li>Klassificering af d\u00e6k: <\/li>\n<li>Br\u00e6ndstof\u00f8konomi: <\/li>\n<li>V\u00e5d vedligeholdelse: <\/li>\n<li>Klassificering af st\u00f8j p\u00e5 rattet:\u00a0 <\/li>\n<\/ul>\n<p>&nbsp;<\/p>\n<p>D\u00e6kkene leveres direkte fra partnerens lager.<\/p>\n<p><img decoding=\"async\" src=\"https:\/\/www.vempele.fi\/wp-content\/uploads\/2024\/11\/Label_444553.svg\" width=\"300\" \/><\/p>\n<p>D\u00e6kinformation hentet fra en partner.<\/p>","protected":false},"excerpt":{"rendered":"<p>ICE-2 er Nankangs nye friktionsd\u00e6k, som er endnu bedre end sin popul\u00e6re forg\u00e6nger, ICE-1.  ICE-2 har et endnu bedre isgreb end ICE-1, som er meget rost af kunderne.  Nankang har lagt al sin viden om moderne d\u00e6kteknologi i det nye ICE-2.  Resultatet er et friktionsd\u00e6k, der er ekstremt sikkert og afstemt til det h\u00f8jeste niveau af k\u00f8rekomfort.<br \/>\n\u00a0&#13;<br \/>\nICE-2 er blevet testet p\u00e5 Test Worlds testbane i Ivalo under nordiske vinterforhold.  En r\u00e6kke forskellige nordiske d\u00e6kblandinger blev brugt i testen, indtil resultatet var det bedst mulige.  ICE-2 konkurrerer med de mest kendte topprodukter p\u00e5 markedet p\u00e5 alt andet end prisen.  ICE-2 er et friktionsd\u00e6k i topklasse, som du helt sikkert b\u00f8r opleve med egne \u00f8jne.<br \/>\n&#13;<br \/>\nTaiwan-baserede Nankang er en af Asiens \u00e6ldste og mest traditionsrige d\u00e6kproducenter med en knowhow og teknologi, der ligger i front p\u00e5 sit felt.  Nankang har stor erfaring med at fremstille vinterd\u00e6k designet til de nordiske lande, og kvaliteten af Nankangs vinterd\u00e6k er ogs\u00e5 blevet godt modtaget af d\u00e6kforeningen. <\/p>\n<p>D\u00e6kkene leveres direkte fra partnerens lager.<\/p>","protected":false},"featured_media":32965,"comment_status":"open","ping_status":"open","template":"","meta":[],"product_brand":[],"product_cat":[371],"product_tag":[723,704,271,707,121],"class_list":{"0":"post-32963","1":"product","2":"type-product","3":"status-publish","4":"has-post-thumbnail","6":"product_cat-renkaat","7":"product_tag-ice-2-nordic","8":"product_tag-kitkarengas","9":"product_tag-model-y","10":"product_tag-nankang","11":"product_tag-tesla","13":"first","14":"instock","15":"taxable","16":"shipping-taxable","17":"purchasable","18":"product-type-simple"},"jetpack_sharing_enabled":true,"_links":{"self":[{"href":"https:\/\/www.vempele.fi\/da\/wp-json\/wp\/v2\/product\/32963","targetHints":{"allow":["GET"]}}],"collection":[{"href":"https:\/\/www.vempele.fi\/da\/wp-json\/wp\/v2\/product"}],"about":[{"href":"https:\/\/www.vempele.fi\/da\/wp-json\/wp\/v2\/types\/product"}],"replies":[{"embeddable":true,"href":"https:\/\/www.vempele.fi\/da\/wp-json\/wp\/v2\/comments?post=32963"}],"wp:featuredmedia":[{"embeddable":true,"href":"https:\/\/www.vempele.fi\/da\/wp-json\/wp\/v2\/media\/32965"}],"wp:attachment":[{"href":"https:\/\/www.vempele.fi\/da\/wp-json\/wp\/v2\/media?parent=32963"}],"wp:term":[{"taxonomy":"product_brand","embeddable":true,"href":"https:\/\/www.vempele.fi\/da\/wp-json\/wp\/v2\/product_brand?post=32963"},{"taxonomy":"product_cat","embeddable":true,"href":"https:\/\/www.vempele.fi\/da\/wp-json\/wp\/v2\/product_cat?post=32963"},{"taxonomy":"product_tag","embeddable":true,"href":"https:\/\/www.vempele.fi\/da\/wp-json\/wp\/v2\/product_tag?post=32963"}],"curies":[{"name":"wp","href":"https:\/\/api.w.org\/{rel}","templated":true}]}}