{"id":32969,"date":"2024-10-04T00:00:00","date_gmt":"2024-10-03T21:00:00","guid":{"rendered":"https:\/\/www.vempele.fi\/tuote\/nankang-ws-1-nordic-255-40r20-101q-tesla-model-y\/"},"modified":"2026-04-02T00:51:10","modified_gmt":"2026-04-01T21:51:10","slug":"nankang-ws-1-nordic-255-40r20-101q-tesla-model-y","status":"publish","type":"product","link":"https:\/\/www.vempele.fi\/da\/tuote\/nankang-ws-1-nordic-255-40r20-101q-tesla-model-y\/","title":{"rendered":"Nankang WS-1 Nordic 255\/40R20 101Q - Tesla Model Y"},"content":{"rendered":"<p>1 Nankang WS-1 Nordic 255\/40-20 101Q<\/p>\n<ul>\n<li>EU-d\u00e6km\u00e6rkning<\/li>\n<li>Type: friktionsring<\/li>\n<li>Tommer: 20<\/li>\n<li>Bredde: 255<\/li>\n<li>Profil: 40<\/li>\n<li>Hastighedskategori: Q<\/li>\n<li>Belastningsklasse: 101<\/li>\n<li>Klassificering af d\u00e6k: <\/li>\n<li>Br\u00e6ndstof\u00f8konomi: <\/li>\n<li>V\u00e5d vedligeholdelse: <\/li>\n<li>Klassificering af st\u00f8j p\u00e5 rattet:\u00a0 <\/li>\n<\/ul>\n<p>&nbsp;<\/p>\n<p>D\u00e6kkene leveres direkte fra partnerens lager.<\/p>\n<p><img decoding=\"async\" src=\"https:\/\/www.vempele.fi\/wp-content\/uploads\/2024\/11\/Label_465032.svg\" width=\"300\" \/><\/p>\n<p>D\u00e6kinformation hentet fra en partner.<\/p>","protected":false},"excerpt":{"rendered":"<p>Nankang WS-1 Nordic - et p\u00e5lideligt friktionsd\u00e6k<br \/>\nTil nordiske vintre Nankang WS-1 Nordic er et f\u00f8rsteklasses friktionsd\u00e6k, der er<br \/>\ndesignet specielt til de barske vinterforhold i de nordiske lande.  Dens<br \/>\navanceret gummiblanding og omhyggeligt designet slidbanem\u00f8nster giver<br \/>\nfremragende greb p\u00e5 sne og is, hvilket forbedrer k\u00f8rselssikkerheden og k\u00f8ret\u00f8jets<br \/>\nstyring i koldt vejr. Vigtigste funktioner:<br \/>\n Specielt forberedt<br \/>\n     Gummiblanding for maksimalt greb p\u00e5 isede og sned\u00e6kkede veje.<br \/>\n Stabil<br \/>\n     og en forudsigelig k\u00f8reoplevelse for bedre sikkerhed under alle forhold<br \/>\n     under vinterforhold.<br \/>\n Designet til<br \/>\n     for en stille og behagelig k\u00f8rsel uden st\u00f8j fra pigge.<br \/>\nNankang WS-1 Nordic kombinerer den lange historie fra sin producent<br \/>\nerfaring og den nyeste d\u00e6kteknologi, hvilket g\u00f8r det til et fremragende valg for<br \/>\nPersonbiler og SUV'er, der k\u00f8rer om vinteren og i glat f\u00f8re.<br \/>\nBetingelser.<br \/>\n&#13;<br \/>\n&#13;<br \/>\n&#13;<br \/>\n&#13;<br \/>\n&#13;<br \/>\n&#13;<br \/>\n&#13;<br \/>\n&#13;<br \/>\n&#13;<br \/>\nV\u00e6lg Nankang WS-1 Nordic og k\u00f8r sikkert igennem<br \/>\nden nordlige vinter. <\/p>\n<p>D\u00e6kkene leveres direkte fra partnerens lager.<\/p>","protected":false},"featured_media":31930,"comment_status":"open","ping_status":"open","template":"","meta":[],"product_brand":[],"product_cat":[371],"product_tag":[704,271,707,121,712],"class_list":{"0":"post-32969","1":"product","2":"type-product","3":"status-publish","4":"has-post-thumbnail","6":"product_cat-renkaat","7":"product_tag-kitkarengas","8":"product_tag-model-y","9":"product_tag-nankang","10":"product_tag-tesla","11":"product_tag-ws-1-nordic","13":"first","14":"instock","15":"taxable","16":"shipping-taxable","17":"purchasable","18":"product-type-simple"},"jetpack_sharing_enabled":true,"_links":{"self":[{"href":"https:\/\/www.vempele.fi\/da\/wp-json\/wp\/v2\/product\/32969","targetHints":{"allow":["GET"]}}],"collection":[{"href":"https:\/\/www.vempele.fi\/da\/wp-json\/wp\/v2\/product"}],"about":[{"href":"https:\/\/www.vempele.fi\/da\/wp-json\/wp\/v2\/types\/product"}],"replies":[{"embeddable":true,"href":"https:\/\/www.vempele.fi\/da\/wp-json\/wp\/v2\/comments?post=32969"}],"wp:featuredmedia":[{"embeddable":true,"href":"https:\/\/www.vempele.fi\/da\/wp-json\/wp\/v2\/media\/31930"}],"wp:attachment":[{"href":"https:\/\/www.vempele.fi\/da\/wp-json\/wp\/v2\/media?parent=32969"}],"wp:term":[{"taxonomy":"product_brand","embeddable":true,"href":"https:\/\/www.vempele.fi\/da\/wp-json\/wp\/v2\/product_brand?post=32969"},{"taxonomy":"product_cat","embeddable":true,"href":"https:\/\/www.vempele.fi\/da\/wp-json\/wp\/v2\/product_cat?post=32969"},{"taxonomy":"product_tag","embeddable":true,"href":"https:\/\/www.vempele.fi\/da\/wp-json\/wp\/v2\/product_tag?post=32969"}],"curies":[{"name":"wp","href":"https:\/\/api.w.org\/{rel}","templated":true}]}}