{"id":33213,"date":"2024-10-04T00:00:00","date_gmt":"2024-10-03T21:00:00","guid":{"rendered":"https:\/\/www.vempele.fi\/fi\/tuote\/goodride-snowmaster-sw608-245-45r19-102v-tesla-model-s\/"},"modified":"2026-05-06T08:51:12","modified_gmt":"2026-05-06T05:51:12","slug":"goodride-snowmaster-sw608-245-45r19-102v-tesla-model-s","status":"publish","type":"product","link":"https:\/\/www.vempele.fi\/da\/tuote\/goodride-snowmaster-sw608-245-45r19-102v-tesla-model-s\/","title":{"rendered":"Goodride SnowMaster SW608 245\/45R19 102V - Tesla Model S"},"content":{"rendered":"<p>1 s\u00e6t Goodride SnowMaster SW608 245\/45-19 102V<\/p>\n<ul>\n<li>EU-d\u00e6km\u00e6rkning<\/li>\n<li>Type: friktionsring<\/li>\n<li>Tommer: 19<\/li>\n<li>Bredde: 245<\/li>\n<li>Profil: 45<\/li>\n<li>Hastighedskategori: V<\/li>\n<li>Belastningsklasse: 102<\/li>\n<li>D\u00e6kklassificering: C1<\/li>\n<li>Br\u00e6ndstof\u00f8konomi: C<\/li>\n<li>V\u00e5d vedligeholdelse: C<\/li>\n<li>Klassificering af st\u00f8j fra rattet: B<\/li>\n<\/ul>\n<p>&nbsp;<\/p>\n<p>D\u00e6kkene leveres direkte fra partnerens lager.<\/p>\n<p><img decoding=\"async\" src=\"https:\/\/www.vempele.fi\/wp-content\/uploads\/2024\/11\/Label_459536.svg\" width=\"300\" \/><\/p>\n<p>D\u00e6kinformation hentet fra en partner.<\/p>","protected":false},"excerpt":{"rendered":"<p>Goodride SnowMaster SW608 friktionsd\u00e6k til finsk vinter.<br \/>\nD\u00e6kkets nye pileformede slidbanem\u00f8nster er designet til at give det bedst mulige greb p\u00e5 sne og is samt en rolig og behagelig k\u00f8rsel.<br \/>\n&#13;<br \/>\nDet pileformede overfladem\u00f8nster fjerner effektivt sne, sjap og vand under d\u00e6kket.<br \/>\nDen optimerede placering af lamellerne maksimerer d\u00e6kkets kontakt med vejoverfladen og giver fremragende vejgreb og man\u00f8vredygtighed under vinterforhold.<br \/>\nMaterialet er udviklet specielt til vinterd\u00e6k og forbedrer k\u00f8reegenskaberne om vinteren og holder d\u00e6kket bl\u00f8dt selv i h\u00e5rd frost.<br \/>\n&#13;<br \/>\nGoodride: garanteret kvalitet til den rigtige pris.<br \/>\n&#13;<br \/>\nVi tilbyder ogs\u00e5 den unikke Goodride Safety-d\u00e6kning.  Selv hvis du ved et uheld beskadiger et d\u00e6k, erstatter vi det under Goodride Safety-d\u00e6kningen.  For mere information om Goodride Safety cover, bes\u00f8g http:\/\/www. goodride. fi\/goodride-safety <\/p>\n<p>D\u00e6kkene leveres direkte fra partnerens lager.<\/p>","protected":false},"featured_media":33215,"comment_status":"open","ping_status":"open","template":"","meta":[],"product_brand":[],"product_cat":[371],"product_tag":[727,704,172,731,121],"class_list":{"0":"post-33213","1":"product","2":"type-product","3":"status-publish","4":"has-post-thumbnail","6":"product_cat-renkaat","7":"product_tag-goodride","8":"product_tag-kitkarengas","9":"product_tag-model-s","10":"product_tag-snowmaster-sw608","11":"product_tag-tesla","13":"first","14":"instock","15":"taxable","16":"shipping-taxable","17":"purchasable","18":"product-type-simple"},"jetpack_sharing_enabled":true,"_links":{"self":[{"href":"https:\/\/www.vempele.fi\/da\/wp-json\/wp\/v2\/product\/33213","targetHints":{"allow":["GET"]}}],"collection":[{"href":"https:\/\/www.vempele.fi\/da\/wp-json\/wp\/v2\/product"}],"about":[{"href":"https:\/\/www.vempele.fi\/da\/wp-json\/wp\/v2\/types\/product"}],"replies":[{"embeddable":true,"href":"https:\/\/www.vempele.fi\/da\/wp-json\/wp\/v2\/comments?post=33213"}],"wp:featuredmedia":[{"embeddable":true,"href":"https:\/\/www.vempele.fi\/da\/wp-json\/wp\/v2\/media\/33215"}],"wp:attachment":[{"href":"https:\/\/www.vempele.fi\/da\/wp-json\/wp\/v2\/media?parent=33213"}],"wp:term":[{"taxonomy":"product_brand","embeddable":true,"href":"https:\/\/www.vempele.fi\/da\/wp-json\/wp\/v2\/product_brand?post=33213"},{"taxonomy":"product_cat","embeddable":true,"href":"https:\/\/www.vempele.fi\/da\/wp-json\/wp\/v2\/product_cat?post=33213"},{"taxonomy":"product_tag","embeddable":true,"href":"https:\/\/www.vempele.fi\/da\/wp-json\/wp\/v2\/product_tag?post=33213"}],"curies":[{"name":"wp","href":"https:\/\/api.w.org\/{rel}","templated":true}]}}