{"id":33282,"date":"2024-11-25T12:04:37","date_gmt":"2024-11-25T10:04:37","guid":{"rendered":"https:\/\/www.vempele.fi\/?post_type=product&#038;p=33282"},"modified":"2026-04-22T20:34:49","modified_gmt":"2026-04-22T17:34:49","slug":"forrudeviskere-ridex-plus-tesla-model-3-y","status":"publish","type":"product","link":"https:\/\/www.vempele.fi\/da\/tuote\/tuulilasinpyyhkijat-ridex-plus-tesla-model-3-y\/","title":{"rendered":"Forrudeviskere RIDEX Plus - Tesla Model 3 \/ Y"},"content":{"rendered":"<p>RIDEX Plus forrudeviskere. Nemme at udskifte!<\/p>\n<p><b>For mere information:<\/b><\/p>\n<ul>\n<li>Producent: RIDEX<\/li>\n<li>Model: 298W0491P<\/li>\n<li>Farve: Sort<\/li>\n<li>Kompatibilitet:\n<ul>\n<li>Model Y 2020 - 2024 (det kortere beslag er 1\u2033 kortere end det originale)<\/li>\n<li>Model 3 Pre-Refresh 2019 - 2021<\/li>\n<li>Opdatering af Model 3 2021 - 2023<\/li>\n<\/ul>\n<\/li>\n<\/ul>\n<p>&nbsp;<\/p>","protected":false},"excerpt":{"rendered":"<p>RIDEX Plus-forrudeviskere af h\u00f8j kvalitet til Tesla Model 3 og Y.<\/p>\n<p>N\u00e5r viskerbladet ikke l\u00e6ngere fjerner al fugten fra ruden, er det tid til at udskifte det. Viskeren skal g\u00f8re ruden helt ren p\u00e5 tre str\u00f8g. Vi kan udskifte dine gamle vinduesviskere med begge forrudeviskere til en god pris!<\/p>\n<p>L\u00e6ngder:<br \/>\n650 mm \/ 26\u2033<br \/>\n475 mm \/ 19\u2033<\/p>","protected":false},"featured_media":33283,"comment_status":"open","ping_status":"closed","template":"","meta":[],"product_brand":[745],"product_cat":[151,154,452,455,481,483,128,471,472],"product_tag":[156,271,470,548,121],"class_list":{"0":"post-33282","1":"product","2":"type-product","3":"status-publish","4":"has-post-thumbnail","6":"product_brand-ridex","7":"product_cat-model-3","8":"product_cat-model-y","9":"product_cat-m3-tarvikkeet","10":"product_cat-my-tarvikkeet","11":"product_cat-tarvikkeet-ulkopuolelle-model-3","12":"product_cat-tarvikkeet-ulkopuolelle-model-y","13":"product_cat-tesla-tuotteet","14":"product_cat-model-3-varaosat","15":"product_cat-varaosat-model-y","16":"product_tag-model-3","17":"product_tag-model-y","18":"product_tag-pyyhkijansulat","19":"product_tag-sulat","20":"product_tag-tesla","22":"first","23":"instock","24":"taxable","25":"shipping-taxable","26":"purchasable","27":"product-type-simple"},"jetpack_sharing_enabled":true,"_links":{"self":[{"href":"https:\/\/www.vempele.fi\/da\/wp-json\/wp\/v2\/product\/33282","targetHints":{"allow":["GET"]}}],"collection":[{"href":"https:\/\/www.vempele.fi\/da\/wp-json\/wp\/v2\/product"}],"about":[{"href":"https:\/\/www.vempele.fi\/da\/wp-json\/wp\/v2\/types\/product"}],"replies":[{"embeddable":true,"href":"https:\/\/www.vempele.fi\/da\/wp-json\/wp\/v2\/comments?post=33282"}],"wp:featuredmedia":[{"embeddable":true,"href":"https:\/\/www.vempele.fi\/da\/wp-json\/wp\/v2\/media\/33283"}],"wp:attachment":[{"href":"https:\/\/www.vempele.fi\/da\/wp-json\/wp\/v2\/media?parent=33282"}],"wp:term":[{"taxonomy":"product_brand","embeddable":true,"href":"https:\/\/www.vempele.fi\/da\/wp-json\/wp\/v2\/product_brand?post=33282"},{"taxonomy":"product_cat","embeddable":true,"href":"https:\/\/www.vempele.fi\/da\/wp-json\/wp\/v2\/product_cat?post=33282"},{"taxonomy":"product_tag","embeddable":true,"href":"https:\/\/www.vempele.fi\/da\/wp-json\/wp\/v2\/product_tag?post=33282"}],"curies":[{"name":"wp","href":"https:\/\/api.w.org\/{rel}","templated":true}]}}