{"id":33306,"date":"2024-10-03T00:00:00","date_gmt":"2024-10-02T21:00:00","guid":{"rendered":"https:\/\/www.vempele.fi\/fi\/tuote\/linglong-sport-master-testisensaatio-235-40r19-96y-tesla-model-3\/"},"modified":"2026-04-22T16:51:11","modified_gmt":"2026-04-22T13:51:11","slug":"linglong-sport-master-test-sensation-235-40r19-96y-tesla-model-3","status":"publish","type":"product","link":"https:\/\/www.vempele.fi\/da\/tuote\/linglong-sport-master-testisensaatio-235-40r19-96y-tesla-model-3\/","title":{"rendered":"Linglong Sport Master TEST SESSION! 235\/40R19 96Y - Tesla Model 3"},"content":{"rendered":"<p>1 stk Linglong Sport Master TEST SALE! 235\/40-19 96Y<\/p>\n<ul>\n<li>EU-d\u00e6km\u00e6rkning<\/li>\n<li>Type: sommerd\u00e6k<\/li>\n<li>Tommer: 19<\/li>\n<li>Bredde: 235<\/li>\n<li>Profil: 40<\/li>\n<li>Hastighedskategori: Y<\/li>\n<li>Belastningsklasse: 96<\/li>\n<li>D\u00e6kklassificering: C1<\/li>\n<li>Br\u00e6ndstof\u00f8konomi: C<\/li>\n<li>V\u00e5d vedligeholdelse: A<\/li>\n<li>Klassificering af kabinest\u00f8j og intensitet: A - dB<\/li>\n<\/ul>\n<p>&nbsp;<\/p>\n<p>D\u00e6kkene leveres direkte fra partnerens lager.<\/p>\n<p><img decoding=\"async\" src=\"https:\/\/www.vempele.fi\/wp-content\/uploads\/2024\/11\/Label_695364.svg\" width=\"300\" \/><\/p>\n<p>D\u00e6kinformation hentet fra en partner.<\/p>","protected":false},"excerpt":{"rendered":"<p>Linglong Sport Master er et sommerd\u00e6k af h\u00f8j kvalitet, der giver fremragende vejgreb og ydeevne til den bedst mulige v\u00e6rdi for pengene.  SportMaster er et sikkert sommerd\u00e6k, som du kan stole p\u00e5 under de varierede sommerforhold i Norden.  Et h\u00f8jtydende d\u00e6k, der er fremstillet ved hj\u00e6lp af den nyeste d\u00e6kteknologi.  Et sommerd\u00e6k i klasse A, som ogs\u00e5 ser stilfuldt ud. Linglong skrev historie - slog sine konkurrenter med flere meterI en omfattende sommerd\u00e6ktest foretaget af det prestigefyldte tyske magasin Auto Bild (3\/2026) skrev Linglong historie.  Testen sammenlignede 50 sommerd\u00e6k, og resultatet var enest\u00e5ende:Linglong var langt det bedste v\u00e5dgrebsd\u00e6k i testenLinglong var helt overv\u00e6ldende og slog nummer to med en st\u00f8rre margin end nummer to i top femten. V\u00e5dgreb er den vigtigste sikkerhedsfunktion i et sommerd\u00e6k - og det er her, Linglong dominerede konkurrencenLinglong Sport Master udm\u00e6rkede sig ikke kun - det kom ud p\u00e5 toppen.  Det er en \u00e6gte testvinder. D\u00e6kket opn\u00e5ede den korteste bremsel\u00e6ngde i testen p\u00e5 v\u00e5d asfalt, hvor det stoppede efter kun 25,2 meter fra 80 km\/t.  Linglong slog sine konkurrenter med flere meter, mens de andre k\u00f8rte om kap med centimeterne. \u00a0 <\/p>\n<p> D\u00e6kkene leveres direkte fra partnerens lager.<\/p>","protected":false},"featured_media":33023,"comment_status":"open","ping_status":"open","template":"","meta":[],"product_brand":[],"product_cat":[371],"product_tag":[696,632,156,729,121],"class_list":{"0":"post-33306","1":"product","2":"type-product","3":"status-publish","4":"has-post-thumbnail","6":"product_cat-renkaat","7":"product_tag-kesarengas","8":"product_tag-linglong","9":"product_tag-model-3","10":"product_tag-sport-master-testisensaatio","11":"product_tag-tesla","13":"first","14":"instock","15":"taxable","16":"shipping-taxable","17":"purchasable","18":"product-type-simple"},"jetpack_sharing_enabled":true,"_links":{"self":[{"href":"https:\/\/www.vempele.fi\/da\/wp-json\/wp\/v2\/product\/33306","targetHints":{"allow":["GET"]}}],"collection":[{"href":"https:\/\/www.vempele.fi\/da\/wp-json\/wp\/v2\/product"}],"about":[{"href":"https:\/\/www.vempele.fi\/da\/wp-json\/wp\/v2\/types\/product"}],"replies":[{"embeddable":true,"href":"https:\/\/www.vempele.fi\/da\/wp-json\/wp\/v2\/comments?post=33306"}],"wp:featuredmedia":[{"embeddable":true,"href":"https:\/\/www.vempele.fi\/da\/wp-json\/wp\/v2\/media\/33023"}],"wp:attachment":[{"href":"https:\/\/www.vempele.fi\/da\/wp-json\/wp\/v2\/media?parent=33306"}],"wp:term":[{"taxonomy":"product_brand","embeddable":true,"href":"https:\/\/www.vempele.fi\/da\/wp-json\/wp\/v2\/product_brand?post=33306"},{"taxonomy":"product_cat","embeddable":true,"href":"https:\/\/www.vempele.fi\/da\/wp-json\/wp\/v2\/product_cat?post=33306"},{"taxonomy":"product_tag","embeddable":true,"href":"https:\/\/www.vempele.fi\/da\/wp-json\/wp\/v2\/product_tag?post=33306"}],"curies":[{"name":"wp","href":"https:\/\/api.w.org\/{rel}","templated":true}]}}