{"id":33335,"date":"2024-11-26T12:23:41","date_gmt":"2024-11-26T10:23:41","guid":{"rendered":"https:\/\/www.vempele.fi\/?post_type=product&#038;p=33335"},"modified":"2026-04-13T14:32:40","modified_gmt":"2026-04-13T11:32:40","slug":"ppf-beskyttelsesfilm-til-dorhandtag-model-3-y","status":"publish","type":"product","link":"https:\/\/www.vempele.fi\/da\/tuote\/ppf-suojakalvot-ovenkahvoille-model-3-y\/","title":{"rendered":"PPF-beskyttelsesfilm til d\u00f8rh\u00e5ndtag - Model 3 \/ Y"},"content":{"rendered":"<p>PPF-beskyttelsesfilm til d\u00f8rh\u00e5ndtag - Model 3 \/ Y<\/p>\n<ul>\n<li>Produktet indeholder 8 stykker PPF-film, der er sk\u00e5ret i facon.<\/li>\n<li>Farve: Transparent<\/li>\n<li>Egnethed:\n<ul>\n<li>Model 3 Pre-Refresh vm. 2019 - 2021<\/li>\n<li>Model 3 Refresh vm 2021 - 2023<\/li>\n<li>Model 3 Highland 2023 -&gt;.<\/li>\n<li>Model Y 2020 - 2024<\/li>\n<li>Model Y Juniper 2025 -&gt;.<\/li>\n<\/ul>\n<\/li>\n<\/ul>","protected":false},"excerpt":{"rendered":"<p>PPF-beskyttelsesfilm til d\u00f8rh\u00e5ndtag - Model 3 \/ Y<br \/>\nMed en PPF-beskyttelsesmanchet, der er sk\u00e5ret til i st\u00f8rrelse, kan du beskytte b\u00e5de selve d\u00f8rh\u00e5ndtagene og omr\u00e5det omkring d\u00f8rh\u00e5ndtagene.<\/p>\n<p>Filmen er gennemsigtig, elastisk og holdbar.<\/p>\n<p>En vellykket installation kr\u00e6ver et varmt rum og omhyggelig reng\u00f8ring af det omr\u00e5de, der skal filmes, for alt snavs, st\u00f8v, fedt og eventuel bel\u00e6gning. Efter reng\u00f8ringen spr\u00f8jtes mildt s\u00e6bevand fra en sprayflaske p\u00e5 det omr\u00e5de, der skal installeres, og p\u00e5 den kl\u00e6bende side af beskyttelsesfilmen. S\u00e6t derefter beskyttelsesfilmen p\u00e5 plads, og brug en spatel til at fjerne s\u00e6bevandet imellem, s\u00e5 beskyttelsesfilmen kan kl\u00e6be til lakoverfladen.<\/p>","protected":false},"featured_media":33337,"comment_status":"open","ping_status":"closed","template":"","meta":[],"product_brand":[],"product_cat":[151,154,452,455,481,483,128],"product_tag":[156,271,526,411,527,121],"class_list":{"0":"post-33335","1":"product","2":"type-product","3":"status-publish","4":"has-post-thumbnail","6":"product_cat-model-3","7":"product_cat-model-y","8":"product_cat-m3-tarvikkeet","9":"product_cat-my-tarvikkeet","10":"product_cat-tarvikkeet-ulkopuolelle-model-3","11":"product_cat-tarvikkeet-ulkopuolelle-model-y","12":"product_cat-tesla-tuotteet","13":"product_tag-model-3","14":"product_tag-model-y","15":"product_tag-ppf","16":"product_tag-suoja","17":"product_tag-suojakalvo","18":"product_tag-tesla","20":"first","21":"outofstock","22":"taxable","23":"shipping-taxable","24":"purchasable","25":"product-type-simple"},"jetpack_sharing_enabled":true,"_links":{"self":[{"href":"https:\/\/www.vempele.fi\/da\/wp-json\/wp\/v2\/product\/33335","targetHints":{"allow":["GET"]}}],"collection":[{"href":"https:\/\/www.vempele.fi\/da\/wp-json\/wp\/v2\/product"}],"about":[{"href":"https:\/\/www.vempele.fi\/da\/wp-json\/wp\/v2\/types\/product"}],"replies":[{"embeddable":true,"href":"https:\/\/www.vempele.fi\/da\/wp-json\/wp\/v2\/comments?post=33335"}],"wp:featuredmedia":[{"embeddable":true,"href":"https:\/\/www.vempele.fi\/da\/wp-json\/wp\/v2\/media\/33337"}],"wp:attachment":[{"href":"https:\/\/www.vempele.fi\/da\/wp-json\/wp\/v2\/media?parent=33335"}],"wp:term":[{"taxonomy":"product_brand","embeddable":true,"href":"https:\/\/www.vempele.fi\/da\/wp-json\/wp\/v2\/product_brand?post=33335"},{"taxonomy":"product_cat","embeddable":true,"href":"https:\/\/www.vempele.fi\/da\/wp-json\/wp\/v2\/product_cat?post=33335"},{"taxonomy":"product_tag","embeddable":true,"href":"https:\/\/www.vempele.fi\/da\/wp-json\/wp\/v2\/product_tag?post=33335"}],"curies":[{"name":"wp","href":"https:\/\/api.w.org\/{rel}","templated":true}]}}