{"id":34129,"date":"2024-12-31T11:42:48","date_gmt":"2024-12-31T09:42:48","guid":{"rendered":"https:\/\/www.vempele.fi\/?post_type=product&#038;p=34129"},"modified":"2026-04-14T10:36:53","modified_gmt":"2026-04-14T07:36:53","slug":"stottearm-hael-meyle-tesla-model-3-y","status":"publish","type":"product","link":"https:\/\/www.vempele.fi\/da\/tuote\/tukivarren-hela-meyle-tesla-model-3-y\/","title":{"rendered":"St\u00f8ttearm Hela - MEYLE- Tesla Model 3 \/ Y"},"content":{"rendered":"<ul>\n<li>Producent: MEYLE<\/li>\n<li>Producentens produktnummer: 70-14 710 0001<\/li>\n<li>Egnethed:\n<ul>\n<li>Model Y<\/li>\n<li>Model 3 Pre-Refresh vm. 2019 - 2021<\/li>\n<li>Model 3 Refresh vm. 2021 - 2023<\/li>\n<\/ul>\n<\/li>\n<li>OE-referencenumre leveret af producenten:\n<ul>\n<li>1044427-00-C<\/li>\n<li>1044427-00-B<\/li>\n<li>1044411-00-F<\/li>\n<li>1044416-00-F<\/li>\n<li>1044411-00-G<\/li>\n<li>1044416-00-G<\/li>\n<\/ul>\n<\/li>\n<\/ul>\n<p>&nbsp;<\/p>","protected":false},"excerpt":{"rendered":"<p>Udskiftelig flange til bagakslens skr\u00e5 arm og den tv\u00e6rg\u00e5ende st\u00f8ttearm.<\/p>\n<p>Passer til st\u00f8ttearm: 1044427-00-C, 1044427-00-B<\/p>","protected":false},"featured_media":34130,"comment_status":"open","ping_status":"closed","template":"","meta":[],"product_brand":[739],"product_cat":[151,154,471,472],"product_tag":[576,156,271,121,476,319],"class_list":{"0":"post-34129","1":"product","2":"type-product","3":"status-publish","4":"has-post-thumbnail","6":"product_brand-meyle","7":"product_cat-model-3","8":"product_cat-model-y","9":"product_cat-model-3-varaosat","10":"product_cat-varaosat-model-y","11":"product_tag-hela","12":"product_tag-model-3","13":"product_tag-model-y","14":"product_tag-tesla","15":"product_tag-tukivarsi","16":"product_tag-varaosat","18":"first","19":"instock","20":"taxable","21":"shipping-taxable","22":"purchasable","23":"product-type-simple"},"jetpack_sharing_enabled":true,"_links":{"self":[{"href":"https:\/\/www.vempele.fi\/da\/wp-json\/wp\/v2\/product\/34129","targetHints":{"allow":["GET"]}}],"collection":[{"href":"https:\/\/www.vempele.fi\/da\/wp-json\/wp\/v2\/product"}],"about":[{"href":"https:\/\/www.vempele.fi\/da\/wp-json\/wp\/v2\/types\/product"}],"replies":[{"embeddable":true,"href":"https:\/\/www.vempele.fi\/da\/wp-json\/wp\/v2\/comments?post=34129"}],"wp:featuredmedia":[{"embeddable":true,"href":"https:\/\/www.vempele.fi\/da\/wp-json\/wp\/v2\/media\/34130"}],"wp:attachment":[{"href":"https:\/\/www.vempele.fi\/da\/wp-json\/wp\/v2\/media?parent=34129"}],"wp:term":[{"taxonomy":"product_brand","embeddable":true,"href":"https:\/\/www.vempele.fi\/da\/wp-json\/wp\/v2\/product_brand?post=34129"},{"taxonomy":"product_cat","embeddable":true,"href":"https:\/\/www.vempele.fi\/da\/wp-json\/wp\/v2\/product_cat?post=34129"},{"taxonomy":"product_tag","embeddable":true,"href":"https:\/\/www.vempele.fi\/da\/wp-json\/wp\/v2\/product_tag?post=34129"}],"curies":[{"name":"wp","href":"https:\/\/api.w.org\/{rel}","templated":true}]}}