{"id":35986,"date":"2024-10-03T00:00:00","date_gmt":"2024-10-02T21:00:00","guid":{"rendered":"https:\/\/www.vempele.fi\/fi\/tuote\/linglong-greenmax-winter-ice-i-15-nordic-suv-275-45r20-110t-tesla-model-x-2\/"},"modified":"2026-04-01T13:51:13","modified_gmt":"2026-04-01T10:51:13","slug":"linglong-greenmax-winter-ice-i-15-nordic-suv-275-45r20-110t-tesla-model-x-2","status":"publish","type":"product","link":"https:\/\/www.vempele.fi\/da\/tuote\/linglong-greenmax-winter-ice-i-15-nordic-suv-275-45r20-110t-tesla-model-x-2\/","title":{"rendered":"Linglong GreenMax Winter Ice I-15 Nordic SUV 275\/45R20 110T - Tesla Model X"},"content":{"rendered":"<p>1 Linglong GreenMax Winter Ice I-15 Nordic SUV 275\/45-20 110T<\/p>\n<ul>\n<li>EU-d\u00e6km\u00e6rkning<\/li>\n<li>Type: friktionsring<\/li>\n<li>Tommer: 20<\/li>\n<li>Bredde: 275<\/li>\n<li>Profil: 45<\/li>\n<li>Hastighedskategori: T<\/li>\n<li>Belastningsklasse: 110<\/li>\n<li>Klassificering af d\u00e6k: <\/li>\n<li>Br\u00e6ndstof\u00f8konomi: <\/li>\n<li>V\u00e5d vedligeholdelse: <\/li>\n<li>Klassificering af st\u00f8j p\u00e5 rattet:\u00a0 <\/li>\n<\/ul>\n<p>&nbsp;<\/p>\n<p>D\u00e6kkene leveres direkte fra partnerens lager.<\/p>\n<p><img decoding=\"async\" src=\"\" width=\"300\" \/><\/p>\n<p>D\u00e6kinformation hentet fra en partner.<\/p>","protected":false},"excerpt":{"rendered":"<p>Linglong GreenMax Winter Ice I-15 Nordic SUV - nordisk friktionsd\u00e6k<br \/>\n\u00a0&#13;<br \/>\n\u00a0&#13;<br \/>\n&#13;<br \/>\nFremragende k\u00f8reegenskaber: GreenMax Winter Ice I-15 Nordic giver fremragende k\u00f8reegenskaber under vinterforhold.  Dens retningsbestemte slidbanem\u00f8nster er designet til at give det bedst mulige greb og h\u00e5ndtering p\u00e5 glatte veje.  Langsg\u00e5ende riller i slidbanem\u00f8nsteret hj\u00e6lper med effektivt at fjerne sne og sjap, hvilket \u00f8ger sikkerheden og forbedrer k\u00f8reegenskaberne. Speciel nordisk gummiblanding: Dette friktionsd\u00e6k er udstyret med en ny speciel nordisk gummiblanding, der giver et unikt greb under vinterforhold.  D\u00e6kkets gummiblanding forbliver bl\u00f8d og fleksibel selv under de koldeste og mest barske vejrforhold, s\u00e5 d\u00e6kket kan bevare sit vejgreb og sin ydeevne i koldt vejr. Linglong GreenMax Winter Ice I-15 Nordic er det perfekte valg, n\u00e5r du er p\u00e5 udkig efter p\u00e5lidelige vinterd\u00e6k til nordiske vinterforhold.  De giver fremragende vejgreb og h\u00e5ndtering, hj\u00e6lper med at fjerne sne og sjap effektivt og forbliver fleksible under kolde vejrforhold. V\u00e6lg Linglong GreenMax Winter Ice-15 Nordic, og g\u00f8r din vinterk\u00f8rsel mere sikker og komfortabel.<br \/>\n\u00a0 <\/p>\n<p>D\u00e6kkene leveres direkte fra partnerens lager.<\/p>","protected":false},"featured_media":35985,"comment_status":"open","ping_status":"open","template":"","meta":[],"product_brand":[],"product_cat":[371],"product_tag":[711,704,632,173,121],"class_list":{"0":"post-35986","1":"product","2":"type-product","3":"status-publish","4":"has-post-thumbnail","6":"product_cat-renkaat","7":"product_tag-greenmax-winter-ice-i-15-nordic-suv","8":"product_tag-kitkarengas","9":"product_tag-linglong","10":"product_tag-model-x","11":"product_tag-tesla","13":"first","14":"instock","15":"taxable","16":"shipping-taxable","17":"purchasable","18":"product-type-simple"},"jetpack_sharing_enabled":true,"_links":{"self":[{"href":"https:\/\/www.vempele.fi\/da\/wp-json\/wp\/v2\/product\/35986","targetHints":{"allow":["GET"]}}],"collection":[{"href":"https:\/\/www.vempele.fi\/da\/wp-json\/wp\/v2\/product"}],"about":[{"href":"https:\/\/www.vempele.fi\/da\/wp-json\/wp\/v2\/types\/product"}],"replies":[{"embeddable":true,"href":"https:\/\/www.vempele.fi\/da\/wp-json\/wp\/v2\/comments?post=35986"}],"wp:featuredmedia":[{"embeddable":true,"href":"https:\/\/www.vempele.fi\/da\/wp-json\/wp\/v2\/media\/35985"}],"wp:attachment":[{"href":"https:\/\/www.vempele.fi\/da\/wp-json\/wp\/v2\/media?parent=35986"}],"wp:term":[{"taxonomy":"product_brand","embeddable":true,"href":"https:\/\/www.vempele.fi\/da\/wp-json\/wp\/v2\/product_brand?post=35986"},{"taxonomy":"product_cat","embeddable":true,"href":"https:\/\/www.vempele.fi\/da\/wp-json\/wp\/v2\/product_cat?post=35986"},{"taxonomy":"product_tag","embeddable":true,"href":"https:\/\/www.vempele.fi\/da\/wp-json\/wp\/v2\/product_tag?post=35986"}],"curies":[{"name":"wp","href":"https:\/\/api.w.org\/{rel}","templated":true}]}}