{"id":36100,"date":"2025-04-04T12:30:31","date_gmt":"2025-04-04T09:30:31","guid":{"rendered":"https:\/\/www.vempele.fi\/?post_type=product&#038;p=36100"},"modified":"2026-04-18T08:12:00","modified_gmt":"2026-04-18T05:12:00","slug":"frezzer-rejseskab-35l-12-24v-tesla-model-y","status":"publish","type":"product","link":"https:\/\/www.vempele.fi\/da\/tuote\/frezzer-matkajaakaappi-35l-12-24v-tesla-model-y\/","title":{"rendered":"Frezzer rejsek\u00f8leskab 35L 12\/24V - Tesla Model Y"},"content":{"rendered":"<p>Kompressordrevet 12\/24\/230V 35 liters k\u00f8le-\/fryseskab til Tesla Model Y Sub Trunk. Meget effektiv, k\u00f8ler ned til -20 \u00b0C med meget lavt str\u00f8mforbrug uanset udetemperaturen. Fjernstyret via en brugervenlig mobilapp.<\/p>\n<p>Enheden er designet til at holde maden ved optimal temperatur, selv under meget varme forhold (34 \u00b0C). Perfekt kompatibilitet med Tesla Y-modellens bagagerum (Sub trunk). Trefaset beskyttelse af bilbatteriet forhindrer, at startbatteriet l\u00f8ber t\u00f8r for str\u00f8m. Fors\u00e6nkede h\u00e5ndtag g\u00f8r det nemt at l\u00f8fte k\u00f8leskabet ud af bagagerummet. Et omhyggeligt designet ventilationssystem og separate EVA-puder mod bagagerummets bagv\u00e6g beskytter mod overophedning. Den slagfaste konstruktion og den st\u00f8jsvage drift (45 dB) fuldender pakken.<\/p>\n<p><strong>Funktioner:<\/strong><\/p>\n<ul>\n<li>Kraftfuld DC-inverter-kompressor<\/li>\n<li>Fluorfri isolering med god varmelagring og lavt energiforbrug<\/li>\n<li>Hurtig nedk\u00f8ling til -20 \u00b0C<\/li>\n<li>Et beskyttelsessystem til bilbatterier, der forhindrer batteriet i at blive afladet<\/li>\n<li>Digitalt kontrolpanel til temperaturstyring<\/li>\n<li>Enheden er udstyret med Bluetooth-funktion. Gratis download af brugervenlig mobilapp, som giver dig mulighed for at overv\u00e5ge temperaturen i dit k\u00f8leskab og fjernstyre det med din smartphone.<\/li>\n<li>Led-armatur inde i k\u00f8leskabet<\/li>\n<li>Aftagelig bundh\u00e6tte til vask<\/li>\n<\/ul>\n<p><strong>Tekniske specifikationer:<\/strong><\/p>\n<ul>\n<li>Lydniveau: 45 dB<\/li>\n<li>Effekt: 60 W<\/li>\n<li>K\u00f8lemiddel: R134a<\/li>\n<li>Gennemsnitligt str\u00f8mforbrug under k\u00f8ling (opstart): 4-5 A (12 V)<\/li>\n<li>Gennemsnitligt str\u00f8mforbrug under vedligeholdelse: 2-3 A (12 V)<\/li>\n<li>Nettov\u00e6gt: 15 kg<\/li>\n<li>Garanti: 2 \u00e5r<\/li>\n<li>Pakkens m\u00e5l: 78,8 x 45,8 x 35,9 cm<\/li>\n<li>Produktm\u00e5l: 86,5 x 53,5 x 42,6 cm<\/li>\n<li>Kompatibilitet\n<ul>\n<li>Tesla Model Y 2020 - 2024<\/li>\n<li>Tesla Model Y Juniper 2025 -&gt;.<\/li>\n<\/ul>\n<\/li>\n<\/ul>\n<p><a href=\"https:\/\/www.vempele.fi\/wp-content\/uploads\/2025\/06\/6438014391885_kayttoohje_Frezzer_Tesla_Y_35_l_12_24V_230V_matkajaakaappi_FI_SV_EN.pdf\" target=\"_blank\" rel=\"noopener\">Bruger- og installationsvejledning<\/a><\/p>","protected":false},"excerpt":{"rendered":"<p>Kompressork\u00f8leskab. Perfekt kompatibilitet med Tesla Y-modellens bagagerum (Sub-bagagerum).<\/p>\n<p>&nbsp;<\/p>","protected":false},"featured_media":36101,"comment_status":"open","ping_status":"closed","template":"","meta":[],"product_brand":[753],"product_cat":[154,455,482],"product_tag":[],"class_list":{"0":"post-36100","1":"product","2":"type-product","3":"status-publish","4":"has-post-thumbnail","6":"product_brand-frezzer","7":"product_cat-model-y","8":"product_cat-my-tarvikkeet","9":"product_cat-tarvikkeet-sisapuolelle-model-y","11":"first","12":"instock","13":"taxable","14":"shipping-taxable","15":"purchasable","16":"product-type-simple"},"jetpack_sharing_enabled":true,"_links":{"self":[{"href":"https:\/\/www.vempele.fi\/da\/wp-json\/wp\/v2\/product\/36100","targetHints":{"allow":["GET"]}}],"collection":[{"href":"https:\/\/www.vempele.fi\/da\/wp-json\/wp\/v2\/product"}],"about":[{"href":"https:\/\/www.vempele.fi\/da\/wp-json\/wp\/v2\/types\/product"}],"replies":[{"embeddable":true,"href":"https:\/\/www.vempele.fi\/da\/wp-json\/wp\/v2\/comments?post=36100"}],"wp:featuredmedia":[{"embeddable":true,"href":"https:\/\/www.vempele.fi\/da\/wp-json\/wp\/v2\/media\/36101"}],"wp:attachment":[{"href":"https:\/\/www.vempele.fi\/da\/wp-json\/wp\/v2\/media?parent=36100"}],"wp:term":[{"taxonomy":"product_brand","embeddable":true,"href":"https:\/\/www.vempele.fi\/da\/wp-json\/wp\/v2\/product_brand?post=36100"},{"taxonomy":"product_cat","embeddable":true,"href":"https:\/\/www.vempele.fi\/da\/wp-json\/wp\/v2\/product_cat?post=36100"},{"taxonomy":"product_tag","embeddable":true,"href":"https:\/\/www.vempele.fi\/da\/wp-json\/wp\/v2\/product_tag?post=36100"}],"curies":[{"name":"wp","href":"https:\/\/api.w.org\/{rel}","templated":true}]}}