{"id":36352,"date":"2024-10-03T00:00:00","date_gmt":"2024-10-02T21:00:00","guid":{"rendered":"https:\/\/www.vempele.fi\/tuote\/nankang-ns-20-noble-sport-245-45r19-98y-tesla-model-s\/"},"modified":"2026-04-22T06:51:10","modified_gmt":"2026-04-22T03:51:10","slug":"nankang-ns-20-noble-sport-245-45r19-98y-tesla-model-s","status":"publish","type":"product","link":"https:\/\/www.vempele.fi\/da\/tuote\/nankang-ns-20-noble-sport-245-45r19-98y-tesla-model-s\/","title":{"rendered":"Nankang NS-20 Noble Sport 245\/45R19 98Y - Tesla Model S"},"content":{"rendered":"<p>1 s\u00e6t Nankang NS-20 Noble Sport 245\/45-19 98Y<\/p>\n<ul>\n<li>EU-d\u00e6km\u00e6rkning<\/li>\n<li>Type: sommerd\u00e6k<\/li>\n<li>Tommer: 19<\/li>\n<li>Bredde: 245<\/li>\n<li>Profil: 45<\/li>\n<li>Hastighedskategori: Y<\/li>\n<li>Belastningsklasse: 98<\/li>\n<li>D\u00e6kklassificering: C1<\/li>\n<li>Br\u00e6ndstof\u00f8konomi: D<\/li>\n<li>V\u00e5d vedligeholdelse: A<\/li>\n<li>St\u00f8jklassificering og -intensitet i kabinen: B - 71dB<\/li>\n<\/ul>\n<p>&nbsp;<\/p>\n<p>D\u00e6kkene leveres direkte fra partnerens lager.<\/p>\n<p><img decoding=\"async\" src=\"https:\/\/www.vempele.fi\/wp-content\/uploads\/2025\/04\/Label_469019.svg\" width=\"300\" \/><\/p>\n<p>D\u00e6kinformation hentet fra en partner.<\/p>","protected":false},"excerpt":{"rendered":"<p>Nankang NS-20 Ultra Sport er et sporty d\u00e6k med bred base til store biler, der er optimeret til at give topgreb og k\u00f8reegenskaber p\u00e5 b\u00e5de t\u00f8r og v\u00e5d asfalt.<br \/>\n&#13;<br \/>\n4 brede riller i l\u00e6ngderetningen fjerner effektivt vand, hvilket forbedrer k\u00f8re- og bremsel\u00e6ngden i regnvejr og forhindrer vandfortr\u00e6ngning.<br \/>\nSmalle langsg\u00e5ende riller fjerner vand og spiller ogs\u00e5 en vigtig rolle i forhold til at minimere d\u00e6kslid.<br \/>\nRillem\u00f8nsteret i d\u00e6kkets skulderomr\u00e5de reducerer d\u00e6kst\u00f8j og skulderstivhed, hvilket \u00f8ger k\u00f8rekomforten.<br \/>\nSmalle tv\u00e6rg\u00e5ende riller reducerer effektivt d\u00e6kst\u00f8j.<br \/>\nDen nye silikagummiblanding af h\u00f8j kvalitet sikrer det bedst mulige greb under alle forhold.<br \/>\n&#13;<br \/>\nTaiwan-baserede Nankang er en af Asiens \u00e6ldste og mest traditionsrige d\u00e6kproducenter med en knowhow og teknologi, der er helt i front inden for sit felt.  Nankang har l\u00e6nge v\u00e6ret forpligtet til at s\u00e6tte kvaliteten af sine d\u00e6k i h\u00f8js\u00e6det med det princip, at Nankang-d\u00e6k ikke kun opfylder, men overg\u00e5r alle moderne krav.  Faktisk t\u00e5ler Nankang-d\u00e6k sammenligning med d\u00e6k fra enhver anden producent. <\/p>\n<p> D\u00e6kkene leveres direkte fra partnerens lager.<\/p>","protected":false},"featured_media":36354,"comment_status":"open","ping_status":"open","template":"","meta":[],"product_brand":[],"product_cat":[371],"product_tag":[696,172,707,757,121],"class_list":{"0":"post-36352","1":"product","2":"type-product","3":"status-publish","4":"has-post-thumbnail","6":"product_cat-renkaat","7":"product_tag-kesarengas","8":"product_tag-model-s","9":"product_tag-nankang","10":"product_tag-ns-20-noble-sport","11":"product_tag-tesla","13":"first","14":"instock","15":"taxable","16":"shipping-taxable","17":"purchasable","18":"product-type-simple"},"jetpack_sharing_enabled":true,"_links":{"self":[{"href":"https:\/\/www.vempele.fi\/da\/wp-json\/wp\/v2\/product\/36352","targetHints":{"allow":["GET"]}}],"collection":[{"href":"https:\/\/www.vempele.fi\/da\/wp-json\/wp\/v2\/product"}],"about":[{"href":"https:\/\/www.vempele.fi\/da\/wp-json\/wp\/v2\/types\/product"}],"replies":[{"embeddable":true,"href":"https:\/\/www.vempele.fi\/da\/wp-json\/wp\/v2\/comments?post=36352"}],"wp:featuredmedia":[{"embeddable":true,"href":"https:\/\/www.vempele.fi\/da\/wp-json\/wp\/v2\/media\/36354"}],"wp:attachment":[{"href":"https:\/\/www.vempele.fi\/da\/wp-json\/wp\/v2\/media?parent=36352"}],"wp:term":[{"taxonomy":"product_brand","embeddable":true,"href":"https:\/\/www.vempele.fi\/da\/wp-json\/wp\/v2\/product_brand?post=36352"},{"taxonomy":"product_cat","embeddable":true,"href":"https:\/\/www.vempele.fi\/da\/wp-json\/wp\/v2\/product_cat?post=36352"},{"taxonomy":"product_tag","embeddable":true,"href":"https:\/\/www.vempele.fi\/da\/wp-json\/wp\/v2\/product_tag?post=36352"}],"curies":[{"name":"wp","href":"https:\/\/api.w.org\/{rel}","templated":true}]}}