{"id":36355,"date":"2024-10-03T00:00:00","date_gmt":"2024-10-02T21:00:00","guid":{"rendered":"https:\/\/www.vempele.fi\/tuote\/nankang-sportnex-as-2-tm-ja-tuulilasi-testimenestys-245-35r21-96y-tesla-model-s\/"},"modified":"2026-04-18T16:51:09","modified_gmt":"2026-04-18T13:51:09","slug":"nankang-sportnex-as-2-tm-og-forrude-testresultat-245-35r21-96y-tesla-model-s","status":"publish","type":"product","link":"https:\/\/www.vempele.fi\/da\/tuote\/nankang-sportnex-as-2-tm-ja-tuulilasi-testimenestys-245-35r21-96y-tesla-model-s\/","title":{"rendered":"Nankang Sportnex AS-2+ TM og forrude test test 245\/35R21 96Y - Tesla Model S"},"content":{"rendered":"<p>1 stk Nankang Sportnex AS-2+ TM og forrude test test test 245\/35-21 96Y<\/p>\n<ul>\n<li>EU-d\u00e6km\u00e6rkning<\/li>\n<li>Type: sommerd\u00e6k<\/li>\n<li>Tommer: 21<\/li>\n<li>Bredde: 245<\/li>\n<li>Profil: 35<\/li>\n<li>Hastighedskategori: Y<\/li>\n<li>Belastningsklasse: 96<\/li>\n<li>Klassificering af d\u00e6k: <\/li>\n<li>Br\u00e6ndstof\u00f8konomi: <\/li>\n<li>V\u00e5d vedligeholdelse: <\/li>\n<li>Klassificering og intensitet af kabinest\u00f8j: - dB<\/li>\n<\/ul>\n<p>&nbsp;<\/p>\n<p>D\u00e6kkene leveres direkte fra partnerens lager.<\/p>\n<p><img decoding=\"async\" src=\"\" width=\"300\" \/><\/p>\n<p>D\u00e6kinformation hentet fra en partner.<\/p>","protected":false},"excerpt":{"rendered":"<p>Nankang Sportnex AS-2+ er en rigtig vinder p\u00e5 vandet.  Fantastiske testresultater i b\u00e5de Windshield og Technology World viser, at Nankang er et af de bedste d\u00e6k i verden, men stadig til en overkommelig pris.<br \/>\n\u00a0&#13;<br \/>\nFjerdeplads og fantastiske 8,6 point i Tuulilas' store sommerd\u00e6ktest<br \/>\nNankang Sportnex AS-2+ blev en fremragende nummer fire i en d\u00e6ktest foretaget af Tuulilasi (Tuulilasi 3\/2017).  Nankang klarede sig s\u00e6rligt godt i regnvejr.  Tuulilasi sagde om Nankang.  I regnvejr er k\u00f8reegenskaberne prisv\u00e6rdigt neutrale. \" Nankang klarede sig ogs\u00e5 konsekvent godt p\u00e5 andre omr\u00e5der og scorede mindst otte i alle m\u00e5linger.  Som et resultat af denne konsekvente pr\u00e6station var maskinens score kun et halvt point fra testsejren.<br \/>\n\"Prisbillig Nankang overraskede med forbedret ydeevne\"<br \/>\nNankang var klart det billigste d\u00e6k i testen, hvilket ogs\u00e5 fangede Tuulilasis opm\u00e6rksomhed.  Tuulilasi rapporterede, at Nankang var op til 50 euro billigere end det n\u00e6stbilligste d\u00e6k i testen, og det dyreste d\u00e6k var hele 79% dyrere end Nankang.  P\u00e5 trods af dette blev Nankang en fremragende nummer fire i testen, kun et halvt point fra testsejren.  Den betydeligt lavere pris blev dog ikke taget i betragtning i pointgivningen.<br \/>\n\u00a0&#13;<br \/>\n&#13;<br \/>\nFremragende succes i Tekniikan Maailmans store sommerd\u00e6ktest<br \/>\nNankang Sportnex AS-2+ er en rigtig vinder i Tekniikan Maailmans sommerd\u00e6ktest (8\/2016), som klarede sig rigtig godt blandt de meget dyrere m\u00e6rked\u00e6k.  I det endelige resultat er forskellen mellem Nankang og Michelin kun 0,4 point.  Nankang scorer 8,1 og Michelin 8,5.  Forskellen er ubetydelig.<br \/>\nResultatet er en forn\u00f8jelse for alle bilister, der \u00f8nsker at k\u00f8be sommerd\u00e6k til en lavere pris og f\u00f8le sig sikre p\u00e5, at de f\u00e5r sikre d\u00e6k.  Tekniikan Maailman-testen fokuserer prim\u00e6rt p\u00e5 sommerd\u00e6kkenes sikkerhed.  Nankang roses is\u00e6r for sikkerhedsaspekter som vejgreb p\u00e5 v\u00e5dt underlag og h\u00e5ndtering p\u00e5 t\u00f8rt underlag.<br \/>\nNankangs v\u00e5dbremsning er god<br \/>\nNankangs bremseegenskaber i v\u00e5dt f\u00f8re scorer 9, mens Michelin f.eks. scorer 8. Nankang er ogs\u00e5 bedre end Michelin ved bremsning i t\u00f8rt f\u00f8re.  Nankang og Michelin scorer det samme i k\u00f8reegenskaber i v\u00e5dt og t\u00f8rt f\u00f8re.<br \/>\nFremragende design sikrer et sikkert resultat<br \/>\n&#13;<br \/>\n\u00a0&#13;<br \/>\nAS-2 Sportnex klarede sig ogs\u00e5 godt i tests udf\u00f8rt af det prestigefyldte T\u00dcV SUD.  Testen s\u00e6tter d\u00e6kket op mod tre f\u00f8rende d\u00e6km\u00e6rker og sammenligner bl.a. vejgreb p\u00e5 t\u00f8rt og v\u00e5dt underlag, k\u00f8ref\u00f8lelse, st\u00f8jniveau og rullemodstand.<br \/>\nAS-2 Sportnex blev tildelt T\u00dcV SUD-kvalitetsm\u00e6rket efter en meget vellykket test.<br \/>\nSe testrapporten her. \u00a0 <\/p>\n<p> D\u00e6kkene leveres direkte fra partnerens lager.<\/p>","protected":false},"featured_media":36346,"comment_status":"open","ping_status":"open","template":"","meta":[],"product_brand":[],"product_cat":[371],"product_tag":[696,172,707,756,121],"class_list":{"0":"post-36355","1":"product","2":"type-product","3":"status-publish","4":"has-post-thumbnail","6":"product_cat-renkaat","7":"product_tag-kesarengas","8":"product_tag-model-s","9":"product_tag-nankang","10":"product_tag-sportnex-as-2-tm-ja-tuulilasi-testimenestys","11":"product_tag-tesla","13":"first","14":"instock","15":"taxable","16":"shipping-taxable","17":"purchasable","18":"product-type-simple"},"jetpack_sharing_enabled":true,"_links":{"self":[{"href":"https:\/\/www.vempele.fi\/da\/wp-json\/wp\/v2\/product\/36355","targetHints":{"allow":["GET"]}}],"collection":[{"href":"https:\/\/www.vempele.fi\/da\/wp-json\/wp\/v2\/product"}],"about":[{"href":"https:\/\/www.vempele.fi\/da\/wp-json\/wp\/v2\/types\/product"}],"replies":[{"embeddable":true,"href":"https:\/\/www.vempele.fi\/da\/wp-json\/wp\/v2\/comments?post=36355"}],"wp:featuredmedia":[{"embeddable":true,"href":"https:\/\/www.vempele.fi\/da\/wp-json\/wp\/v2\/media\/36346"}],"wp:attachment":[{"href":"https:\/\/www.vempele.fi\/da\/wp-json\/wp\/v2\/media?parent=36355"}],"wp:term":[{"taxonomy":"product_brand","embeddable":true,"href":"https:\/\/www.vempele.fi\/da\/wp-json\/wp\/v2\/product_brand?post=36355"},{"taxonomy":"product_cat","embeddable":true,"href":"https:\/\/www.vempele.fi\/da\/wp-json\/wp\/v2\/product_cat?post=36355"},{"taxonomy":"product_tag","embeddable":true,"href":"https:\/\/www.vempele.fi\/da\/wp-json\/wp\/v2\/product_tag?post=36355"}],"curies":[{"name":"wp","href":"https:\/\/api.w.org\/{rel}","templated":true}]}}