{"id":36461,"date":"2024-10-03T00:00:00","date_gmt":"2024-10-02T21:00:00","guid":{"rendered":"https:\/\/www.vempele.fi\/fi\/tuote\/goodride-solmax-1-245-35r21-95y-tesla-model-s\/"},"modified":"2026-04-22T16:51:11","modified_gmt":"2026-04-22T13:51:11","slug":"goodride-solmax-1-245-35r21-95y-tesla-model-s","status":"publish","type":"product","link":"https:\/\/www.vempele.fi\/da\/tuote\/goodride-solmax-1-245-35r21-95y-tesla-model-s\/","title":{"rendered":"Goodride SOLMAX 1 245\/35R21 95Y - Tesla Model S"},"content":{"rendered":"<p>1 enhed Goodride SOLMAX 1 245\/35-21 95Y<\/p>\n<ul>\n<li>EU-d\u00e6km\u00e6rkning<\/li>\n<li>Type: sommerd\u00e6k<\/li>\n<li>Tommer: 21<\/li>\n<li>Bredde: 245<\/li>\n<li>Profil: 35<\/li>\n<li>Hastighedskategori: Y<\/li>\n<li>Belastningsklasse: 95<\/li>\n<li>D\u00e6kklassificering: C1<\/li>\n<li>Br\u00e6ndstof\u00f8konomi: C<\/li>\n<li>V\u00e5d vedligeholdelse: A<\/li>\n<li>St\u00f8jniveau og -intensitet i kabinen: B - 72dB<\/li>\n<\/ul>\n<p>&nbsp;<\/p>\n<p>D\u00e6kkene leveres direkte fra partnerens lager.<\/p>\n<p><img decoding=\"async\" src=\"https:\/\/www.vempele.fi\/wp-content\/uploads\/2025\/04\/Label_1362145.svg\" width=\"300\" \/><\/p>\n<p>D\u00e6kinformation hentet fra en partner.<\/p>","protected":false},"excerpt":{"rendered":"<p>\u00a0&#13;<br \/>\nHelt ny Goodride SOLMAX1 - klasse A v\u00e5dgreb og avanceret teknologi<br \/>\nKlasse A v\u00e5dgreb i EU-tests for alle SOLMAX1-st\u00f8rrelser sikrer fremragende bremseevne i v\u00e5dt f\u00f8re.  V\u00e5dgreb er en vigtig sikkerhedsfunktion, is\u00e6r for sommerd\u00e6k - en funktion, som Goodride har investeret meget i at udvikle SOLMAX1-sikkerhed.<br \/>\nGoodride SOLMAX1 er p\u00e5 forkant med den moderne d\u00e6kteknologi.  D\u00e6kket repr\u00e6senterer den nyeste teknologi og det bedste af det bedste i d\u00e6kbranchen.  Det har en r\u00e6kke smarte innovationer, der forbedrer k\u00f8reegenskaber, k\u00f8rekomfort og sikkerhed.  Desuden er br\u00e6ndstof\u00f8konomien endnu bedre.<br \/>\nTekniske og smarte innovationer omfatter:<br \/>\n1. Avancerede volumend\u00e6mpere p\u00e5 d\u00e6kkets overflade giver en mere behagelig k\u00f8reoplevelse. 2.  Intelligent hybrid silan-patent, der optimerer slidbaneblandingen for effektivt at absorbere vejvibrationer og forbedre k\u00f8reoplevelsen yderligere. 3.  Patenteret nanometer-blandingsteknologi og m\u00f8nster med h\u00f8j m\u00e6tning g\u00f8r d\u00e6kket ekstremt slidst\u00e6rkt og \u00f8ger dermed dit kilometertal.<br \/>\nGoodride SOLMAX1 er et fremragende valg, n\u00e5r du vil have mest mulig v\u00e6rdi for pengene i et sommerd\u00e6k.<br \/>\nGoodride er en af verdens st\u00f8rste d\u00e6kproducenter med den nyeste teknologi og de bedste d\u00e6kdesignere i branchen.<br \/>\nV\u00e6lg det helt nye Goodride SOLMAX1 for at f\u00e5 et sikrere og bedre sommerd\u00e6k med klasse A-v\u00e5dgreb. <\/p>\n<p> D\u00e6kkene leveres direkte fra partnerens lager.<\/p>","protected":false},"featured_media":36465,"comment_status":"open","ping_status":"open","template":"","meta":[],"product_brand":[],"product_cat":[371],"product_tag":[727,696,172,758,121],"class_list":{"0":"post-36461","1":"product","2":"type-product","3":"status-publish","4":"has-post-thumbnail","6":"product_cat-renkaat","7":"product_tag-goodride","8":"product_tag-kesarengas","9":"product_tag-model-s","10":"product_tag-solmax-1","11":"product_tag-tesla","13":"first","14":"instock","15":"taxable","16":"shipping-taxable","17":"purchasable","18":"product-type-simple"},"jetpack_sharing_enabled":true,"_links":{"self":[{"href":"https:\/\/www.vempele.fi\/da\/wp-json\/wp\/v2\/product\/36461","targetHints":{"allow":["GET"]}}],"collection":[{"href":"https:\/\/www.vempele.fi\/da\/wp-json\/wp\/v2\/product"}],"about":[{"href":"https:\/\/www.vempele.fi\/da\/wp-json\/wp\/v2\/types\/product"}],"replies":[{"embeddable":true,"href":"https:\/\/www.vempele.fi\/da\/wp-json\/wp\/v2\/comments?post=36461"}],"wp:featuredmedia":[{"embeddable":true,"href":"https:\/\/www.vempele.fi\/da\/wp-json\/wp\/v2\/media\/36465"}],"wp:attachment":[{"href":"https:\/\/www.vempele.fi\/da\/wp-json\/wp\/v2\/media?parent=36461"}],"wp:term":[{"taxonomy":"product_brand","embeddable":true,"href":"https:\/\/www.vempele.fi\/da\/wp-json\/wp\/v2\/product_brand?post=36461"},{"taxonomy":"product_cat","embeddable":true,"href":"https:\/\/www.vempele.fi\/da\/wp-json\/wp\/v2\/product_cat?post=36461"},{"taxonomy":"product_tag","embeddable":true,"href":"https:\/\/www.vempele.fi\/da\/wp-json\/wp\/v2\/product_tag?post=36461"}],"curies":[{"name":"wp","href":"https:\/\/api.w.org\/{rel}","templated":true}]}}