{"id":37717,"date":"2024-10-03T00:00:00","date_gmt":"2024-10-02T21:00:00","guid":{"rendered":"https:\/\/www.vempele.fi\/fi\/tuote\/linglong-sport-master-e-sahkoautoihin-255-45r19-104w-tesla-model-y\/"},"modified":"2026-04-21T23:00:38","modified_gmt":"2026-04-21T20:00:38","slug":"linglong-sport-master-e-til-lastbiler-255-45r19-104w-tesla-model-y","status":"publish","type":"product","link":"https:\/\/www.vempele.fi\/da\/tuote\/linglong-sport-master-e-sahkoautoihin-255-45r19-104w-tesla-model-y\/","title":{"rendered":"Linglong Sport Master e til elbiler - 255\/45R19 104W - Tesla Model Y"},"content":{"rendered":"<p>1 stk Linglong Sport Master e til elbiler - 255\/45-19 104W<\/p>\n<ul>\n<li>EU-d\u00e6km\u00e6rkning<\/li>\n<li>Type: sommerd\u00e6k<\/li>\n<li>Tommer: 19<\/li>\n<li>Bredde: 255<\/li>\n<li>Profil: 45<\/li>\n<li>Hastighedskategori: W<\/li>\n<li>Belastningsklasse: 104<\/li>\n<li>Klassificering af d\u00e6k: <\/li>\n<li>Br\u00e6ndstof\u00f8konomi: <\/li>\n<li>V\u00e5d vedligeholdelse: <\/li>\n<li>Klassificering og intensitet af kabinest\u00f8j: - dB<\/li>\n<\/ul>\n<p>&nbsp;<\/p>\n<p>D\u00e6kkene leveres direkte fra partnerens lager.<\/p>\n<p><img decoding=\"async\" src=\"https:\/\/www.vempele.fi\/wp-content\/uploads\/2025\/06\/Label_2248241.svg\" width=\"300\" \/><\/p>\n<p>D\u00e6kinformation hentet fra en partner.<\/p>","protected":false},"excerpt":{"rendered":"<p>Det helt nye Linglong Sport Master e er specielt designet til elbiler.  Den har markedets bedste energiforbrug i klasse A, den l\u00e6ngste r\u00e6kkevidde i klasse A, den mest st\u00f8jsvage lyd i klasse A og op til 34 % mindre rullemodstand.  Lav rullemodstand er ikke bare et tal - fordelene er bl.a. l\u00e6ngere k\u00f8reafstand p\u00e5 en enkelt opladning, lavere energiomkostninger og bedre milj\u00f8venlighed.<br \/>\nDet innovative design af Sport Master e giver ekstrem st\u00f8jsvaghed og holdbarhed til den kraftfulde ydeevne i elektriske k\u00f8ret\u00f8jer.  Til sammenligning var d\u00e6kket hele 5,13 % mere st\u00f8jsvagt end konkurrenterne.  Sport Master e giver mulighed for en ubesv\u00e6ret og behagelig k\u00f8reoplevelse.  Det demonstrerer ogs\u00e5 perfekt energioptimering til de h\u00f8jere effektkrav end normalt i elbiler. <\/p>\n<p> D\u00e6kkene leveres direkte fra partnerens lager.<\/p>","protected":false},"featured_media":31813,"comment_status":"open","ping_status":"open","template":"","meta":[],"product_brand":[],"product_cat":[371],"product_tag":[696,632,271,763,121],"class_list":{"0":"post-37717","1":"product","2":"type-product","3":"status-publish","4":"has-post-thumbnail","6":"product_cat-renkaat","7":"product_tag-kesarengas","8":"product_tag-linglong","9":"product_tag-model-y","10":"product_tag-sport-master-e-sahkoautoihin","11":"product_tag-tesla","13":"first","14":"instock","15":"taxable","16":"shipping-taxable","17":"purchasable","18":"product-type-simple"},"jetpack_sharing_enabled":true,"_links":{"self":[{"href":"https:\/\/www.vempele.fi\/da\/wp-json\/wp\/v2\/product\/37717","targetHints":{"allow":["GET"]}}],"collection":[{"href":"https:\/\/www.vempele.fi\/da\/wp-json\/wp\/v2\/product"}],"about":[{"href":"https:\/\/www.vempele.fi\/da\/wp-json\/wp\/v2\/types\/product"}],"replies":[{"embeddable":true,"href":"https:\/\/www.vempele.fi\/da\/wp-json\/wp\/v2\/comments?post=37717"}],"wp:featuredmedia":[{"embeddable":true,"href":"https:\/\/www.vempele.fi\/da\/wp-json\/wp\/v2\/media\/31813"}],"wp:attachment":[{"href":"https:\/\/www.vempele.fi\/da\/wp-json\/wp\/v2\/media?parent=37717"}],"wp:term":[{"taxonomy":"product_brand","embeddable":true,"href":"https:\/\/www.vempele.fi\/da\/wp-json\/wp\/v2\/product_brand?post=37717"},{"taxonomy":"product_cat","embeddable":true,"href":"https:\/\/www.vempele.fi\/da\/wp-json\/wp\/v2\/product_cat?post=37717"},{"taxonomy":"product_tag","embeddable":true,"href":"https:\/\/www.vempele.fi\/da\/wp-json\/wp\/v2\/product_tag?post=37717"}],"curies":[{"name":"wp","href":"https:\/\/api.w.org\/{rel}","templated":true}]}}