{"id":38310,"date":"2025-06-18T12:19:56","date_gmt":"2025-06-18T09:19:56","guid":{"rendered":"https:\/\/www.vempele.fi\/?post_type=product&#038;p=38310"},"modified":"2026-03-25T18:00:07","modified_gmt":"2026-03-25T16:00:07","slug":"foraksel-bageste-nedre-stottearmsbosning-polypro-tesla-model-3-y","status":"publish","type":"product","link":"https:\/\/www.vempele.fi\/da\/tuote\/etuakselin-takimmaisen-alatukivarren-hela-polypro-tesla-model-3-y\/","title":{"rendered":"Foraksel bageste nedre styrearm - PolyPro - Tesla Model 3 \/ Y"},"content":{"rendered":"<ul>\n<li>Producent:PolyPro<\/li>\n<li>Producentens produktnummer: PP-2227c<\/li>\n<li>Egnethed:\n<ul>\n<li>Model 3 Pre-Refresh vm. 2019 - 2021<\/li>\n<li>Model 3 Refresh vm. 2021 - 2023<\/li>\n<li>Model Y<\/li>\n<\/ul>\n<\/li>\n<li>OE-produktnumre leveret af producenten:\n<ul>\n<li>1044358-00-A<\/li>\n<\/ul>\n<\/li>\n<li>Fremstillingsland: Ukraine<\/li>\n<\/ul>\n<p>&nbsp;<\/p>","protected":false},"excerpt":{"rendered":"<p>Udskiftelig st\u00f8ttearmsflange lavet af polyuretan. Passer til Tesla Model 3 og Y bageste forreste st\u00f8ttearm.<\/p>\n<p>Kofangere af polyurethan er det bedste valg til bilens undervogn, fordi de har en overlegen holdbarhed, stivhed og ydeevne i forhold til traditionelle gummikofangere. De reducerer b\u00f8jningen i bilens chassis, forbedrer styrepr\u00e6cisionen og giver en mere stabil k\u00f8refornemmelse. Desuden er polyuretan mere modstandsdygtigt over for temperatursvingninger, olier og kemikalier.<\/p>","protected":false},"featured_media":38311,"comment_status":"open","ping_status":"closed","template":"","meta":[],"product_brand":[786],"product_cat":[151,471,472],"product_tag":[576,156,716,717,121,476,319],"class_list":{"0":"post-38310","1":"product","2":"type-product","3":"status-publish","4":"has-post-thumbnail","6":"product_brand-polypro","7":"product_cat-model-3","8":"product_cat-model-3-varaosat","9":"product_cat-varaosat-model-y","10":"product_tag-hela","11":"product_tag-model-3","12":"product_tag-polypro","13":"product_tag-polyuretaani","14":"product_tag-tesla","15":"product_tag-tukivarsi","16":"product_tag-varaosat","18":"first","19":"instock","20":"taxable","21":"shipping-taxable","22":"purchasable","23":"product-type-simple"},"jetpack_sharing_enabled":true,"_links":{"self":[{"href":"https:\/\/www.vempele.fi\/da\/wp-json\/wp\/v2\/product\/38310","targetHints":{"allow":["GET"]}}],"collection":[{"href":"https:\/\/www.vempele.fi\/da\/wp-json\/wp\/v2\/product"}],"about":[{"href":"https:\/\/www.vempele.fi\/da\/wp-json\/wp\/v2\/types\/product"}],"replies":[{"embeddable":true,"href":"https:\/\/www.vempele.fi\/da\/wp-json\/wp\/v2\/comments?post=38310"}],"wp:featuredmedia":[{"embeddable":true,"href":"https:\/\/www.vempele.fi\/da\/wp-json\/wp\/v2\/media\/38311"}],"wp:attachment":[{"href":"https:\/\/www.vempele.fi\/da\/wp-json\/wp\/v2\/media?parent=38310"}],"wp:term":[{"taxonomy":"product_brand","embeddable":true,"href":"https:\/\/www.vempele.fi\/da\/wp-json\/wp\/v2\/product_brand?post=38310"},{"taxonomy":"product_cat","embeddable":true,"href":"https:\/\/www.vempele.fi\/da\/wp-json\/wp\/v2\/product_cat?post=38310"},{"taxonomy":"product_tag","embeddable":true,"href":"https:\/\/www.vempele.fi\/da\/wp-json\/wp\/v2\/product_tag?post=38310"}],"curies":[{"name":"wp","href":"https:\/\/api.w.org\/{rel}","templated":true}]}}