{"id":38351,"date":"2025-06-19T10:52:25","date_gmt":"2025-06-19T07:52:25","guid":{"rendered":"https:\/\/www.vempele.fi\/?post_type=product&#038;p=38351"},"modified":"2026-03-09T16:06:56","modified_gmt":"2026-03-09T14:06:56","slug":"overste-forreste-bageste-stottearmshaengsel-polypro-tesla-model-s","status":"publish","type":"product","link":"https:\/\/www.vempele.fi\/da\/tuote\/ylemman-etummaisen-takatukivarren-hela-polypro-tesla-model-s\/","title":{"rendered":"H\u00e6ngsel til \u00f8vre forreste tagst\u00f8ttearm - PolyPro - Tesla Model S"},"content":{"rendered":"<p>H\u00e6ngsel til \u00f8vre forreste tagst\u00f8ttearm - PolyPro - Tesla Model S<\/p>\n<p>Kofangere af polyurethan er det bedste valg til bilens undervogn, fordi de har en overlegen holdbarhed, stivhed og ydeevne i forhold til traditionelle gummikofangere. De reducerer b\u00f8jningen i bilens chassis, forbedrer styrepr\u00e6cisionen og giver en mere stabil k\u00f8refornemmelse. Desuden er polyuretan mere modstandsdygtigt over for temperatursvingninger, olier og kemikalier.<\/p>\n<ul>\n<li>Producent:PolyPro<\/li>\n<li>Producentens produktnummer: PP-2445<\/li>\n<li>Egnethed:\n<ul>\n<li>Model S 2012 - 2021<\/li>\n<\/ul>\n<\/li>\n<li>OE-produktnumre leveret af producenten:\n<ul>\n<li>1021422-00-B<\/li>\n<li>1027421-00-E<\/li>\n<\/ul>\n<\/li>\n<li>Fremstillingsland: Ukraine<\/li>\n<\/ul>\n<p>&nbsp;<\/p>","protected":false},"excerpt":{"rendered":"<p>Udskiftelig st\u00f8ttearmsflange lavet af polyuretan. Passer til Tesla Model S bagaksels \u00f8vre tv\u00e6rstang og kr\u00e6ngningsstabilisatorens forbindelsesstang.<\/p>\n<p>En polyuretanb\u00f8sning til den forreste \u00f8vre tv\u00e6rg\u00e5ende st\u00f8ttearm kan findes her.<\/p>","protected":false},"featured_media":38349,"comment_status":"open","ping_status":"closed","template":"","meta":[],"product_brand":[786],"product_cat":[152,473],"product_tag":[576,172,716,717,121,476,319],"class_list":{"0":"post-38351","1":"product","2":"type-product","3":"status-publish","4":"has-post-thumbnail","6":"product_brand-polypro","7":"product_cat-model-s","8":"product_cat-varaosat-model-s","9":"product_tag-hela","10":"product_tag-model-s","11":"product_tag-polypro","12":"product_tag-polyuretaani","13":"product_tag-tesla","14":"product_tag-tukivarsi","15":"product_tag-varaosat","17":"first","18":"instock","19":"taxable","20":"shipping-taxable","21":"purchasable","22":"product-type-simple"},"jetpack_sharing_enabled":true,"_links":{"self":[{"href":"https:\/\/www.vempele.fi\/da\/wp-json\/wp\/v2\/product\/38351","targetHints":{"allow":["GET"]}}],"collection":[{"href":"https:\/\/www.vempele.fi\/da\/wp-json\/wp\/v2\/product"}],"about":[{"href":"https:\/\/www.vempele.fi\/da\/wp-json\/wp\/v2\/types\/product"}],"replies":[{"embeddable":true,"href":"https:\/\/www.vempele.fi\/da\/wp-json\/wp\/v2\/comments?post=38351"}],"wp:featuredmedia":[{"embeddable":true,"href":"https:\/\/www.vempele.fi\/da\/wp-json\/wp\/v2\/media\/38349"}],"wp:attachment":[{"href":"https:\/\/www.vempele.fi\/da\/wp-json\/wp\/v2\/media?parent=38351"}],"wp:term":[{"taxonomy":"product_brand","embeddable":true,"href":"https:\/\/www.vempele.fi\/da\/wp-json\/wp\/v2\/product_brand?post=38351"},{"taxonomy":"product_cat","embeddable":true,"href":"https:\/\/www.vempele.fi\/da\/wp-json\/wp\/v2\/product_cat?post=38351"},{"taxonomy":"product_tag","embeddable":true,"href":"https:\/\/www.vempele.fi\/da\/wp-json\/wp\/v2\/product_tag?post=38351"}],"curies":[{"name":"wp","href":"https:\/\/api.w.org\/{rel}","templated":true}]}}