{"id":39127,"date":"2025-07-03T19:21:08","date_gmt":"2025-07-03T16:21:08","guid":{"rendered":"https:\/\/www.vempele.fi\/?post_type=product&#038;p=39127"},"modified":"2026-04-17T10:34:30","modified_gmt":"2026-04-17T07:34:30","slug":"forrudeviskere-bosch-a638s-aerotwin-tesla-model-x","status":"publish","type":"product","link":"https:\/\/www.vempele.fi\/da\/tuote\/tuulilasinpyyhkijat-bosch-a638s-aerotwin-tesla-model-x\/","title":{"rendered":"Forrudeviskere Bosch AeroTwin A638S - Tesla Model X"},"content":{"rendered":"<p>Forrudeviskere Bosch AeroTwin A638S - Tesla Model X<\/p>\n<p>Let at skifte!<\/p>\n<p><b>For mere information:<\/b><\/p>\n<ul>\n<li>Producent: Bosch<\/li>\n<li>Model: A 638S J<\/li>\n<li>Produktnummer: 3 397 007 638<\/li>\n<li>Farve: Sort<\/li>\n<li>Kompatibilitet:\n<ul>\n<li>Model X 2021<\/li>\n<\/ul>\n<\/li>\n<li>Pakkev\u00e6gt: 0,35 kg<\/li>\n<li>Pakkens m\u00e5l: 77 x 6 x 4 cm<\/li>\n<li>Produktionsland: Belgien<\/li>\n<\/ul>\n<p>&nbsp;<\/p>","protected":false},"excerpt":{"rendered":"<p>Bosch AeroTwin A638S forrudeviskere af h\u00f8j kvalitet til Tesla Model X.<\/p>\n<p>N\u00e5r viskerbladet ikke l\u00e6ngere fjerner al fugten fra ruden, er det tid til at udskifte det. Viskeren skal g\u00f8re ruden helt ren p\u00e5 tre str\u00f8g. Vi kan udskifte dine gamle vinduesviskere med begge forrudeviskere til en god pris!<\/p>\n<p>L\u00e6ngder:<br \/>\n650 mm<br \/>\n530 mm<\/p>","protected":false},"featured_media":39128,"comment_status":"open","ping_status":"closed","template":"","meta":[],"product_brand":[737],"product_cat":[153,454,486,128,474],"product_tag":[173,195,121,194],"class_list":{"0":"post-39127","1":"product","2":"type-product","3":"status-publish","4":"has-post-thumbnail","6":"product_brand-bosch","7":"product_cat-model-x","8":"product_cat-mx-tarvikkeet","9":"product_cat-tarvikkeet-ulkopuolelle-model-x","10":"product_cat-tesla-tuotteet","11":"product_cat-varaosat-model-x","12":"product_tag-model-x","13":"product_tag-pyyhkijat","14":"product_tag-tesla","15":"product_tag-tuulilasi","17":"first","18":"instock","19":"taxable","20":"shipping-taxable","21":"purchasable","22":"product-type-simple"},"jetpack_sharing_enabled":true,"_links":{"self":[{"href":"https:\/\/www.vempele.fi\/da\/wp-json\/wp\/v2\/product\/39127","targetHints":{"allow":["GET"]}}],"collection":[{"href":"https:\/\/www.vempele.fi\/da\/wp-json\/wp\/v2\/product"}],"about":[{"href":"https:\/\/www.vempele.fi\/da\/wp-json\/wp\/v2\/types\/product"}],"replies":[{"embeddable":true,"href":"https:\/\/www.vempele.fi\/da\/wp-json\/wp\/v2\/comments?post=39127"}],"wp:featuredmedia":[{"embeddable":true,"href":"https:\/\/www.vempele.fi\/da\/wp-json\/wp\/v2\/media\/39128"}],"wp:attachment":[{"href":"https:\/\/www.vempele.fi\/da\/wp-json\/wp\/v2\/media?parent=39127"}],"wp:term":[{"taxonomy":"product_brand","embeddable":true,"href":"https:\/\/www.vempele.fi\/da\/wp-json\/wp\/v2\/product_brand?post=39127"},{"taxonomy":"product_cat","embeddable":true,"href":"https:\/\/www.vempele.fi\/da\/wp-json\/wp\/v2\/product_cat?post=39127"},{"taxonomy":"product_tag","embeddable":true,"href":"https:\/\/www.vempele.fi\/da\/wp-json\/wp\/v2\/product_tag?post=39127"}],"curies":[{"name":"wp","href":"https:\/\/api.w.org\/{rel}","templated":true}]}}