{"id":39264,"date":"2025-07-06T17:20:29","date_gmt":"2025-07-06T14:20:29","guid":{"rendered":"https:\/\/www.vempele.fi\/?post_type=product&#038;p=39264"},"modified":"2025-07-07T09:34:50","modified_gmt":"2025-07-07T06:34:50","slug":"den-nye-aero-razor-v2-smooth-stealth-19-8-5-tesla-model-3","status":"publish","type":"product","link":"https:\/\/www.vempele.fi\/da\/tuote\/the-new-aero-razor-v2-smooth-stealth-19-8-5-tesla-model-3\/","title":{"rendered":"Den nye Aero Razor V2 Smooth Stealth 19\u00d78.5 Tesla model 3"},"content":{"rendered":"<p>Den nye Aero Razor V2 Flow Formed vinge til Tesla Model 3.<\/p>\n<p>Fremstillet i EU af 70% eller h\u00f8jere genbrugsaluminium. Retningsbestemt ops\u00e6tning, dvs. venstre og h\u00f8jre f\u00e6lg er spejlbilleder.<\/p>\n<ul>\n<li>Bredde: 8,5\u2033<\/li>\n<li>F\u00e6lgens diameter: 19\u2033.<\/li>\n<li>Centerhullets diameter: 64,1 mm<\/li>\n<li>Boltfordeling: 5 x 114,3<\/li>\n<li>ET: 38<\/li>\n<li>F\u00e6lgens v\u00e6gt: 13,1 kg<\/li>\n<li>Belastningskategori angivet af producenten: 750 kg<\/li>\n<li>Farve: Smooth Stealth<\/li>\n<li>Egnethed:<\/li>\n<li>Tesla Model 3 pre-refresh 2019 -2021 (inklusive performance!)<\/li>\n<li>Tesla Model 3 refresh 2021 -2023 (inklusive performance!)<\/li>\n<li>Tesla Model 3 Highland 2024 - (ikke egnet til optr\u00e6den i Highland!) <a href=\"https:\/\/www.vempele.fi\/da\/product-2\/den-nye-aero-razor-v2-smooth-stealth-19x9-5-8-5-tesla-model-3-highland-performance\/\">Du kan finde den for Highland Performance her<\/a>)<\/li>\n<\/ul>","protected":false},"excerpt":{"rendered":"<p>Med sit gode udseende og aerodynamik er New Aero Razor V2 en h\u00f8jkvalitetsf\u00e6lg designet til Tesla. Leveres direkte fra vores partners lager inden for ca. 1 uge.<\/p>\n<p>L\u00e6s mere om f\u00e6lgens design: <a href=\"https:\/\/www.thenewaero.com\/\">Den nye Aero<\/a><\/p>\n<p>Prisen er for \u00e9n f\u00e6lg.<\/p>\n<p><strong>Sensorer til f\u00e6lge? <\/strong><\/p>\n<ul>\n<li><a href=\"https:\/\/www.vempele.fi\/da\/product-2\/daektryksensor-autel-tpms-mx-433mhz\/\" target=\"_blank\" rel=\"noopener\">433 MHz TPMS (-&gt;2020) tryksensorer<\/a><\/li>\n<li><a href=\"https:\/\/www.vempele.fi\/da\/product-2\/daektryksensor-tesla-tpms-ble-cub\/\" target=\"_blank\" rel=\"noopener\">BLE TPMS (2021-&gt;) Bluetooth-sensorer<\/a><\/li>\n<\/ul>","protected":false},"featured_media":39268,"comment_status":"open","ping_status":"closed","template":"","meta":[],"product_brand":[796],"product_cat":[151,128,372],"product_tag":[121,795,321],"class_list":{"0":"post-39264","1":"product","2":"type-product","3":"status-publish","4":"has-post-thumbnail","6":"product_brand-the-new-aero","7":"product_cat-model-3","8":"product_cat-tesla-tuotteet","9":"product_cat-vanteet","10":"product_tag-tesla","11":"product_tag-the-new-aero","12":"product_tag-vanteet","14":"first","15":"instock","16":"taxable","17":"shipping-taxable","18":"purchasable","19":"product-type-simple"},"jetpack_sharing_enabled":true,"_links":{"self":[{"href":"https:\/\/www.vempele.fi\/da\/wp-json\/wp\/v2\/product\/39264","targetHints":{"allow":["GET"]}}],"collection":[{"href":"https:\/\/www.vempele.fi\/da\/wp-json\/wp\/v2\/product"}],"about":[{"href":"https:\/\/www.vempele.fi\/da\/wp-json\/wp\/v2\/types\/product"}],"replies":[{"embeddable":true,"href":"https:\/\/www.vempele.fi\/da\/wp-json\/wp\/v2\/comments?post=39264"}],"wp:featuredmedia":[{"embeddable":true,"href":"https:\/\/www.vempele.fi\/da\/wp-json\/wp\/v2\/media\/39268"}],"wp:attachment":[{"href":"https:\/\/www.vempele.fi\/da\/wp-json\/wp\/v2\/media?parent=39264"}],"wp:term":[{"taxonomy":"product_brand","embeddable":true,"href":"https:\/\/www.vempele.fi\/da\/wp-json\/wp\/v2\/product_brand?post=39264"},{"taxonomy":"product_cat","embeddable":true,"href":"https:\/\/www.vempele.fi\/da\/wp-json\/wp\/v2\/product_cat?post=39264"},{"taxonomy":"product_tag","embeddable":true,"href":"https:\/\/www.vempele.fi\/da\/wp-json\/wp\/v2\/product_tag?post=39264"}],"curies":[{"name":"wp","href":"https:\/\/api.w.org\/{rel}","templated":true}]}}