{"id":43303,"date":"2025-10-07T12:47:43","date_gmt":"2025-10-07T09:47:43","guid":{"rendered":"https:\/\/www.vempele.fi\/?post_type=product&#038;p=43303"},"modified":"2025-12-18T15:56:51","modified_gmt":"2025-12-18T13:56:51","slug":"kuralapat-fleksibel-tesla-model-y-myos-enebaer","status":"publish","type":"product","link":"https:\/\/www.vempele.fi\/da\/tuote\/kuralapat-taipuisa-tesla-model-y-myos-juniper\/","title":{"rendered":"Krumtaparme, fleksible - Tesla Model Y (ogs\u00e5 Juniper)"},"content":{"rendered":"<p>Halsbeskyttere designet til Tesla Model Y. Pakken indeholder 4 stykker (for og bag p\u00e5 begge sider) og det n\u00f8dvendige monteringsudstyr.<\/p>\n<p><strong>Mere information<\/strong><\/p>\n<ul>\n<li>Egnethed:\n<ul>\n<li>Model Y 2020 - 2024<\/li>\n<li>Model Y 2025 -&gt; (Juniper)<\/li>\n<\/ul>\n<\/li>\n<li>Materiale: Fleksibel TPE-plast<\/li>\n<li>Farve: Sort<\/li>\n<li>Inkluderet i pakken:\n<ul>\n<li>4 S\u00e6t med 4 krumtapn\u00f8gler, komplet s\u00e6t<\/li>\n<li>Behov for reparation<\/li>\n<\/ul>\n<\/li>\n<\/ul>","protected":false},"excerpt":{"rendered":"<p>Pakken indeholder 4 stk. Tesla Model Y-formede spj\u00e6ldhuse, for og bag, med hver deres monteringsbeslag.<\/p>\n<p>Eksisterende plastindsatser til det indvendige d\u00e6ksel kan bruges til installationen. Der medf\u00f8lger ekstra plastpakninger, da de originale let g\u00e5r i stykker, n\u00e5r de fjernes. Denne model beh\u00f8ver ikke at blive specialboret i den indvendige foring, kun de eksisterende huller bruges.<\/p>\n<p><strong>Ogs\u00e5 velegnet til Juniper!<\/strong><\/p>","protected":false},"featured_media":43304,"comment_status":"open","ping_status":"closed","template":"","meta":[],"product_brand":[],"product_cat":[154,455,483,128],"product_tag":[83,270,121,203],"class_list":{"0":"post-43303","1":"product","2":"type-product","3":"status-publish","4":"has-post-thumbnail","6":"product_cat-model-y","7":"product_cat-my-tarvikkeet","8":"product_cat-tarvikkeet-ulkopuolelle-model-y","9":"product_cat-tesla-tuotteet","10":"product_tag-autotarvikkeet","11":"product_tag-kuralapat","12":"product_tag-tesla","13":"product_tag-tesla-model-y","15":"first","16":"outofstock","17":"taxable","18":"shipping-taxable","19":"purchasable","20":"product-type-simple"},"jetpack_sharing_enabled":true,"_links":{"self":[{"href":"https:\/\/www.vempele.fi\/da\/wp-json\/wp\/v2\/product\/43303","targetHints":{"allow":["GET"]}}],"collection":[{"href":"https:\/\/www.vempele.fi\/da\/wp-json\/wp\/v2\/product"}],"about":[{"href":"https:\/\/www.vempele.fi\/da\/wp-json\/wp\/v2\/types\/product"}],"replies":[{"embeddable":true,"href":"https:\/\/www.vempele.fi\/da\/wp-json\/wp\/v2\/comments?post=43303"}],"wp:featuredmedia":[{"embeddable":true,"href":"https:\/\/www.vempele.fi\/da\/wp-json\/wp\/v2\/media\/43304"}],"wp:attachment":[{"href":"https:\/\/www.vempele.fi\/da\/wp-json\/wp\/v2\/media?parent=43303"}],"wp:term":[{"taxonomy":"product_brand","embeddable":true,"href":"https:\/\/www.vempele.fi\/da\/wp-json\/wp\/v2\/product_brand?post=43303"},{"taxonomy":"product_cat","embeddable":true,"href":"https:\/\/www.vempele.fi\/da\/wp-json\/wp\/v2\/product_cat?post=43303"},{"taxonomy":"product_tag","embeddable":true,"href":"https:\/\/www.vempele.fi\/da\/wp-json\/wp\/v2\/product_tag?post=43303"}],"curies":[{"name":"wp","href":"https:\/\/api.w.org\/{rel}","templated":true}]}}