{"id":43612,"date":"2025-10-21T15:43:50","date_gmt":"2025-10-21T12:43:50","guid":{"rendered":"https:\/\/www.vempele.fi\/?post_type=product&#038;p=43612"},"modified":"2026-03-12T08:15:51","modified_gmt":"2026-03-12T06:15:51","slug":"anti-roll-damper-rear-right-metzger-tesla-model-3-y-s-x","status":"publish","type":"product","link":"https:\/\/www.vempele.fi\/da\/tuote\/kallistuksen-vaimennin-takimmainen-oikea-metzger-tesla-model-3-y-s-x\/","title":{"rendered":"H\u00e6ldningsd\u00e6mper, bag, h\u00f8jre - Metzger - Tesla Model 3 \/ Y \/ S \/ X"},"content":{"rendered":"<p>H\u00e6ldningsd\u00e6mper, bag, h\u00f8jre - Metzger - Tesla Model 3 \/ Y \/ S \/ X<\/p>\n<ul>\n<li>Producent: Metzger<\/li>\n<li>Egnethed:\n<ul>\n<li>Model 3 Pre-Refresh vm. 2019 - 2021<\/li>\n<li>Model 3 Refresh vm. 2021 - 2023<\/li>\n<li>Model 3 Highland vm. 2024 -<\/li>\n<li>Model Y 2021 - 2023<\/li>\n<li>Model S - 2021<\/li>\n<li>Model X - 2021<\/li>\n<\/ul>\n<\/li>\n<li>Producentens produktnummer: 53073904<\/li>\n<li>Tesla-reservedelsnumre leveret af producenten\n<ul>\n<li>1044496-00-E<\/li>\n<\/ul>\n<\/li>\n<li>Monteringspunkt: bagaksel, h\u00f8jre side<\/li>\n<\/ul>\n<p>&nbsp;<\/p>","protected":false},"excerpt":{"rendered":"<p>H\u00f8jre stabilisator p\u00e5 bagakslen (dog bone)<\/p>","protected":false},"featured_media":43613,"comment_status":"open","ping_status":"closed","template":"","meta":[],"product_brand":[749],"product_cat":[151,152,153,154,471,473,474,472],"product_tag":[635,634,156,271,121,319],"class_list":{"0":"post-43612","1":"product","2":"type-product","3":"status-publish","4":"has-post-thumbnail","6":"product_brand-metzger","7":"product_cat-model-3","8":"product_cat-model-s","9":"product_cat-model-x","10":"product_cat-model-y","11":"product_cat-model-3-varaosat","12":"product_cat-varaosat-model-s","13":"product_cat-varaosat-model-x","14":"product_cat-varaosat-model-y","15":"product_tag-kallistuksenvakaaja","16":"product_tag-koiranluu","17":"product_tag-model-3","18":"product_tag-model-y","19":"product_tag-tesla","20":"product_tag-varaosat","22":"first","23":"instock","24":"taxable","25":"shipping-taxable","26":"purchasable","27":"product-type-simple"},"jetpack_sharing_enabled":true,"_links":{"self":[{"href":"https:\/\/www.vempele.fi\/da\/wp-json\/wp\/v2\/product\/43612","targetHints":{"allow":["GET"]}}],"collection":[{"href":"https:\/\/www.vempele.fi\/da\/wp-json\/wp\/v2\/product"}],"about":[{"href":"https:\/\/www.vempele.fi\/da\/wp-json\/wp\/v2\/types\/product"}],"replies":[{"embeddable":true,"href":"https:\/\/www.vempele.fi\/da\/wp-json\/wp\/v2\/comments?post=43612"}],"wp:featuredmedia":[{"embeddable":true,"href":"https:\/\/www.vempele.fi\/da\/wp-json\/wp\/v2\/media\/43613"}],"wp:attachment":[{"href":"https:\/\/www.vempele.fi\/da\/wp-json\/wp\/v2\/media?parent=43612"}],"wp:term":[{"taxonomy":"product_brand","embeddable":true,"href":"https:\/\/www.vempele.fi\/da\/wp-json\/wp\/v2\/product_brand?post=43612"},{"taxonomy":"product_cat","embeddable":true,"href":"https:\/\/www.vempele.fi\/da\/wp-json\/wp\/v2\/product_cat?post=43612"},{"taxonomy":"product_tag","embeddable":true,"href":"https:\/\/www.vempele.fi\/da\/wp-json\/wp\/v2\/product_tag?post=43612"}],"curies":[{"name":"wp","href":"https:\/\/api.w.org\/{rel}","templated":true}]}}