{"id":46087,"date":"2026-03-10T14:27:11","date_gmt":"2026-03-10T12:27:11","guid":{"rendered":"https:\/\/www.vempele.fi\/?post_type=product&#038;p=46087"},"modified":"2026-04-09T15:23:05","modified_gmt":"2026-04-09T12:23:05","slug":"klippetape-5-cm-eller-10-cm-x-100-cm","status":"publish","type":"product","link":"https:\/\/www.vempele.fi\/da\/tuote\/kiveniskuteippi-5cm-tai-10cm-x-100cm\/","title":{"rendered":"Sm\u00e5stenstape - 5 cm eller 10 cm x 100 cm"},"content":{"rendered":"<p data-start=\"104\" data-end=\"149\"><strong data-start=\"104\" data-end=\"149\">Beskyttelsesfilm til at beskytte lakken p\u00e5 din bil<\/strong><\/p>\n<p data-start=\"151\" data-end=\"319\">Beskyttelsestape bruges oftest p\u00e5 de mest f\u00f8lsomme omr\u00e5der af bilen, som f.eks. kanterne p\u00e5 bagklappen, sk\u00e6rmbuerne, d\u00f8rtrinene, kofangeren og forkanten af motorhjelmen.<\/p>\n<p data-start=\"321\" data-end=\"711\">Rent vand eller s\u00e6bevand kan bruges til at hj\u00e6lpe med installationen. N\u00e5r man bruger s\u00e6bevand, er det vigtigt, at s\u00e6ben har en neutral pH-v\u00e6rdi (pH 7). Det anbefalede blandingsforhold er 3-15 dele s\u00e6be til 100 dele vand (3-15:100). S\u00e6bevand g\u00f8r det lettere for membranen at bev\u00e6ge sig under installationen, men t\u00f8rrer langsommere end vand alene. Til sm\u00e5 og hurtige installationer kan man ogs\u00e5 bruge almindeligt vand.<\/p>\n<p data-start=\"713\" data-end=\"1069\">Ved montering p\u00e5 buede overflader g\u00f8r varmluftbl\u00e6seren det lettere at forme tapen. Efter montering skal tapens kanter opvarmes forsigtigt til en maksimal temperatur p\u00e5 80 \u00b0C for at sikre vedh\u00e6ftning. Brug en spatel p\u00e5 toppen af tapen for at fjerne vand og luftbobler, der er fanget under filmen. T\u00f8r til sidst overfladen, og fjern beskyttelsesfilmen.<\/p>\n<p data-start=\"1071\" data-end=\"1375\">Omhyggelig forberedelse er vigtig for et vellykket resultat. Den overflade, der skal tapes, skal v\u00e6re helt ren. Det anbefales at vaske omr\u00e5det med en silikonefjerner og afslutte reng\u00f8ringen med en st\u00f8vklud. Det er lettere at arbejde med, hvis du sk\u00e6rer et stykke tape i passende st\u00f8rrelse til inden monteringen.<\/p>\n<p data-start=\"1377\" data-end=\"1396\"><strong data-start=\"1377\" data-end=\"1396\">Tekniske specifikationer<\/strong><\/p>\n<ul data-start=\"1397\" data-end=\"1525\">\n<li data-section-id=\"1lj6gyc\" data-start=\"1444\" data-end=\"1481\">L\u00e6ngde: sk\u00e5ret fra en rulle, 1 stykke produkt p\u00e5 1 meter.<\/li>\n<li>Installationsmetode: vand eller s\u00e6bevand<\/li>\n<li>Maksimal opvarmning: 80 \u00b0C<\/li>\n<li>Tykkelse: 120 \u00b5m<\/li>\n<li data-section-id=\"1lj6gyc\" data-start=\"1444\" data-end=\"1481\">Bredde: 5 eller 10 cm<\/li>\n<\/ul>","protected":false},"excerpt":{"rendered":"<p><strong data-start=\"104\" data-end=\"149\">Beskyttelsesfilm til at beskytte lakken p\u00e5 din bil<\/strong><\/p>\n<p>Sk\u00e6res til fra en rulle. 1 stk. produkt er 1 meter.<\/p>","protected":false},"featured_media":46094,"comment_status":"open","ping_status":"closed","template":"","meta":[],"product_brand":[],"product_cat":[151,152,153,154,452,453,454,455,481,484,486,483,128],"product_tag":[],"class_list":{"0":"post-46087","1":"product","2":"type-product","3":"status-publish","4":"has-post-thumbnail","6":"product_cat-model-3","7":"product_cat-model-s","8":"product_cat-model-x","9":"product_cat-model-y","10":"product_cat-m3-tarvikkeet","11":"product_cat-ms-tarvikkeet","12":"product_cat-mx-tarvikkeet","13":"product_cat-my-tarvikkeet","14":"product_cat-tarvikkeet-ulkopuolelle-model-3","15":"product_cat-tarvikkeet-ulkopuolelle-model-s","16":"product_cat-tarvikkeet-ulkopuolelle-model-x","17":"product_cat-tarvikkeet-ulkopuolelle-model-y","18":"product_cat-tesla-tuotteet","20":"first","21":"instock","22":"taxable","23":"shipping-taxable","24":"purchasable","25":"product-type-variable"},"jetpack_sharing_enabled":true,"_links":{"self":[{"href":"https:\/\/www.vempele.fi\/da\/wp-json\/wp\/v2\/product\/46087","targetHints":{"allow":["GET"]}}],"collection":[{"href":"https:\/\/www.vempele.fi\/da\/wp-json\/wp\/v2\/product"}],"about":[{"href":"https:\/\/www.vempele.fi\/da\/wp-json\/wp\/v2\/types\/product"}],"replies":[{"embeddable":true,"href":"https:\/\/www.vempele.fi\/da\/wp-json\/wp\/v2\/comments?post=46087"}],"wp:featuredmedia":[{"embeddable":true,"href":"https:\/\/www.vempele.fi\/da\/wp-json\/wp\/v2\/media\/46094"}],"wp:attachment":[{"href":"https:\/\/www.vempele.fi\/da\/wp-json\/wp\/v2\/media?parent=46087"}],"wp:term":[{"taxonomy":"product_brand","embeddable":true,"href":"https:\/\/www.vempele.fi\/da\/wp-json\/wp\/v2\/product_brand?post=46087"},{"taxonomy":"product_cat","embeddable":true,"href":"https:\/\/www.vempele.fi\/da\/wp-json\/wp\/v2\/product_cat?post=46087"},{"taxonomy":"product_tag","embeddable":true,"href":"https:\/\/www.vempele.fi\/da\/wp-json\/wp\/v2\/product_tag?post=46087"}],"curies":[{"name":"wp","href":"https:\/\/api.w.org\/{rel}","templated":true}]}}