{"id":46755,"date":"2026-04-02T10:43:04","date_gmt":"2026-04-02T07:43:04","guid":{"rendered":"https:\/\/www.vempele.fi\/?post_type=product&#038;p=46755"},"modified":"2026-04-03T15:32:39","modified_gmt":"2026-04-03T12:32:39","slug":"kraengningsstabilisator-bag-hojre-nty-tesla-model-3-y","status":"publish","type":"product","link":"https:\/\/www.vempele.fi\/da\/tuote\/kallistuksen-vaimennin-takimmainen-oikea-nty-tesla-model-3-y\/","title":{"rendered":"H\u00e6ldningsd\u00e6mper, bag, h\u00f8jre - NTY - Tesla Model 3 \/ Y"},"content":{"rendered":"<p>H\u00e6ldningsd\u00e6mper, bag, h\u00f8jre - NTY - Tesla Model 3 \/ Y<\/p>\n<ul>\n<li>Producent: NTY<\/li>\n<li>Egnethed:\n<ul>\n<li>Model 3 Pre-Refresh vm. 2019 - 2021<\/li>\n<li>Model 3 Refresh vm. 2021 - 2023<\/li>\n<li>Model 3 Highland vm. 2024 -<\/li>\n<li>Model Y 2021<\/li>\n<\/ul>\n<\/li>\n<li>Producentens produktnummer: ZLT-CH-074<\/li>\n<li>Tesla-reservedelsnumre leveret af producenten\n<ul>\n<li>1044496-00-E<\/li>\n<li>1044496-00-F<\/li>\n<li>1288496-00-A<\/li>\n<\/ul>\n<\/li>\n<li>Monteringspunkt: bagaksel, h\u00f8jre side<\/li>\n<\/ul>\n<p>&nbsp;<\/p>","protected":false},"excerpt":{"rendered":"<p>H\u00f8jre stabilisator p\u00e5 bagakslen (dog bone)<\/p>","protected":false},"featured_media":46758,"comment_status":"open","ping_status":"closed","template":"","meta":[],"product_brand":[802],"product_cat":[151,154,471,472],"product_tag":[635,634,156,271,121,319],"class_list":{"0":"post-46755","1":"product","2":"type-product","3":"status-publish","4":"has-post-thumbnail","6":"product_brand-nty","7":"product_cat-model-3","8":"product_cat-model-y","9":"product_cat-model-3-varaosat","10":"product_cat-varaosat-model-y","11":"product_tag-kallistuksenvakaaja","12":"product_tag-koiranluu","13":"product_tag-model-3","14":"product_tag-model-y","15":"product_tag-tesla","16":"product_tag-varaosat","18":"first","19":"instock","20":"taxable","21":"shipping-taxable","22":"purchasable","23":"product-type-simple"},"jetpack_sharing_enabled":true,"_links":{"self":[{"href":"https:\/\/www.vempele.fi\/da\/wp-json\/wp\/v2\/product\/46755","targetHints":{"allow":["GET"]}}],"collection":[{"href":"https:\/\/www.vempele.fi\/da\/wp-json\/wp\/v2\/product"}],"about":[{"href":"https:\/\/www.vempele.fi\/da\/wp-json\/wp\/v2\/types\/product"}],"replies":[{"embeddable":true,"href":"https:\/\/www.vempele.fi\/da\/wp-json\/wp\/v2\/comments?post=46755"}],"wp:featuredmedia":[{"embeddable":true,"href":"https:\/\/www.vempele.fi\/da\/wp-json\/wp\/v2\/media\/46758"}],"wp:attachment":[{"href":"https:\/\/www.vempele.fi\/da\/wp-json\/wp\/v2\/media?parent=46755"}],"wp:term":[{"taxonomy":"product_brand","embeddable":true,"href":"https:\/\/www.vempele.fi\/da\/wp-json\/wp\/v2\/product_brand?post=46755"},{"taxonomy":"product_cat","embeddable":true,"href":"https:\/\/www.vempele.fi\/da\/wp-json\/wp\/v2\/product_cat?post=46755"},{"taxonomy":"product_tag","embeddable":true,"href":"https:\/\/www.vempele.fi\/da\/wp-json\/wp\/v2\/product_tag?post=46755"}],"curies":[{"name":"wp","href":"https:\/\/api.w.org\/{rel}","templated":true}]}}