{"id":46763,"date":"2026-04-02T12:42:31","date_gmt":"2026-04-02T09:42:31","guid":{"rendered":"https:\/\/www.vempele.fi\/?post_type=product&#038;p=46763"},"modified":"2026-04-03T15:27:47","modified_gmt":"2026-04-03T12:27:47","slug":"kraengningsstabilisator-bag-hojre-venstre-nty-tesla-model-x","status":"publish","type":"product","link":"https:\/\/www.vempele.fi\/da\/tuote\/kallistuksen-vaimennin-takimmainen-oikea-vasen-nty-tesla-model-x\/","title":{"rendered":"H\u00e6ldningsd\u00e6mper, bag, h\u00f8jre\/venstre - NTY - Tesla Model X"},"content":{"rendered":"<p>H\u00e6ldningsd\u00e6mper, bag, h\u00f8jre\/venstre - NTY - Tesla Model X<\/p>\n<ul>\n<li>Producent: NTY<\/li>\n<li>Egnethed:\n<ul>\n<li>Model X 2015 - 2020<\/li>\n<\/ul>\n<\/li>\n<li>Producentens produktnummer: ZLT-CH-078<\/li>\n<li>Tesla-reservedelsnumre leveret af producenten\n<ul>\n<li>1027491-00-A<\/li>\n<\/ul>\n<\/li>\n<li>Monteringspunkt: bagaksel, h\u00f8jre\/venstre side<\/li>\n<\/ul>\n<p>&nbsp;<\/p>","protected":false},"excerpt":{"rendered":"<p>Bagaksel h\u00f8jre\/venstre kr\u00e6ngningsstabilisator (dog bone)<\/p>","protected":false},"featured_media":46764,"comment_status":"open","ping_status":"closed","template":"","meta":[],"product_brand":[802],"product_cat":[153,474],"product_tag":[635,634,156,271,121,319],"class_list":{"0":"post-46763","1":"product","2":"type-product","3":"status-publish","4":"has-post-thumbnail","6":"product_brand-nty","7":"product_cat-model-x","8":"product_cat-varaosat-model-x","9":"product_tag-kallistuksenvakaaja","10":"product_tag-koiranluu","11":"product_tag-model-3","12":"product_tag-model-y","13":"product_tag-tesla","14":"product_tag-varaosat","16":"first","17":"instock","18":"taxable","19":"shipping-taxable","20":"purchasable","21":"product-type-simple"},"jetpack_sharing_enabled":true,"_links":{"self":[{"href":"https:\/\/www.vempele.fi\/da\/wp-json\/wp\/v2\/product\/46763","targetHints":{"allow":["GET"]}}],"collection":[{"href":"https:\/\/www.vempele.fi\/da\/wp-json\/wp\/v2\/product"}],"about":[{"href":"https:\/\/www.vempele.fi\/da\/wp-json\/wp\/v2\/types\/product"}],"replies":[{"embeddable":true,"href":"https:\/\/www.vempele.fi\/da\/wp-json\/wp\/v2\/comments?post=46763"}],"wp:featuredmedia":[{"embeddable":true,"href":"https:\/\/www.vempele.fi\/da\/wp-json\/wp\/v2\/media\/46764"}],"wp:attachment":[{"href":"https:\/\/www.vempele.fi\/da\/wp-json\/wp\/v2\/media?parent=46763"}],"wp:term":[{"taxonomy":"product_brand","embeddable":true,"href":"https:\/\/www.vempele.fi\/da\/wp-json\/wp\/v2\/product_brand?post=46763"},{"taxonomy":"product_cat","embeddable":true,"href":"https:\/\/www.vempele.fi\/da\/wp-json\/wp\/v2\/product_cat?post=46763"},{"taxonomy":"product_tag","embeddable":true,"href":"https:\/\/www.vempele.fi\/da\/wp-json\/wp\/v2\/product_tag?post=46763"}],"curies":[{"name":"wp","href":"https:\/\/api.w.org\/{rel}","templated":true}]}}