{"id":46937,"date":"2026-04-08T15:49:29","date_gmt":"2026-04-08T12:49:29","guid":{"rendered":"https:\/\/www.vempele.fi\/?post_type=product&#038;p=46937"},"modified":"2026-04-08T16:10:07","modified_gmt":"2026-04-08T13:10:07","slug":"bagaksel-ovre-stottearm-bag-nty-tesla-model-3-y","status":"publish","type":"product","link":"https:\/\/www.vempele.fi\/da\/tuote\/taka-akselin-ylapuolinen-tukivarsi-takimmainen-nty-tesla-model-3-y\/","title":{"rendered":"Bagaksel \u00f8vre st\u00f8ttearm, bag - NTY - Tesla Model 3 \/ Y"},"content":{"rendered":"<p>Bagaksel \u00f8vre st\u00f8ttearm, bag - NTY - Tesla Model 3 \/ Y<\/p>\n<ul>\n<li>Producent: NTY<\/li>\n<li>Egnethed:\n<ul>\n<li>Model 3 Pre-Refresh vm. 2019 - 2021<\/li>\n<li>Model 3 Refresh vm. 2021 - 2023<\/li>\n<li>Model Y 21-24<\/li>\n<\/ul>\n<\/li>\n<li>Producentens produktnummer: ZWT-CH-072<\/li>\n<li>Tesla-reservedelsnumre leveret af producenten\n<ul>\n<li>\u00a01044423-00-G<\/li>\n<\/ul>\n<\/li>\n<li>Monteringspunkt: bagaksel<\/li>\n<\/ul>\n<p>&nbsp;<\/p>","protected":false},"excerpt":{"rendered":"<p>\u00d8vre st\u00f8ttearm over bagakslen, l\u00e6ngst bagud<\/p>","protected":false},"featured_media":46940,"comment_status":"open","ping_status":"closed","template":"","meta":[],"product_brand":[802],"product_cat":[151,154,471,472],"product_tag":[574,575,156,121,476,319],"class_list":{"0":"post-46937","1":"product","2":"type-product","3":"status-publish","4":"has-post-thumbnail","6":"product_brand-nty","7":"product_cat-model-3","8":"product_cat-model-y","9":"product_cat-model-3-varaosat","10":"product_cat-varaosat-model-y","11":"product_tag-alatukivarsi","12":"product_tag-etuakseli","13":"product_tag-model-3","14":"product_tag-tesla","15":"product_tag-tukivarsi","16":"product_tag-varaosat","18":"first","19":"instock","20":"taxable","21":"shipping-taxable","22":"purchasable","23":"product-type-simple"},"jetpack_sharing_enabled":true,"_links":{"self":[{"href":"https:\/\/www.vempele.fi\/da\/wp-json\/wp\/v2\/product\/46937","targetHints":{"allow":["GET"]}}],"collection":[{"href":"https:\/\/www.vempele.fi\/da\/wp-json\/wp\/v2\/product"}],"about":[{"href":"https:\/\/www.vempele.fi\/da\/wp-json\/wp\/v2\/types\/product"}],"replies":[{"embeddable":true,"href":"https:\/\/www.vempele.fi\/da\/wp-json\/wp\/v2\/comments?post=46937"}],"wp:featuredmedia":[{"embeddable":true,"href":"https:\/\/www.vempele.fi\/da\/wp-json\/wp\/v2\/media\/46940"}],"wp:attachment":[{"href":"https:\/\/www.vempele.fi\/da\/wp-json\/wp\/v2\/media?parent=46937"}],"wp:term":[{"taxonomy":"product_brand","embeddable":true,"href":"https:\/\/www.vempele.fi\/da\/wp-json\/wp\/v2\/product_brand?post=46937"},{"taxonomy":"product_cat","embeddable":true,"href":"https:\/\/www.vempele.fi\/da\/wp-json\/wp\/v2\/product_cat?post=46937"},{"taxonomy":"product_tag","embeddable":true,"href":"https:\/\/www.vempele.fi\/da\/wp-json\/wp\/v2\/product_tag?post=46937"}],"curies":[{"name":"wp","href":"https:\/\/api.w.org\/{rel}","templated":true}]}}