{"id":47191,"date":"2026-04-16T20:44:10","date_gmt":"2026-04-16T17:44:10","guid":{"rendered":"https:\/\/www.vempele.fi\/?post_type=product&#038;p=47191"},"modified":"2026-04-16T20:44:12","modified_gmt":"2026-04-16T17:44:12","slug":"istuimen-saatopaneeli-eteen-vasemmalle-nty-model-3","status":"publish","type":"product","link":"https:\/\/www.vempele.fi\/da\/tuote\/istuimen-saatopaneeli-eteen-vasemmalle-nty-model-3\/","title":{"rendered":"Istuimen s\u00e4\u00e4t\u00f6paneeli, eteen vasemmalle &#8211; NTY &#8211; Model 3"},"content":{"rendered":"<p>Istuimen s\u00e4\u00e4t\u00f6paneeli, eteen vasemmalle &#8211; NTY &#8211; Model 3<\/p>\n<ul>\n<li>Valmistajan tuotenumero: EWS-CH-069<\/li>\n<li>OE-numre leveret af producenten:\n<ul>\n<li>1098529-00-F<\/li>\n<\/ul>\n<\/li>\n<li>Egnethed:\n<ul>\n<li>Model 3 2017 -&gt;.<\/li>\n<\/ul>\n<\/li>\n<li>Yderligere information:\n<ul>\n<li>V\u00e6gt: ca. 0,1 kg<\/li>\n<\/ul>\n<\/li>\n<\/ul>","protected":false},"excerpt":{"rendered":"<p>Vasemmalle, eli kuljettajan istuimeen.<\/p>\n<p>Producent: NTY<\/p>","protected":false},"featured_media":47192,"comment_status":"open","ping_status":"closed","template":"","meta":[],"product_brand":[802],"product_cat":[151,471],"product_tag":[871,156,870,873,872,848,319],"class_list":{"0":"post-47191","1":"product","2":"type-product","3":"status-publish","4":"has-post-thumbnail","6":"product_brand-nty","7":"product_cat-model-3","8":"product_cat-model-3-varaosat","9":"product_tag-istuimen","10":"product_tag-model-3","11":"product_tag-painike","12":"product_tag-penkin","13":"product_tag-saato","14":"product_tag-varaosa","15":"product_tag-varaosat","17":"first","18":"instock","19":"taxable","20":"shipping-taxable","21":"purchasable","22":"product-type-simple"},"jetpack_sharing_enabled":true,"_links":{"self":[{"href":"https:\/\/www.vempele.fi\/da\/wp-json\/wp\/v2\/product\/47191","targetHints":{"allow":["GET"]}}],"collection":[{"href":"https:\/\/www.vempele.fi\/da\/wp-json\/wp\/v2\/product"}],"about":[{"href":"https:\/\/www.vempele.fi\/da\/wp-json\/wp\/v2\/types\/product"}],"replies":[{"embeddable":true,"href":"https:\/\/www.vempele.fi\/da\/wp-json\/wp\/v2\/comments?post=47191"}],"wp:featuredmedia":[{"embeddable":true,"href":"https:\/\/www.vempele.fi\/da\/wp-json\/wp\/v2\/media\/47192"}],"wp:attachment":[{"href":"https:\/\/www.vempele.fi\/da\/wp-json\/wp\/v2\/media?parent=47191"}],"wp:term":[{"taxonomy":"product_brand","embeddable":true,"href":"https:\/\/www.vempele.fi\/da\/wp-json\/wp\/v2\/product_brand?post=47191"},{"taxonomy":"product_cat","embeddable":true,"href":"https:\/\/www.vempele.fi\/da\/wp-json\/wp\/v2\/product_cat?post=47191"},{"taxonomy":"product_tag","embeddable":true,"href":"https:\/\/www.vempele.fi\/da\/wp-json\/wp\/v2\/product_tag?post=47191"}],"curies":[{"name":"wp","href":"https:\/\/api.w.org\/{rel}","templated":true}]}}