{"id":6039,"date":"2020-09-29T14:49:46","date_gmt":"2020-09-29T11:49:46","guid":{"rendered":"https:\/\/www.vempele.fi\/?post_type=product&#038;p=6039"},"modified":"2025-12-16T20:38:57","modified_gmt":"2025-12-16T18:38:57","slug":"tesla-model-3-bagagerumsdaemper","status":"publish","type":"product","link":"https:\/\/www.vempele.fi\/da\/tuote\/tesla-model-3-takakontin-vaimennusmatto\/","title":{"rendered":"Lydd\u00e6mper i bagagerumsgulvet - Tesla Model 3"},"content":{"rendered":"<p><strong>Installationsvejledning<\/strong><\/p>\n<p>Let at installere. Reng\u00f8r de omr\u00e5der, der skal tapes, fjern de r\u00f8de beskyttelsesklisterm\u00e6rker, og tryk t\u00e6ppet j\u00e6vnt p\u00e5 alle sider. Den lange kl\u00e6beflade og kanten af m\u00e5tten skal placeres under kanten af bagklapforseglingen. Her skal man v\u00e6re omhyggelig med at sikre, at limen sidder godt fast. Med min egen bil var jeg for hurtig og m\u00e5tte p\u00e5f\u00f8re et ekstra lag dobbeltkl\u00e6bende tape, da t\u00e6ppekanten ikke kl\u00e6bede under t\u00e6tningen i f\u00f8rste fors\u00f8g p\u00e5 trods af limen.<\/p>\n<p><b>Mere information<\/b><\/p>\n<ul>\n<li>Egnethed:\n<ul>\n<li>Model 3 Pre-Refresh vm. 2019 - 2021<\/li>\n<li>Model 3 Refresh vm. 2021 - 2023<\/li>\n<\/ul>\n<\/li>\n<li>Placering i k\u00f8ret\u00f8jet: bagagerummet<\/li>\n<li>Materiale: PVC<\/li>\n<li>Farve: Sort<\/li>\n<li>Inkluderet i pakken:\n<ul>\n<li>1 x d\u00e6mpningsm\u00e5tte til bagagerummet<\/li>\n<li>6 x monteringsskruer og tilbeh\u00f8r<\/li>\n<\/ul>\n<\/li>\n<li>M\u00e5l: bredde i bunden (smallere del p\u00e5 billederne) 96 cm, bredde i toppen 108,5 cm (p\u00e5 det bredeste sted) og dybde 76 cm.<\/li>\n<li>V\u00e6gt med fastg\u00f8relsestilbeh\u00f8r 0,640 kg<\/li>\n<\/ul>","protected":false},"excerpt":{"rendered":"<p>Tesla Model 3 lydd\u00e6mper til bagagerumsgulvet. Produktet leveres med kl\u00e6bestrimler, s\u00e5 m\u00e5tten sidder godt fast. Produktet er designet til at reducere st\u00f8j udefra ved h\u00f8je hastigheder. Du skal ikke forvente mirakler fra lydd\u00e6mperen - i hvert fald if\u00f8lge Tesla Bj\u00f6rns test er der ingen m\u00e5lbar effekt, men den er p\u00e6nere at se p\u00e5 end en bar metaloverflade ...<\/p>\n<p>Beregnet til Tesla Model 3. S\u00f8rg for, at den passer, f\u00f8r du k\u00f8ber den.<\/p>","protected":false},"featured_media":6051,"comment_status":"open","ping_status":"closed","template":"","meta":[],"product_brand":[],"product_cat":[151,452,480,128],"product_tag":[121,120,370],"class_list":{"0":"post-6039","1":"product","2":"type-product","3":"status-publish","4":"has-post-thumbnail","6":"product_cat-model-3","7":"product_cat-m3-tarvikkeet","8":"product_cat-tarvikkeet-sisapuolelle-model-3","9":"product_cat-tesla-tuotteet","10":"product_tag-tesla","11":"product_tag-tesla-model-3","12":"product_tag-vaimennusmatto","13":"product_shipping_class-nouto","15":"first","16":"instock","17":"taxable","18":"shipping-taxable","19":"purchasable","20":"product-type-simple"},"jetpack_sharing_enabled":true,"_links":{"self":[{"href":"https:\/\/www.vempele.fi\/da\/wp-json\/wp\/v2\/product\/6039","targetHints":{"allow":["GET"]}}],"collection":[{"href":"https:\/\/www.vempele.fi\/da\/wp-json\/wp\/v2\/product"}],"about":[{"href":"https:\/\/www.vempele.fi\/da\/wp-json\/wp\/v2\/types\/product"}],"replies":[{"embeddable":true,"href":"https:\/\/www.vempele.fi\/da\/wp-json\/wp\/v2\/comments?post=6039"}],"wp:featuredmedia":[{"embeddable":true,"href":"https:\/\/www.vempele.fi\/da\/wp-json\/wp\/v2\/media\/6051"}],"wp:attachment":[{"href":"https:\/\/www.vempele.fi\/da\/wp-json\/wp\/v2\/media?parent=6039"}],"wp:term":[{"taxonomy":"product_brand","embeddable":true,"href":"https:\/\/www.vempele.fi\/da\/wp-json\/wp\/v2\/product_brand?post=6039"},{"taxonomy":"product_cat","embeddable":true,"href":"https:\/\/www.vempele.fi\/da\/wp-json\/wp\/v2\/product_cat?post=6039"},{"taxonomy":"product_tag","embeddable":true,"href":"https:\/\/www.vempele.fi\/da\/wp-json\/wp\/v2\/product_tag?post=6039"}],"curies":[{"name":"wp","href":"https:\/\/api.w.org\/{rel}","templated":true}]}}