{"id":6081,"date":"2020-10-12T12:29:29","date_gmt":"2020-10-12T09:29:29","guid":{"rendered":"https:\/\/www.vempele.fi\/?post_type=product&#038;p=6081"},"modified":"2026-04-14T12:53:56","modified_gmt":"2026-04-14T09:53:56","slug":"fastgorelsesnitte-med-stift","status":"publish","type":"product","link":"https:\/\/www.vempele.fi\/da\/tuote\/kiinnitysniitti-nastalla\/","title":{"rendered":"Fastg\u00f8relsesnitte med stift"},"content":{"rendered":"<p><strong>Installationsvejledning:<\/strong><\/p>\n<p>Tryk stiften ind i hullet p\u00e5 nitten. Stiften udvider nittens spids og l\u00e5ser den fast p\u00e5 plads. Bem\u00e6rk! Vores nye version af produktet er st\u00f8rre end sin forg\u00e6nger, og det kan v\u00e6re n\u00f8dvendigt at bruge et hj\u00e6lpemiddel, n\u00e5r det skal s\u00e6ttes fast. S\u00f8rg for, at nitten er lige. Hvis den skubbes kraftigt i en vinkel, er den tilb\u00f8jelig til at g\u00e5 i stykker.<\/p>\n<p>For at fjerne skruen fra nitten skal du s\u00e6tte f.eks. en mejsel ind i nittens fordybning og l\u00f8fte skruen.<\/p>\n<p><strong>Information om produktet<\/strong><\/p>\n<p>Farve: sort<br \/>\nMateriale: plast<br \/>\nPassende hulst\u00f8rrelse: 8 mm<br \/>\nSkruehovedets diameter: 14 mm<br \/>\nSkruel\u00e6ngde: 18 mm<br \/>\nNittepositionens diameter: 19 mm<br \/>\nNitte-l\u00e6ngde: 23 mm<br \/>\nSamlet l\u00e6ngde: 24 mm<\/p>","protected":false},"excerpt":{"rendered":"<p>2.0 er st\u00f8rre end sin forg\u00e6nger, s\u00e5 du kan bruge den til at fastg\u00f8re dine krankpinde mere sikkert. Det er stadig nemt at montere og afmontere.<\/p>\n<p>Kompatibilitet med f.eks:<\/p>\n<ul>\n<li>Tesla Model 3 \/ Y \/ X \/ S<\/li>\n<li>VW Transporter, Caravelle &amp; T6 Multivan<\/li>\n<\/ul>","protected":false},"featured_media":10950,"comment_status":"open","ping_status":"closed","template":"","meta":[],"product_brand":[],"product_cat":[151,152,153,154,452,453,454,455,481,484,486,483,128],"product_tag":[343,459,366,270,367,121,120,122],"class_list":{"0":"post-6081","1":"product","2":"type-product","3":"status-publish","4":"has-post-thumbnail","6":"product_cat-model-3","7":"product_cat-model-s","8":"product_cat-model-x","9":"product_cat-model-y","10":"product_cat-m3-tarvikkeet","11":"product_cat-ms-tarvikkeet","12":"product_cat-mx-tarvikkeet","13":"product_cat-my-tarvikkeet","14":"product_cat-tarvikkeet-ulkopuolelle-model-3","15":"product_cat-tarvikkeet-ulkopuolelle-model-s","16":"product_cat-tarvikkeet-ulkopuolelle-model-x","17":"product_cat-tarvikkeet-ulkopuolelle-model-y","18":"product_cat-tesla-tuotteet","19":"product_tag-kiinnitysniitti","20":"product_tag-kiinnitysniitti-nastalla","21":"product_tag-kiinnitysniitti-ruuvilla","22":"product_tag-kuralapat","23":"product_tag-ruuvi","24":"product_tag-tesla","25":"product_tag-tesla-model-3","26":"product_tag-tesla-model-s","28":"first","29":"instock","30":"taxable","31":"shipping-taxable","32":"purchasable","33":"product-type-simple"},"jetpack_sharing_enabled":true,"_links":{"self":[{"href":"https:\/\/www.vempele.fi\/da\/wp-json\/wp\/v2\/product\/6081","targetHints":{"allow":["GET"]}}],"collection":[{"href":"https:\/\/www.vempele.fi\/da\/wp-json\/wp\/v2\/product"}],"about":[{"href":"https:\/\/www.vempele.fi\/da\/wp-json\/wp\/v2\/types\/product"}],"replies":[{"embeddable":true,"href":"https:\/\/www.vempele.fi\/da\/wp-json\/wp\/v2\/comments?post=6081"}],"wp:featuredmedia":[{"embeddable":true,"href":"https:\/\/www.vempele.fi\/da\/wp-json\/wp\/v2\/media\/10950"}],"wp:attachment":[{"href":"https:\/\/www.vempele.fi\/da\/wp-json\/wp\/v2\/media?parent=6081"}],"wp:term":[{"taxonomy":"product_brand","embeddable":true,"href":"https:\/\/www.vempele.fi\/da\/wp-json\/wp\/v2\/product_brand?post=6081"},{"taxonomy":"product_cat","embeddable":true,"href":"https:\/\/www.vempele.fi\/da\/wp-json\/wp\/v2\/product_cat?post=6081"},{"taxonomy":"product_tag","embeddable":true,"href":"https:\/\/www.vempele.fi\/da\/wp-json\/wp\/v2\/product_tag?post=6081"}],"curies":[{"name":"wp","href":"https:\/\/api.w.org\/{rel}","templated":true}]}}