{"id":6208,"date":"2021-01-22T10:43:36","date_gmt":"2021-01-22T08:43:36","guid":{"rendered":"https:\/\/www.vempele.fi\/?post_type=product&#038;p=6208"},"modified":"2026-04-16T09:59:53","modified_gmt":"2026-04-16T06:59:53","slug":"tesla-model-3-opladningsstik-silikone-cover","status":"publish","type":"product","link":"https:\/\/www.vempele.fi\/da\/tuote\/tesla-model-3-latauspistokkeen-silikonisuoja\/","title":{"rendered":"Silikoneovertr\u00e6k til opladningsstikket"},"content":{"rendered":"<p>Silikoneovertr\u00e6k til opladningsstikket<\/p>\n<ul>\n<li>St\u00f8rrelse: 85 x 70 x 10 mm (ca.)<\/li>\n<li>Egnethed:\n<ul>\n<li>Model Y<\/li>\n<li>Model 3<\/li>\n<\/ul>\n<\/li>\n<li>Pakket med 1 silikoned\u00e6ksel til opladningsstik<\/li>\n<\/ul>","protected":false},"excerpt":{"rendered":"<p>Silikoneovertr\u00e6kket p\u00e5 opladningsstikket forhindrer snavs, st\u00f8v, sne, vand og andre u\u00f8nskede genstande i at blive v\u00e6k i opladningsstikket.<br \/>\nBetr\u00e6kket er slidst\u00e6rkt og sidder godt p\u00e5 plads.<\/p>","protected":false},"featured_media":6228,"comment_status":"open","ping_status":"closed","template":"","meta":[],"product_brand":[],"product_cat":[151,154,452,455,481,483,128],"product_tag":[83,121,120],"class_list":{"0":"post-6208","1":"product","2":"type-product","3":"status-publish","4":"has-post-thumbnail","6":"product_cat-model-3","7":"product_cat-model-y","8":"product_cat-m3-tarvikkeet","9":"product_cat-my-tarvikkeet","10":"product_cat-tarvikkeet-ulkopuolelle-model-3","11":"product_cat-tarvikkeet-ulkopuolelle-model-y","12":"product_cat-tesla-tuotteet","13":"product_tag-autotarvikkeet","14":"product_tag-tesla","15":"product_tag-tesla-model-3","17":"first","18":"instock","19":"taxable","20":"shipping-taxable","21":"purchasable","22":"product-type-simple"},"jetpack_sharing_enabled":true,"_links":{"self":[{"href":"https:\/\/www.vempele.fi\/da\/wp-json\/wp\/v2\/product\/6208","targetHints":{"allow":["GET"]}}],"collection":[{"href":"https:\/\/www.vempele.fi\/da\/wp-json\/wp\/v2\/product"}],"about":[{"href":"https:\/\/www.vempele.fi\/da\/wp-json\/wp\/v2\/types\/product"}],"replies":[{"embeddable":true,"href":"https:\/\/www.vempele.fi\/da\/wp-json\/wp\/v2\/comments?post=6208"}],"wp:featuredmedia":[{"embeddable":true,"href":"https:\/\/www.vempele.fi\/da\/wp-json\/wp\/v2\/media\/6228"}],"wp:attachment":[{"href":"https:\/\/www.vempele.fi\/da\/wp-json\/wp\/v2\/media?parent=6208"}],"wp:term":[{"taxonomy":"product_brand","embeddable":true,"href":"https:\/\/www.vempele.fi\/da\/wp-json\/wp\/v2\/product_brand?post=6208"},{"taxonomy":"product_cat","embeddable":true,"href":"https:\/\/www.vempele.fi\/da\/wp-json\/wp\/v2\/product_cat?post=6208"},{"taxonomy":"product_tag","embeddable":true,"href":"https:\/\/www.vempele.fi\/da\/wp-json\/wp\/v2\/product_tag?post=6208"}],"curies":[{"name":"wp","href":"https:\/\/api.w.org\/{rel}","templated":true}]}}