{"id":6229,"date":"2021-02-03T18:26:44","date_gmt":"2021-02-03T16:26:44","guid":{"rendered":"https:\/\/www.vempele.fi\/?post_type=product&#038;p=6229"},"modified":"2026-04-15T22:06:53","modified_gmt":"2026-04-15T19:06:53","slug":"tesla-model-3-obd2-adapter","status":"publish","type":"product","link":"https:\/\/www.vempele.fi\/da\/tuote\/tesla-model-3-obd2-adapteri\/","title":{"rendered":"OBD2-adaptere - Tesla Model 3 \/ Y"},"content":{"rendered":"<ul>\n<li>Kompatibilitet:\n<ul>\n<li>Model Y 2020 - 2024<\/li>\n<li>Model 3 Pre-Refresh vm. 2019 - 2021<\/li>\n<li>Model 3 Refresh vm. 2021 - 2023<\/li>\n<\/ul>\n<\/li>\n<li>Materiale: ABS<\/li>\n<li>Farve: sort<\/li>\n<\/ul>","protected":false},"excerpt":{"rendered":"<p>Denne adapter placeres mellem de bageste stik inde i midterkonsollen. N\u00e5r den er installeret, kan du bruge OBD2 BT-donglen og Scan My Tesla-appen.<\/p>\n<p><strong>Bem\u00e6rk!<\/strong> Se installationsvejledningen omhyggeligt. Bilen skal v\u00e6re slukket, f\u00f8r du \u00e5bner stikkene.<\/p>\n<p><a href=\"https:\/\/www.youtube.com\/watch?v=x7NJIkOirVE\" target=\"_blank\" rel=\"noopener\">Tesla Bj\u00f6rns instruktioner til installation af OBD2-adapteren<\/a><\/p>","protected":false},"featured_media":6230,"comment_status":"open","ping_status":"closed","template":"","meta":[],"product_brand":[],"product_cat":[151,154,452,455,480,482,128],"product_tag":[],"class_list":{"0":"post-6229","1":"product","2":"type-product","3":"status-publish","4":"has-post-thumbnail","6":"product_cat-model-3","7":"product_cat-model-y","8":"product_cat-m3-tarvikkeet","9":"product_cat-my-tarvikkeet","10":"product_cat-tarvikkeet-sisapuolelle-model-3","11":"product_cat-tarvikkeet-sisapuolelle-model-y","12":"product_cat-tesla-tuotteet","14":"first","15":"instock","16":"taxable","17":"shipping-taxable","18":"purchasable","19":"product-type-simple"},"jetpack_sharing_enabled":true,"_links":{"self":[{"href":"https:\/\/www.vempele.fi\/da\/wp-json\/wp\/v2\/product\/6229","targetHints":{"allow":["GET"]}}],"collection":[{"href":"https:\/\/www.vempele.fi\/da\/wp-json\/wp\/v2\/product"}],"about":[{"href":"https:\/\/www.vempele.fi\/da\/wp-json\/wp\/v2\/types\/product"}],"replies":[{"embeddable":true,"href":"https:\/\/www.vempele.fi\/da\/wp-json\/wp\/v2\/comments?post=6229"}],"wp:featuredmedia":[{"embeddable":true,"href":"https:\/\/www.vempele.fi\/da\/wp-json\/wp\/v2\/media\/6230"}],"wp:attachment":[{"href":"https:\/\/www.vempele.fi\/da\/wp-json\/wp\/v2\/media?parent=6229"}],"wp:term":[{"taxonomy":"product_brand","embeddable":true,"href":"https:\/\/www.vempele.fi\/da\/wp-json\/wp\/v2\/product_brand?post=6229"},{"taxonomy":"product_cat","embeddable":true,"href":"https:\/\/www.vempele.fi\/da\/wp-json\/wp\/v2\/product_cat?post=6229"},{"taxonomy":"product_tag","embeddable":true,"href":"https:\/\/www.vempele.fi\/da\/wp-json\/wp\/v2\/product_tag?post=6229"}],"curies":[{"name":"wp","href":"https:\/\/api.w.org\/{rel}","templated":true}]}}