{"id":6359,"date":"2021-03-22T08:06:02","date_gmt":"2021-03-22T06:06:02","guid":{"rendered":"https:\/\/www.vempele.fi\/?post_type=product&#038;p=6359"},"modified":"2026-04-15T22:06:53","modified_gmt":"2026-04-15T19:06:53","slug":"tesla-model-s-obd2-adaptere-2012-2015","status":"publish","type":"product","link":"https:\/\/www.vempele.fi\/da\/tuote\/tesla-model-s-obd2-adapteri-2012-2015\/","title":{"rendered":"Tesla Model S 2012-2015 OBD2-adapter"},"content":{"rendered":"<p>OBD2-konverteringsadapter.<\/p>\n<p>Kompatibilitet: Tesla Model S, fremstillet mellem 1\/2012 og 8\/2015<\/p>\n<p><a href=\"https:\/\/youtu.be\/WyYslH6v7nI\">Instruktioner til installation af adapteren<\/a><\/p>","protected":false},"excerpt":{"rendered":"<p>Denne adapter passer til Tesla Model S-modeller, der er fremstillet mellem 1\/2012 og 8\/2015.<\/p>\n<p>Adapteren s\u00e6ttes p\u00e5 diagnosekablet inde i rummet under midterkonsollen. N\u00e5r den er installeret, kan du aktivere OBD2 BT-donglen og bruge Scanmytesla-applikationen.<\/p>\n<p><a href=\"https:\/\/youtu.be\/WyYslH6v7nI\">Instruktioner til installation af adapteren<\/a><\/p>","protected":false},"featured_media":6360,"comment_status":"open","ping_status":"closed","template":"","meta":[],"product_brand":[],"product_cat":[152,453,485,128],"product_tag":[],"class_list":{"0":"post-6359","1":"product","2":"type-product","3":"status-publish","4":"has-post-thumbnail","6":"product_cat-model-s","7":"product_cat-ms-tarvikkeet","8":"product_cat-tarvikkeet-sisapuolelle-model-s","9":"product_cat-tesla-tuotteet","11":"first","12":"instock","13":"taxable","14":"shipping-taxable","15":"purchasable","16":"product-type-simple"},"jetpack_sharing_enabled":true,"_links":{"self":[{"href":"https:\/\/www.vempele.fi\/da\/wp-json\/wp\/v2\/product\/6359","targetHints":{"allow":["GET"]}}],"collection":[{"href":"https:\/\/www.vempele.fi\/da\/wp-json\/wp\/v2\/product"}],"about":[{"href":"https:\/\/www.vempele.fi\/da\/wp-json\/wp\/v2\/types\/product"}],"replies":[{"embeddable":true,"href":"https:\/\/www.vempele.fi\/da\/wp-json\/wp\/v2\/comments?post=6359"}],"wp:featuredmedia":[{"embeddable":true,"href":"https:\/\/www.vempele.fi\/da\/wp-json\/wp\/v2\/media\/6360"}],"wp:attachment":[{"href":"https:\/\/www.vempele.fi\/da\/wp-json\/wp\/v2\/media?parent=6359"}],"wp:term":[{"taxonomy":"product_brand","embeddable":true,"href":"https:\/\/www.vempele.fi\/da\/wp-json\/wp\/v2\/product_brand?post=6359"},{"taxonomy":"product_cat","embeddable":true,"href":"https:\/\/www.vempele.fi\/da\/wp-json\/wp\/v2\/product_cat?post=6359"},{"taxonomy":"product_tag","embeddable":true,"href":"https:\/\/www.vempele.fi\/da\/wp-json\/wp\/v2\/product_tag?post=6359"}],"curies":[{"name":"wp","href":"https:\/\/api.w.org\/{rel}","templated":true}]}}