{"id":6483,"date":"2021-04-13T10:30:51","date_gmt":"2021-04-13T07:30:51","guid":{"rendered":"https:\/\/www.vempele.fi\/?post_type=product&#038;p=6483"},"modified":"2026-04-15T22:06:52","modified_gmt":"2026-04-15T19:06:52","slug":"tesla-model-3-bagagerumskroge-til-indkobsposer","status":"publish","type":"product","link":"https:\/\/www.vempele.fi\/da\/tuote\/tesla-model-3-takakontin-kauppakassikoukut\/","title":{"rendered":"Kroge til tasker i bagagerummet - Tesla Model 3"},"content":{"rendered":"<ul>\n<li>Egnethed:\n<ul>\n<li>Model 3 Pre-Refresh vm. 2019 - 2021<\/li>\n<li>Model 3 Refresh vm. 2021 - 2023<\/li>\n<li>Model 3 Highland vm 2023 -&gt;.<\/li>\n<\/ul>\n<\/li>\n<li>Montering: skrues p\u00e5 bolten i toppen af bagagerummet<\/li>\n<li>Materiale: plast<\/li>\n<li>Farve: sort<\/li>\n<li>St\u00f8rrelse: ca. 70 x 70 x 45 mm<\/li>\n<li>Pakkens indhold: 1 x krog<\/li>\n<\/ul>","protected":false},"excerpt":{"rendered":"<p>Med disse praktiske b\u00f8jler kan du h\u00e6nge dine indk\u00f8bsposer og andre poser p\u00e5 plads i din Teslas bagagerum. Disse kroge er gode til at h\u00e6nge indk\u00f8b op, selv p\u00e5 en tur i sommerhuset, s\u00e5 flaskerne ikke l\u00f8sner sig i b\u00f8jningerne fra poserne, der falder frit.<\/p>\n<p>En ny Tesla-ejer b\u00f8r f\u00e5 fat i et par af disse til containeren. Vi har ofte h\u00f8rt fra kunder: \"Hvorfor er de ikke allerede standard?\" &amp; \"de er praktiske og billige!\"<\/p>\n<p><strong>BEM\u00c6RK!\u00a0<\/strong>Tjek, om den passer til dit k\u00f8ret\u00f8j, f\u00f8r du k\u00f8ber.<\/p>","protected":false},"featured_media":6484,"comment_status":"open","ping_status":"closed","template":"","meta":[],"product_brand":[],"product_cat":[151,452,480,128],"product_tag":[83,544,545,546,156,121],"class_list":{"0":"post-6483","1":"product","2":"type-product","3":"status-publish","4":"has-post-thumbnail","6":"product_cat-model-3","7":"product_cat-m3-tarvikkeet","8":"product_cat-tarvikkeet-sisapuolelle-model-3","9":"product_cat-tesla-tuotteet","10":"product_tag-autotarvikkeet","11":"product_tag-kassikoukku","12":"product_tag-kauppakassi","13":"product_tag-koukut","14":"product_tag-model-3","15":"product_tag-tesla","17":"first","18":"instock","19":"taxable","20":"shipping-taxable","21":"purchasable","22":"product-type-simple"},"jetpack_sharing_enabled":true,"_links":{"self":[{"href":"https:\/\/www.vempele.fi\/da\/wp-json\/wp\/v2\/product\/6483","targetHints":{"allow":["GET"]}}],"collection":[{"href":"https:\/\/www.vempele.fi\/da\/wp-json\/wp\/v2\/product"}],"about":[{"href":"https:\/\/www.vempele.fi\/da\/wp-json\/wp\/v2\/types\/product"}],"replies":[{"embeddable":true,"href":"https:\/\/www.vempele.fi\/da\/wp-json\/wp\/v2\/comments?post=6483"}],"wp:featuredmedia":[{"embeddable":true,"href":"https:\/\/www.vempele.fi\/da\/wp-json\/wp\/v2\/media\/6484"}],"wp:attachment":[{"href":"https:\/\/www.vempele.fi\/da\/wp-json\/wp\/v2\/media?parent=6483"}],"wp:term":[{"taxonomy":"product_brand","embeddable":true,"href":"https:\/\/www.vempele.fi\/da\/wp-json\/wp\/v2\/product_brand?post=6483"},{"taxonomy":"product_cat","embeddable":true,"href":"https:\/\/www.vempele.fi\/da\/wp-json\/wp\/v2\/product_cat?post=6483"},{"taxonomy":"product_tag","embeddable":true,"href":"https:\/\/www.vempele.fi\/da\/wp-json\/wp\/v2\/product_tag?post=6483"}],"curies":[{"name":"wp","href":"https:\/\/api.w.org\/{rel}","templated":true}]}}